{"id":1803,"date":"2024-12-07T11:15:24","date_gmt":"2024-12-07T02:15:24","guid":{"rendered":"https:\/\/www.bronchologyfoundation.org\/?page_id=1803"},"modified":"2026-02-25T10:08:43","modified_gmt":"2026-02-25T01:08:43","slug":"board-of-regents","status":"publish","type":"page","link":"https:\/\/www.wabip.com\/zh\/about\/board-of-regents\/","title":{"rendered":"Board of Regents"},"content":{"rendered":"<style>\n.borcontainer {text-align:center; width:100%;}\n.borblock {  display:inline-block; margin-left: 0 auto; margin-right: 0 auto; width:440px; margin-bottom:10px; vertical-align:top; text-align:center; }\n.borblock img {display:inline-block; width:180px; max-height:215px; min-height:212px;  float:left; }\n.bortext { display:inline-block; text-align:left; width:218px;  padding-top:8px; float:right; vertical-align:top; }<\/p>\n<p>@media only screen and (max-width: 520px)  { \n.borblock {max-width:340px; }\n.bortext { margin-left: 0 auto; margin-right: 0 auto; float:none; text-align:center; } \n.borblock img {float:none; }\n       }\n<\/style>\n<div class=\"h5-bar\">Board of Regents<\/div>\n<p>A round table group of bronchology and IP experts and leaders from around the world, the Board of Regents (&#8220;BOR&#8221;) is the principal governing body of the WABIP. Members on the BOR vote on Vice-chair candidates in biennial elections, Bylaws amendments, WCBIP host candidates and other matters central to governing the WABIP. <\/p>\n<p>The BOR is comprised of all members on the Executive Board and a minimum of one representative from every <a href=\"member-societies\">Member Society<\/a>. Such representatives include (listed alphabetically by last name): <\/p>\n<p><\/p>\n<div class =\"borcontainer\">\n<!-- ********************************** --><\/p>\n<div class=\"borblock\">\n<img decoding=\"async\" src=\"\/wp-content\/uploads\/bor-photos\/bor_emad-korraa.jpg\" class=\"wrap-left\" \/><\/p>\n<div class=\"bortext\"><strong>Abdelwahab Korraa, Emadeldin MD<\/strong><br \/>Egyptian Scientific Society of Bronchology<br \/>Egypt\n<\/div>\n<\/div>\n<p><!-- ********************************** --><\/p>\n<div class=\"borblock\">\n<img decoding=\"async\" src=\"\/wp-content\/uploads\/bor-photos\/adid-gamal.jpg\" class=\"wrap-left\" \/><\/p>\n<div class=\"bortext\"><strong>Aluan Aria, Adid Gamal, MD<\/strong><br \/>Paraguay Association Bronchoscopy &#038; Interventional Pulmonology Group<br \/>Paraguay\n<\/div>\n<\/div>\n<p><!-- ********************************** --><\/p>\n<div class=\"borblock\">\n<img decoding=\"async\" src=\"\/wp-content\/uploads\/bor-photos\/k-bentata.jpg\" class=\"wrap-left\" \/><\/p>\n<div class=\"bortext\"><strong>Bentata, Kada, MD<\/strong><br \/>Algerian Association of Bronchology and Interventional Pulmonology<br \/>Algeria\n<\/div>\n<\/div>\n<p><!-- ********************************** --><\/p>\n<div class=\"borblock\">\n<img decoding=\"async\" src=\"\/wp-content\/uploads\/bor-photos\/bor_a-buero.jpg\" class=\"wrap-left\" \/><\/p>\n<div class=\"bortext\"><strong>Buero, Agustin, MD<\/strong><br \/>Grupo Argentino Broncoscopia Intervencionista<br \/>Argentina\n<\/div>\n<\/div>\n<p><!-- ********************************** --><\/p>\n<div class=\"borblock\">\n<img decoding=\"async\" src=\"\/wp-content\/uploads\/bor-photos\/chavez-c.jpg\" class=\"wrap-left\" \/><\/p>\n<div class=\"bortext\"><strong>Chavez, Christine, MD<\/strong><br \/>Philippine Society for Bronchology and Interventional Pulmonology<br \/>Philippines\n<\/div>\n<\/div>\n<p><!-- ********************************** --><\/p>\n<div class=\"borblock\">\n<img decoding=\"async\" src=\"\/wp-content\/uploads\/bor-photos\/bor_rakesh.jpg\" class=\"wrap-left\" \/><\/p>\n<div class=\"bortext\"><strong>Chawla, Rakesh, MD<\/strong><br \/>Indian Association for Bronchology<br \/>IAB\n<\/div>\n<\/div>\n<p><!-- ********************************** --><\/p>\n<div class=\"borblock\">\n<img decoding=\"async\" src=\"\/wp-content\/uploads\/bor-photos\/corbetta.jpg\" class=\"wrap-left\" \/><\/p>\n<div class=\"bortext\"><strong>Corbetta, Lorenzo, MD<\/strong><br \/>Societ\u00e0 Italiana di Endoscopia Toracica<br \/>Italy\n<\/div>\n<\/div>\n<p><!-- ********************************** --><\/p>\n<div class=\"borblock\">\n<img decoding=\"async\" src=\"\/wp-content\/uploads\/bor-photos\/leventdalar.jpg\" class=\"wrap-left\" \/><\/p>\n<div class=\"bortext\"><strong>Dalar, Levent, MD<\/strong><br \/>Turkish Respiratory Society<br \/>Turkey\n<\/div>\n<\/div>\n<p><!-- ********************************** --><\/p>\n<div class=\"borblock\">\n<img decoding=\"async\" src=\"\/wp-content\/uploads\/bor-photos\/bor_k-darwiche.jpg\" class=\"wrap-left\" \/><\/p>\n<div class=\"bortext\"><strong>Darwiche, Kaid, MD<\/strong><br \/>Deutsche Gesellschaft fuer Pneumologie, Lungenklinik Hemer<br \/>Germany\n<\/div>\n<\/div>\n<p><!-- ********************************** --><\/p>\n<div class=\"borblock\">\n<img decoding=\"async\" src=\"\/wp-content\/uploads\/bor-photos\/bor_dr-deska.jpg\" class=\"wrap-left\" \/><\/p>\n<div class=\"bortext\"><strong> Dimitrievska, Deska, MD<\/strong><br \/>Macedonian Respiratory Society<br \/>North Macedonia\n<\/div>\n<\/div>\n<p><!-- ********************************** --><\/p>\n<div class=\"borblock\">\n<img decoding=\"async\" src=\"\/wp-content\/uploads\/bor-photos\/deniz.jpg\" class=\"wrap-left\" \/><\/p>\n<div class=\"bortext\"><strong> Do\u011fan, Deniz, MD<\/strong><br \/>Turkish Thoracic Society<br \/>Turkey\n<\/div>\n<\/div>\n<p><!-- ********************************** --><\/p>\n<div class=\"borblock\">\n<img decoding=\"async\" src=\"\/wp-content\/uploads\/bor-photos\/elhag-o.jpg\" class=\"wrap-left\" \/><\/p>\n<div class=\"bortext\"><strong>Elhag, Omer, MD<\/strong><br \/>Sudanese Chest Physicians Society<br \/>Sudan\n<\/div>\n<\/div>\n<p><!-- ********************************** --><\/p>\n<div class=\"borblock\">\n<img decoding=\"async\" src=\"\/wp-content\/uploads\/bor-photos\/bor_p-emmanouil.jpg\" class=\"wrap-left\" \/><\/p>\n<div class=\"bortext\"><strong>Emmanouil, Philip, MD<\/strong><br \/>Hellenic Thoracic Society<br \/>Greece\n<\/div>\n<\/div>\n<p><!-- ********************************** --><\/p>\n<div class=\"borblock\">\n<img decoding=\"async\" src=\"\/wp-content\/uploads\/bor-photos\/bor_s-kops.jpg\" class=\"wrap-left\" \/><\/p>\n<div class=\"bortext\"><strong>E.P. Kops, Stephan, MD<\/strong><br \/>Nederlandse Vereniging van Artsen voor Longziekten en Tuberculose<br \/>The Netherlands\n<\/div>\n<\/div>\n<p><!-- ********************************** --><\/p>\n<div class=\"borblock\">\n<img decoding=\"async\" src=\"\/wp-content\/uploads\/bor-photos\/bor_marc-fortin.jpg\" class=\"wrap-left\" \/><\/p>\n<div class=\"bortext\"><strong>Fortin, Marc, MD<\/strong><br \/>Canadian Thoracic Society<br \/>Canada\n<\/div>\n<\/div>\n<p><!-- ********************************** --><\/p>\n<div class=\"borblock\">\n<img decoding=\"async\" src=\"\/wp-content\/uploads\/bor-photos\/pedrogarcillamantilla.jpg\" class=\"wrap-left\" \/><\/p>\n<div class=\"bortext\"><strong>Garcia-Mantilla, Pedro, MD<\/strong><br \/>Asociaci\u00f3n Peruana de Broncologia y Neumologia Intervencionista<br \/>Peru\n<\/div>\n<\/div>\n<p><!-- ********************************** --><\/p>\n<div class=\"borblock\">\n<img decoding=\"async\" src=\"\/wp-content\/uploads\/bor-photos\/bor_hsia-d.jpg\" class=\"wrap-left\" \/><\/p>\n<div class=\"bortext\"><strong>Hsia, David MD<\/strong><br \/>American Association of Bronchology and Interventional Pulmonology<br \/>USA\n<\/div>\n<\/div>\n<p><!-- ********************************** --><\/p>\n<div class=\"borblock\">\n<img decoding=\"async\" src=\"\/wp-content\/uploads\/bor-photos\/anne-hsu.jpg\" class=\"wrap-left\" \/><\/p>\n<div class=\"bortext\"><strong>Hsu, Anne, MD<\/strong><br \/>Singapore Thoracic Society<br \/>Singapore\n<\/div>\n<\/div>\n<p><!-- ********************************** --><\/p>\n<div class=\"borblock\">\n<img decoding=\"async\" src=\"\/wp-content\/uploads\/bor-photos\/iyoda-a.jpg\" class=\"wrap-left\" \/><\/p>\n<div class=\"bortext\"><strong> Iyoda, Akira, MD<\/strong><br \/>Japan Society for Respiratory Endoscopy<br \/>Japan\n<\/div>\n<\/div>\n<p><!-- ********************************** --><\/p>\n<div class=\"borblock\">\n<img decoding=\"async\" src=\"\/wp-content\/uploads\/bor-photos\/bor_mkennedy.jpg\" class=\"wrap-left\" \/><\/p>\n<div class=\"bortext\"><strong>Kennedy, Marcus, MD<\/strong><br \/>Irish Thoracic Society<br \/>Ireland\n<\/div>\n<\/div>\n<p><!-- ********************************** --><\/p>\n<div class=\"borblock\">\n<img decoding=\"async\" src=\"\/wp-content\/uploads\/bor-photos\/bor_fatima.jpg\" class=\"wrap-left\" \/><\/p>\n<div class=\"bortext\"><strong>Khouchilia, Fatima Zahra, MD<\/strong><br \/>Moroccan Association of Interventional Pulmonology (AMPI)<br \/>Morocco\n<\/div>\n<\/div>\n<p><!-- ********************************** --><\/p>\n<div class=\"borblock\">\n<img decoding=\"async\" src=\"\/wp-content\/uploads\/bor-photos\/marcos-las-heras.jpg\" class=\"wrap-left\" \/><\/p>\n<div class=\"bortext\"><strong>Las Heras, Marcos, MD<\/strong><br \/>Asociaci\u00f3n Argentina de Broncoesofagolog\u00eda<br \/>Argentina\n<\/div>\n<\/div>\n<p><!-- ********************************** --><\/p>\n<div class=\"borblock\">\n<img decoding=\"async\" src=\"\/wp-content\/uploads\/bor-photos\/davidlazo.jpg\" class=\"wrap-left\" \/><\/p>\n<div class=\"bortext\"><strong>Lazo, David, MD<\/strong><br \/>Chile Bronchology<br \/>Chile\n<\/div>\n<\/div>\n<p><!-- ********************************** --><\/p>\n<div class=\"borblock\">\n<img decoding=\"async\" src=\"\/wp-content\/uploads\/bor-photos\/sanghaaklee.jpg\" class=\"wrap-left\" \/><\/p>\n<div class=\"bortext\"><strong>Lee, Sang Haak, MD<\/strong><br \/>South Korea Bronchology Group<br \/>South Korea\n<\/div>\n<\/div>\n<p><!-- ********************************** --><\/p>\n<div class=\"borblock\">\n<img decoding=\"async\" src=\"\/wp-content\/uploads\/bor-photos\/bor_mao-nina.jpg\" class=\"wrap-left\" \/><\/p>\n<div class=\"bortext\"><strong>Maouelainin, Nina, MD<\/strong><br \/>Women in interventional Pulmonology<br \/>USA\n<\/div>\n<\/div>\n<p><!-- ********************************** --><\/p>\n<div class=\"borblock\">\n<img decoding=\"async\" src=\"\/wp-content\/uploads\/bor-photos\/bor_fmillar.jpg\" class=\"wrap-left\" \/><\/p>\n<div class=\"bortext\"><strong>Millar, Fraser, MD<\/strong><br \/>Scotland Bronchology Group<br \/>Scotland\n<\/div>\n<\/div>\n<p><!-- ********************************** --><\/p>\n<div class=\"borblock\">\n<img decoding=\"async\" src=\"\/wp-content\/uploads\/bor-photos\/bor_smurgu.jpg\" class=\"wrap-left\" \/><\/p>\n<div class=\"bortext\"><strong>Murgu, Septimiu, MD<\/strong><br \/>American Association for Bronchology and Interventional Pulmonology<br \/>USA\n<\/div>\n<\/div>\n<p><!-- ********************************** --><\/p>\n<div class=\"borblock\">\n<img decoding=\"async\" src=\"\/wp-content\/uploads\/bor-photos\/k-naoki.jpg\" class=\"wrap-left\" \/><\/p>\n<div class=\"bortext\"><strong>Naoki, Katsuhiko, MD<\/strong><br \/>Japan Society for Respiratory Endoscopy<br \/>Japan\n<\/div>\n<\/div>\n<p><!-- ********************************** --><\/p>\n<div class=\"borblock\">\n<img decoding=\"async\" src=\"\/wp-content\/uploads\/bor-photos\/chaouchnaoue.jpg\" class=\"wrap-left\" \/><\/p>\n<div class=\"bortext\"><strong>Naoue, Chaouch, MD<\/strong><br \/>Tunisia Group of Bronchoscopy and Interventional Pulmonology<br \/>Tunisia\n<\/div>\n<\/div>\n<p><!-- ********************************** --><\/p>\n<div class=\"borblock\">\n<img decoding=\"async\" src=\"\/wp-content\/uploads\/bor-photos\/bor_amita-nene1.jpg\" class=\"wrap-left\" \/><\/p>\n<div class=\"bortext\"><strong>Nene, Amita, MD<\/strong><br \/>Indian Association for Bronchology<br \/>India\n<\/div>\n<\/div>\n<p><!-- ********************************** --><\/p>\n<div class=\"borblock\">\n<img decoding=\"async\" src=\"\/wp-content\/uploads\/bor-photos\/mihai-olteanu.jpg\" class=\"wrap-left\" \/><\/p>\n<div class=\"bortext\"><strong>Olteanu, Mihai, MD<\/strong><br \/>Bronchology Section of SRP<br \/>Romania\n<\/div>\n<\/div>\n<p><!-- ********************************** --><\/p>\n<div class=\"borblock\">\n<img decoding=\"async\" src=\"\/wp-content\/uploads\/bor-photos\/park-ys.jpg\" class=\"wrap-left\" \/><\/p>\n<div class=\"bortext\"><strong>Park, Young Sik, MD<\/strong><br \/>South Korea Bronchology Group<br \/>South Korea\n<\/div>\n<\/div>\n<p><!-- ********************************** --><\/p>\n<div class=\"borblock\">\n<img decoding=\"async\" src=\"\/wp-content\/uploads\/bor-photos\/jpallares.jpg\" class=\"wrap-left\" \/><\/p>\n<div class=\"bortext\"><strong>P\u00e9rez Pallar\u00e9s, Javier, MD<\/strong><br \/>Asociaci\u00f3n Espa\u00f1ola de Endoscopia Respiratoria y Neumolog\u00eda Intervencionista<br \/>Spain\n<\/div>\n<\/div>\n<p><!-- ********************************** --><\/p>\n<div class=\"borblock\">\n<img decoding=\"async\" src=\"\/wp-content\/uploads\/bor-photos\/s-popevic.jpg\" class=\"wrap-left\" \/><\/p>\n<div class=\"bortext\"><strong>Popevic, Spasoje, MD<\/strong><br \/>Respiratory Society of Serbia<br \/>Serbia\n<\/div>\n<\/div>\n<p><!-- ********************************** --><\/p>\n<div class=\"borblock\">\n<img decoding=\"async\" src=\"\/wp-content\/uploads\/bor-photos\/yamuna.jpg\" class=\"wrap-left\" \/><\/p>\n<div class=\"bortext\"><strong>Rajapakse, Yamuna, MD<\/strong><br \/>Sri Lanka College of Pulmonologist<br \/>Sri Lanka\n<\/div>\n<\/div>\n<p><!-- ********************************** --><\/p>\n<div class=\"borblock\">\n<img decoding=\"async\" src=\"\/wp-content\/uploads\/bor-photos\/bor_jaimesanchezvallejosi.jpg\" class=\"wrap-left\" \/><\/p>\n<div class=\"bortext\"><strong>Sanchez Vallejo, Jaime , MD<\/strong><br \/>Asociaci\u00f3n Colombiana de Broncoscopia y Neumologia Intervencionista<br \/>Colombia\n<\/div>\n<\/div>\n<p><!-- ********************************** --><\/p>\n<div class=\"borblock\">\n<img decoding=\"async\" src=\"\/wp-content\/uploads\/bor-photos\/nirmal.jpg\" class=\"wrap-left\" \/><\/p>\n<div class=\"bortext\"><strong>Sarkar, Nirmal Kanti , MD<\/strong><br \/>Bangladesh Association for Bronchology and Interventional Pulmonology<br \/>Bangladesh\n<\/div>\n<\/div>\n<p><!-- ********************************** --><\/p>\n<div class=\"borblock\">\n<img decoding=\"async\" src=\"\/wp-content\/uploads\/bor-photos\/janealexndrashaw.jpg\" class=\"wrap-left\" \/><\/p>\n<div class=\"bortext\"><strong>Shaw, Jane Alexandra, MD<\/strong><br \/>South African Thoracic Society<br \/>South Africa\n<\/div>\n<\/div>\n<p><!-- ********************************** --><\/p>\n<div class=\"borblock\">\n<img decoding=\"async\" src=\"\/wp-content\/uploads\/bor-photos\/shibuya-k.jpg\" class=\"wrap-left\" \/><\/p>\n<div class=\"bortext\"><strong>Shibuya, Kiyoshi, MD<\/strong><br \/>Asia Pacific Association for Bronchology and Interventional Pulmonology<br \/>Japan\n<\/div>\n<\/div>\n<p><!-- ********************************** --><\/p>\n<div class=\"borblock\">\n<img decoding=\"async\" src=\"\/wp-content\/uploads\/bor-photos\/bor_c-sidhu.jpg\" class=\"wrap-left\" \/><\/p>\n<div class=\"bortext\"><strong>Sidhu, Calvin, MD<\/strong><br \/>Thoracic Society of Australia and New Zealand<br \/>Australia\n<\/div>\n<\/div>\n<p><!-- ********************************** --><\/p>\n<div class=\"borblock\">\n<img decoding=\"async\" src=\"\/wp-content\/uploads\/bor-photos\/j-singh.jpg\" class=\"wrap-left\" \/><\/p>\n<div class=\"bortext\"><strong>Singh, Jaspal, MD<\/strong><br \/>Society for Advanced Bronchoscopy<br \/>USA\n<\/div>\n<\/div>\n<p><!-- ********************************** --><\/p>\n<div class=\"borblock\">\n<img decoding=\"async\" src=\"\/wp-content\/uploads\/bor-photos\/marco-antonio.jpg\" class=\"wrap-left\" \/><\/p>\n<div class=\"bortext\"><strong>Solis Aramayo, Marco Antonio, MD<\/strong><br \/>Sociedad Boliviana de Neumologia<br \/>Bolivia\n<\/div>\n<\/div>\n<p><!-- ********************************** --><\/p>\n<div class=\"borblock\">\n<img decoding=\"async\" src=\"\/wp-content\/uploads\/bor-photos\/t-sriprasart.jpg\" class=\"wrap-left\" \/><\/p>\n<div class=\"bortext\"><strong>Sriprasart, Thitiwat, MD<\/strong><br \/>Thoracic Society of Thailand<br \/>Thailand\n<\/div>\n<\/div>\n<p><!-- ********************************** --><\/p>\n<div class=\"borblock\">\n<img decoding=\"async\" src=\"\/wp-content\/uploads\/bor-photos\/g-stratakos.jpg\" class=\"wrap-left\" \/><\/p>\n<div class=\"bortext\"><strong>Stratakos, Grigoris, MD<\/strong><br \/>European Association for Bronchology and Interventional Pulmonology<br \/>Europe\n<\/div>\n<\/div>\n<p><!-- ********************************** --><\/p>\n<div class=\"borblock\">\n<img decoding=\"async\" src=\"\/wp-content\/uploads\/bor-photos\/mtachihara.jpg\" class=\"wrap-left\" \/><\/p>\n<div class=\"bortext\"><strong> Tachihara, Motoko, MD<\/strong><br \/>Japan Society for Respiratory Endoscopy<br \/>Japan\n<\/div>\n<\/div>\n<p><!-- ********************************** --><\/p>\n<div class=\"borblock\">\n<img decoding=\"async\" src=\"\/wp-content\/uploads\/bor-photos\/kthiam.jpg\" class=\"wrap-left\" \/><\/p>\n<div class=\"bortext\"><strong>Thiam, Khady, MD<\/strong><br \/>Senegal Group for Bronchology &#038; Interventional Pulmonology<br \/>Senegal\n<\/div>\n<\/div>\n<p><!-- ********************************** --><\/p>\n<div class=\"borblock\">\n<img decoding=\"async\" src=\"\/wp-content\/uploads\/bor-photos\/tie-siew-teck.jpg\" class=\"wrap-left\" \/><\/p>\n<div class=\"bortext\"><strong>Tie, Siew Teck, MD<\/strong><br \/>Malaysian Association for Bronchology &#038; Interventional Pulmonology<br \/>Malaysia\n<\/div>\n<\/div>\n<p><!-- ********************************** --><\/p>\n<div class=\"borblock\">\n<img decoding=\"async\" src=\"\/wp-content\/uploads\/bor-photos\/usuda-j.jpg\" class=\"wrap-left\" \/><\/p>\n<div class=\"bortext\"><strong>Usuda, Jitsuo, MD<\/strong><br \/>Japan Society for Respiratory Endoscopy<br \/>Japan\n<\/div>\n<\/div>\n<p><!-- ********************************** --><\/p>\n<div class=\"borblock\">\n<img decoding=\"async\" src=\"\/wp-content\/uploads\/bor-photos\/evanderheijden.jpg\" class=\"wrap-left\" \/><\/p>\n<div class=\"bortext\"><strong>ven der Heijden, Erik, MD<\/strong><br \/>European Association for Bronchology and Interventional Pulmonology<br \/>Netherlands\n<\/div>\n<\/div>\n<p><!-- ********************************** --><\/p>\n<div class=\"borblock\">\n<img decoding=\"async\" src=\"\/wp-content\/uploads\/bor-photos\/bor_ani.jpg\" class=\"wrap-left\" \/><\/p>\n<div class=\"bortext\"><strong>Wahju, Aniwidyaningsih, MD<\/strong><br \/>PERBRONKI<br \/>Indonesia\n<\/div>\n<\/div>\n<\/div>\n<p><!-- bor-container --><\/p>\n","protected":false},"excerpt":{"rendered":"<p>Board of Regents A round table group of bronchology and IP experts and leaders from around the world, the Board of Regents (&#8220;BOR&#8221;) is the principal [&hellip;]<\/p>\n","protected":false},"author":1,"featured_media":0,"parent":1792,"menu_order":0,"comment_status":"closed","ping_status":"closed","template":"","meta":{"site-sidebar-layout":"default","site-content-layout":"","ast-site-content-layout":"default","site-content-style":"default","site-sidebar-style":"default","ast-global-header-display":"","ast-banner-title-visibility":"","ast-main-header-display":"","ast-hfb-above-header-display":"","ast-hfb-below-header-display":"","ast-hfb-mobile-header-display":"","site-post-title":"","ast-breadcrumbs-content":"","ast-featured-img":"","footer-sml-layout":"","ast-disable-related-posts":"","theme-transparent-header-meta":"default","adv-header-id-meta":"","stick-header-meta":"default","header-above-stick-meta":"","header-main-stick-meta":"","header-below-stick-meta":"","astra-migrate-meta-layouts":"set","ast-page-background-enabled":"default","ast-page-background-meta":{"desktop":{"background-color":"var(--ast-global-color-4)","background-image":"","background-repeat":"repeat","background-position":"center center","background-size":"auto","background-attachment":"scroll","background-type":"","background-media":"","overlay-type":"","overlay-color":"","overlay-opacity":"","overlay-gradient":""},"tablet":{"background-color":"","background-image":"","background-repeat":"repeat","background-position":"center center","background-size":"auto","background-attachment":"scroll","background-type":"","background-media":"","overlay-type":"","overlay-color":"","overlay-opacity":"","overlay-gradient":""},"mobile":{"background-color":"","background-image":"","background-repeat":"repeat","background-position":"center center","background-size":"auto","background-attachment":"scroll","background-type":"","background-media":"","overlay-type":"","overlay-color":"","overlay-opacity":"","overlay-gradient":""}},"ast-content-background-meta":{"desktop":{"background-color":"var(--ast-global-color-5)","background-image":"","background-repeat":"repeat","background-position":"center center","background-size":"auto","background-attachment":"scroll","background-type":"","background-media":"","overlay-type":"","overlay-color":"","overlay-opacity":"","overlay-gradient":""},"tablet":{"background-color":"var(--ast-global-color-5)","background-image":"","background-repeat":"repeat","background-position":"center center","background-size":"auto","background-attachment":"scroll","background-type":"","background-media":"","overlay-type":"","overlay-color":"","overlay-opacity":"","overlay-gradient":""},"mobile":{"background-color":"var(--ast-global-color-5)","background-image":"","background-repeat":"repeat","background-position":"center center","background-size":"auto","background-attachment":"scroll","background-type":"","background-media":"","overlay-type":"","overlay-color":"","overlay-opacity":"","overlay-gradient":""}},"footnotes":""},"class_list":["post-1803","page","type-page","status-publish","hentry"],"_links":{"self":[{"href":"https:\/\/www.wabip.com\/zh\/wp-json\/wp\/v2\/pages\/1803","targetHints":{"allow":["GET"]}}],"collection":[{"href":"https:\/\/www.wabip.com\/zh\/wp-json\/wp\/v2\/pages"}],"about":[{"href":"https:\/\/www.wabip.com\/zh\/wp-json\/wp\/v2\/types\/page"}],"author":[{"embeddable":true,"href":"https:\/\/www.wabip.com\/zh\/wp-json\/wp\/v2\/users\/1"}],"replies":[{"embeddable":true,"href":"https:\/\/www.wabip.com\/zh\/wp-json\/wp\/v2\/comments?post=1803"}],"version-history":[{"count":0,"href":"https:\/\/www.wabip.com\/zh\/wp-json\/wp\/v2\/pages\/1803\/revisions"}],"up":[{"embeddable":true,"href":"https:\/\/www.wabip.com\/zh\/wp-json\/wp\/v2\/pages\/1792"}],"wp:attachment":[{"href":"https:\/\/www.wabip.com\/zh\/wp-json\/wp\/v2\/media?parent=1803"}],"curies":[{"name":"wp","href":"https:\/\/api.w.org\/{rel}","templated":true}]}}