{"id":1501,"date":"2024-12-06T16:56:33","date_gmt":"2024-12-06T07:56:33","guid":{"rendered":"https:\/\/www.bronchologyfoundation.org\/?page_id=1501"},"modified":"2024-12-11T08:13:24","modified_gmt":"2024-12-10T23:13:24","slug":"journals","status":"publish","type":"page","link":"https:\/\/www.wabip.com\/zh\/journals\/","title":{"rendered":"WABIP \u5927\u4e8b\u7eaa\u5f55"},"content":{"rendered":"<style type=\"text\/css\">\n.journalblock {display:table; margin-bottom:18px;}\n.journalblock img {margin-right:20px; margin-bottom:7px; float:left;}\n.journalblock h4 {margin:0; padding:0; font-size:18px;}\n<\/style>\n\n<h5 class=\"h5-bar\" style=\"margin-top:0;\">\u5b98\u65b9\u5927\u4e8b\u7eaa\u5f55<\/h5>\n\n<div class=\"journalblock\">\n<a target=\"_blank\" href=\"http:\/\/www.karger.com\/Journal\/Home\/224278\"><img src=\"\/wp-content\/images\/_articles\/respiration.jpg\" style=\"border: 1px solid #eee;\"\/><\/a>\n \n<a target=\"_blank\" href=\"http:\/\/www.karger.com\/Journal\/Home\/224278\"><h4>Respiration<\/h4><\/a>\n<br>\n\n<strong>\u20ac110 \u6b27\u5143 \/ $135 \u7f8e\u5143<\/strong> \u5e74\u5ea6\u8ba2\u9605\uff08\u4ec5\u9650\u4f1a\u5458\uff09<br><br>\n\nWABIP \u4f1a\u5458\u53ef\u4ee5\u5728\u6211\u4eec\u7f51\u7ad9\u7684\u4f1a\u5458\u4e13\u533a<a href=\"\/subscribe-respiration\">\u8fd9\u91cc<\/a>\u627e\u5230\u7535\u5b50\u8ba2\u9605\u8868\u683c\uff08\u9700\u8981\u767b\u5f55\uff09\u3002\n\n<br><br>\nRespiration \u6c47\u96c6\u4e86\u5173\u4e8e\u5065\u5eb7\u548c\u75be\u75c5\u4e2d\u547c\u5438\u7cfb\u7edf\u5404\u4e2a\u65b9\u9762\u7684\u4e34\u5e8a\u548c\u5b9e\u9a8c\u7814\u7a76\u7ed3\u679c\u3002\u6db5\u76d6\u4e86\u80f8\u90e8\u548c\u80ba\u90e8\u75be\u75c5\u8bca\u65ad\u548c\u6cbb\u7597\u7684\u4e34\u5e8a\u8fdb\u5c55\uff0c\u4ee5\u53ca\u751f\u7406\u5b66\u3001\u751f\u7269\u5316\u5b66\u3001\u75c5\u7406\u5b66\u3001\u514d\u75ab\u5b66\u548c\u836f\u7406\u5b66\u7684\u6700\u65b0\u53d1\u73b0\u3002\n<\/div>\n\n<hr>\n\n<div class=\"journalblock\">\n<a target=\"_blank\" href=\"http:\/\/journals.lww.com\/bronchology\/pages\/default.aspx\"><img src=\"\/wp-content\/images\/_articles\/jobip-cover.jpg\" style=\"border: 1px solid #aaa;\" \/><\/a>\n \n<a target=\"_blank\" href=\"http:\/\/journals.lww.com\/bronchology\/pages\/default.aspx\"><h4>Journal of Bronchology and Interventional Pulmonology<\/h4><\/a>\n<br>\n\n<strong>$35 \u7f8e\u5143<\/strong> \u5e74\u5ea6\u8ba2\u9605\uff08\u4ec5\u9650\u4f1a\u5458\uff09<br><br>\n\n\u8be5\u8ba2\u9605\u4e3a\u4ec5\u5728\u7ebf\u8ba1\u5212\uff0cWABIP \u4f1a\u5458\u53ef\u4ee5\u5728\u6211\u4eec\u7f51\u7ad9\u7684\u4f1a\u5458\u4e13\u533a\u627e\u5230\u8ba2\u9605\u8ba2\u5355\u8868\u683c<a href=\"login\">\u8fd9\u91cc<\/a>\uff08\u9700\u8981\u767b\u5f55\uff09\u3002<br><br> \n\nJournal of Bronchology & Interventional Pulmonology \u662f\u9996\u4e2a\u4e13\u95e8\u4e3a\u652f\u6c14\u7ba1\u955c\u68c0\u67e5\u53ca\u5176\u76f8\u5173\u5b66\u79d1\u8bbe\u7acb\u7684\u671f\u520a\u3002\u63d0\u4f9b\u4e86\u5173\u4e8e\u80ba\u533b\u5b66\u4e2d\u4e00\u4e2a\u91cd\u8981\u8bca\u65ad\u548c\u6cbb\u7597\u7a0b\u5e8f\u7684\u827a\u672f\u548c\u79d1\u5b66\u7684\u6025\u9700\u53ca\u65f6\u4fe1\u606f\u3002\u8be5\u671f\u520a\u5305\u542b\u539f\u521b\u548c\u7efc\u8ff0\u6587\u7ae0\u3001\u6848\u4f8b\u62a5\u544a\u3001\u6280\u672f\u62a5\u544a\u3001\u4e13\u5bb6\u4ece\u4e1a\u8005\u7684\u201c\u6211\u8fd9\u6837\u505a\u201d\u6280\u5de7\u548c\u201c\u652f\u6c14\u7ba1\u955c\u68c0\u67e5\u4e2d\u7684\u4e89\u8bae\u201d\u3002\n <\/div>\n<h5 class=\"h5-bar\">\u9644\u5c5e\u5927\u4e8b\u7eaa\u5f55<\/h5>\n \n<div class=\"journalblock\">\n<a target=\"_blank\" href=\"https:\/\/www.jsre.org\/modules\/en\/index.php?content_id=7\"><img src=\"\/wp-content\/images\/_articles\/jsr-cover.jpg\" style=\"border: 1px solid #aaa;\"  \/><\/a>\n \n<a target=\"_blank\" href=\"https:\/\/www.jsre.org\/modules\/en\/index.php?content_id=7\"><h4>The Journal of the Japan Society for Respiratory Endoscopy<\/h4><\/a>\n<br>\n\nThe Journal of the Japan Society for Respiratory Endoscopy (JSRE) \u63d0\u4f9b\u4e86\u6709\u5173\u547c\u5438\u5185\u955c\u68c0\u67e5\u7684\u5168\u9762\u548c\u6700\u65b0\u7684\u540c\u884c\u8bc4\u5ba1\u53c2\u8003\u4fe1\u606f\uff0c\u5305\u62ec\u652f\u6c14\u7ba1\u955c\u68c0\u67e5\u3001\u80f8\u8154\u955c\u548c\u76f8\u5173\u4e3b\u9898\u3002\u5176\u7279\u8272\u662f\u4e0e\u547c\u5438\u5185\u955c\u68c0\u67e5\u76f8\u5173\u7684\u539f\u521b\u548c\u7efc\u8ff0\u6587\u7ae0\u3001\u6848\u4f8b\u62a5\u544a\u548c\u6280\u672f\u62a5\u544a\u3002\n<\/div>\n\n\n\n<hr>\n<div class=\"journalblock\">\n<a target=\"_blank\" href=\"http:\/\/onlinelibrary.wiley.com\/journal\/10.1111\/%28ISSN%291440-1843\"><img src=\"\/wp-content\/images\/_articles\/respirology2.jpg\" style=\"border:1px solid #ccc;\"   \/><\/a> \n<a target=\"_blank\" href=\"http:\/\/onlinelibrary.wiley.com\/journal\/10.1111\/%28ISSN%291440-1843\"><h4>Respirology<\/h4><\/a>\n<br>\nRespirology \u662f\u4e00\u4e2a\u5177\u56fd\u9645\u58f0\u8a89\u7684\u671f\u520a\uff0c\u51fa\u7248\u7684\u6587\u7ae0\u7ecf\u540c\u884c\u8bc4\u5ba1\uff0c\u5177\u6709\u79d1\u5b66\u5353\u8d8a\u6027\uff0c\u6d89\u53ca\u4e34\u5e8a\u548c\u5b9e\u9a8c\u547c\u5438\u751f\u7269\u5b66\u548c\u75be\u75c5\u53ca\u5176\u76f8\u5173\u7814\u7a76\u9886\u57df\uff0c\u5305\u62ec\u80f8\u5916\u79d1\u3001\u4ecb\u5165\u80ba\u75c5\u5b66\u3001\u514d\u75ab\u5b66\u3001\u91cd\u75c7\u76d1\u62a4\u548c\u6025\u8bca\u533b\u5b66\u3001\u6d41\u884c\u75c5\u5b66\u3001\u7ec6\u80de\u548c\u5206\u5b50\u751f\u7269\u5b66\u3001\u75c5\u7406\u5b66\u3001\u836f\u7406\u5b66\u3001\u751f\u7406\u5b66\u548c\u513f\u79d1\u547c\u5438\u533b\u5b66\u3002\n<\/div>\n\n\n<hr>\n\n<div class=\"journalblock\">\n<a target=\"_blank\" href=\"http:\/\/www.ramr.org.ar\/\"><img src=\"\/wp-content\/images\/_articles\/ramr.jpg\"  style=\"border: 1px solid #aaa;\" \/><\/a>\n \n<a target=\"_blank\" href=\"http:\/\/www.ramr.org.ar\/\"><h4>Revista Americana de Medicina Respiratoria<\/h4><\/a>\n<br>\n\nRevista Americana de Medicina Respiratoria (RAMR) \u662f Asociaci&#xE0;n Argentina de Medicina Respiratoria (AAMR)\u3001Sociedad de Tisolog\u00eda y Enfermedades de T\u00f3rax del Uruguay\u3001Sociedad Paraguaya de Neumonolog\u00eda\u3001la Sociedad Venezolana de Neumonolog\u00eda y Cirug\u00eda Tor\u00e1cica\u3001Sociedad Boliviana de Neumonolog\u00eda \u548c Sociedad Ecuatoriana de Neumolog\u00eda \u7684\u5b98\u65b9\u51fa\u7248\u7269\u3002\u6210\u7acb\u4e8e2001\u5e74\uff0c\u65e8\u5728\u4f20\u64ad\u4e0e\u547c\u5438\u3001\u91cd\u75c7\u76d1\u62a4\u548c\u7761\u7720\u533b\u5b66\u76f8\u5173\u7684\u533b\u5b66\u7814\u7a76\uff0c\u65e0\u8bba\u662f\u4e34\u5e8a\u8fd8\u662f\u5b9e\u9a8c\u533b\u5b66\u3002\u5185\u5bb9\u5305\u62ec\u539f\u521b\u7814\u7a76\u3001\u7279\u6b8a\u6587\u7ae0\u3001\u4e34\u5e8a\u8f6e\u8bb2\u3001\u4e34\u5e8a\u6848\u4f8b\u5448\u73b0\u3001\u5bf9\u5f53\u524d\u533b\u5b66\u6587\u732e\u4e2d\u5df2\u53d1\u8868\u9009\u5b9a\u6587\u7ae0\u7684\u8bc4\u8bba\u3001\u4ee5\u53ca\u7ed9\u7f16\u8f91\u7684\u4fe1\u4ef6\u7b49\u3002<br><br>\n\u8be5\u671f\u520a\u9762\u5411\u62c9\u4e01\u7f8e\u6d32\u7684\u80ba\u75c5\u533b\u751f\u548c\u6cbb\u7597\u5e08\u793e\u533a\uff0c\u5df2\u6210\u4e3a\u963f\u6839\u5ef7\u547c\u5438\u533b\u5b66\u9886\u57df\u6700\u91cd\u8981\u7684\u51fa\u7248\u7269\u3002\u5176\u91cd\u70b9\u662f\u6210\u4e3a\u79d1\u5b66\u754c\u5408\u9002\u7684\u5de5\u5177\u3002\u76ee\u7684\u662f\u589e\u52a0\u51fa\u7248\u7269\u7684\u6570\u91cf\u548c\u8d28\u91cf\uff0c\u5e76\u63a5\u89e6\u66f4\u5e7f\u6cdb\u7684\u8bfb\u8005\u548c\u4f5c\u8005\u3002\u8bbf\u95ee<a href=\"http:\/\/www.ramr.org.ar\/\">\u5b98\u65b9\u7f51\u7ad9<\/a>\u3002<br><br>\n\u51fa\u7248\u9891\u7387\uff1a\u6bcf\u5b63\u5ea6\uff08\u6bcf\u5e744\u671f\uff09\u3002Revista Americana de Medicina Respiratoria \u5df2\u88ab LATINDEX\u3001LILACS\u3001CAICYT\u3001SciELO \u6536\u5f55\u3002\n\n<\/div>","protected":false},"excerpt":{"rendered":"<p>\u5b98\u65b9\u5927\u4e8b\u7eaa\u5f55 Respiration \u20ac110 \u6b27\u5143 \/ $135 \u7f8e\u5143 \u5e74\u5ea6\u8ba2\u9605\uff08\u4ec5\u9650\u4f1a\u5458\uff09 WABIP \u4f1a\u5458\u53ef\u4ee5\u5728\u6211\u4eec\u7f51\u7ad9\u7684\u4f1a\u5458\u4e13\u533a\u8fd9\u91cc\u627e\u5230\u7535\u5b50\u8ba2\u9605\u8868\u683c\uff08\u9700\u8981\u767b\u5f55\uff09\u3002 Respiration \u6c47\u96c6\u4e86\u5173\u4e8e\u5065\u5eb7\u548c\u75be\u75c5\u4e2d\u547c\u5438\u7cfb\u7edf\u5404\u4e2a\u65b9\u9762\u7684\u4e34\u5e8a\u548c\u5b9e\u9a8c\u7814\u7a76\u7ed3\u679c\u3002\u6db5\u76d6\u4e86\u80f8\u90e8\u548c\u80ba\u90e8\u75be\u75c5\u8bca\u65ad\u548c\u6cbb\u7597\u7684\u4e34\u5e8a\u8fdb\u5c55\uff0c\u4ee5\u53ca\u751f\u7406\u5b66\u3001\u751f\u7269\u5316\u5b66\u3001\u75c5\u7406\u5b66\u3001\u514d\u75ab\u5b66\u548c\u836f\u7406\u5b66\u7684\u6700\u65b0\u53d1\u73b0\u3002 Journal of Bronchology and Interventional Pulmonology $35 \u7f8e\u5143 \u5e74\u5ea6\u8ba2\u9605\uff08\u4ec5\u9650\u4f1a\u5458\uff09 \u8be5\u8ba2\u9605\u4e3a\u4ec5\u5728\u7ebf\u8ba1\u5212\uff0cWABIP \u4f1a\u5458\u53ef\u4ee5\u5728\u6211\u4eec\u7f51\u7ad9\u7684\u4f1a\u5458\u4e13\u533a\u627e\u5230\u8ba2\u9605\u8ba2\u5355\u8868\u683c\u8fd9\u91cc\uff08\u9700\u8981\u767b\u5f55\uff09\u3002 Journal of Bronchology [&hellip;]<\/p>\n","protected":false},"author":1,"featured_media":0,"parent":0,"menu_order":0,"comment_status":"closed","ping_status":"closed","template":"","meta":{"site-sidebar-layout":"default","site-content-layout":"","ast-site-content-layout":"default","site-content-style":"default","site-sidebar-style":"default","ast-global-header-display":"","ast-banner-title-visibility":"","ast-main-header-display":"","ast-hfb-above-header-display":"","ast-hfb-below-header-display":"","ast-hfb-mobile-header-display":"","site-post-title":"","ast-breadcrumbs-content":"","ast-featured-img":"","footer-sml-layout":"","ast-disable-related-posts":"","theme-transparent-header-meta":"default","adv-header-id-meta":"","stick-header-meta":"default","header-above-stick-meta":"","header-main-stick-meta":"","header-below-stick-meta":"","astra-migrate-meta-layouts":"set","ast-page-background-enabled":"default","ast-page-background-meta":{"desktop":{"background-color":"var(--ast-global-color-4)","background-image":"","background-repeat":"repeat","background-position":"center center","background-size":"auto","background-attachment":"scroll","background-type":"","background-media":"","overlay-type":"","overlay-color":"","overlay-opacity":"","overlay-gradient":""},"tablet":{"background-color":"","background-image":"","background-repeat":"repeat","background-position":"center center","background-size":"auto","background-attachment":"scroll","background-type":"","background-media":"","overlay-type":"","overlay-color":"","overlay-opacity":"","overlay-gradient":""},"mobile":{"background-color":"","background-image":"","background-repeat":"repeat","background-position":"center center","background-size":"auto","background-attachment":"scroll","background-type":"","background-media":"","overlay-type":"","overlay-color":"","overlay-opacity":"","overlay-gradient":""}},"ast-content-background-meta":{"desktop":{"background-color":"var(--ast-global-color-5)","background-image":"","background-repeat":"repeat","background-position":"center center","background-size":"auto","background-attachment":"scroll","background-type":"","background-media":"","overlay-type":"","overlay-color":"","overlay-opacity":"","overlay-gradient":""},"tablet":{"background-color":"var(--ast-global-color-5)","background-image":"","background-repeat":"repeat","background-position":"center center","background-size":"auto","background-attachment":"scroll","background-type":"","background-media":"","overlay-type":"","overlay-color":"","overlay-opacity":"","overlay-gradient":""},"mobile":{"background-color":"var(--ast-global-color-5)","background-image":"","background-repeat":"repeat","background-position":"center center","background-size":"auto","background-attachment":"scroll","background-type":"","background-media":"","overlay-type":"","overlay-color":"","overlay-opacity":"","overlay-gradient":""}},"footnotes":""},"class_list":["post-1501","page","type-page","status-publish","hentry"],"_links":{"self":[{"href":"https:\/\/www.wabip.com\/zh\/wp-json\/wp\/v2\/pages\/1501","targetHints":{"allow":["GET"]}}],"collection":[{"href":"https:\/\/www.wabip.com\/zh\/wp-json\/wp\/v2\/pages"}],"about":[{"href":"https:\/\/www.wabip.com\/zh\/wp-json\/wp\/v2\/types\/page"}],"author":[{"embeddable":true,"href":"https:\/\/www.wabip.com\/zh\/wp-json\/wp\/v2\/users\/1"}],"replies":[{"embeddable":true,"href":"https:\/\/www.wabip.com\/zh\/wp-json\/wp\/v2\/comments?post=1501"}],"version-history":[{"count":0,"href":"https:\/\/www.wabip.com\/zh\/wp-json\/wp\/v2\/pages\/1501\/revisions"}],"wp:attachment":[{"href":"https:\/\/www.wabip.com\/zh\/wp-json\/wp\/v2\/media?parent=1501"}],"curies":[{"name":"wp","href":"https:\/\/api.w.org\/{rel}","templated":true}]}}