{"id":1879,"date":"2024-12-07T11:41:01","date_gmt":"2024-12-07T02:41:01","guid":{"rendered":"https:\/\/www.bronchologyfoundation.org\/?page_id=1879"},"modified":"2024-12-09T10:20:54","modified_gmt":"2024-12-09T01:20:54","slug":"endoscopic","status":"publish","type":"page","link":"https:\/\/www.wabip.com\/es\/sections\/endoscopic\/","title":{"rendered":"Ultrasonido Endosc\u00f3pico"},"content":{"rendered":"<style type=\"text\/css\">\n.category-module li {list-style-type: initial!important; margin-left:15px !important;} \n<\/style>\n\n\n<h5 class=\"h5-bar2\">Visi\u00f3n General<\/h5> \n\nLa MISI\u00d3N de la secci\u00f3n de <strong>Ultrasonido Endosc\u00f3pico<\/strong> de la WABIP es informar y educar a los m\u00e9dicos y a sus pacientes sobre la tecnolog\u00eda para el diagn\u00f3stico y estadiamiento del c\u00e1ncer de pulm\u00f3n utilizando dichos dispositivos. Nuestra VISI\u00d3N es mejorar los conocimientos y las habilidades t\u00e9cnicas de los m\u00e9dicos en cuanto al manejo de los dispositivos de ultrasonido endosc\u00f3pico.<br><br>\n \n<h5 class=\"h5-bar2\">Coordinadores de Secci\u00f3n<\/h5>\n\n<br>\n<center>\n<div style=\"display:inline-block; width:100%; max-width:220px; margin-bottom:12px;\"> \n<img src=\"\/wp-content\/images\/_articles\/sections\/ebus\/AKhan.jpg\" class=\"photoframe\"><br>\nAslam Khan, MD<br>\n<\/div>\n\n\n<div style=\"display:inline-block; width:100%; max-width:220px; margin-bottom:12px;\"> \n<img src=\"\/wp-content\/images\/_articles\/sections\/ebus\/FAndGarc.jpg\" class=\"photoframe\"><br>\nFelipe Andreo Garc\u00eda, MD <br>\n<\/div>\n\n\n<div style=\"display:inline-block; width:100%; max-width:220px; margin-bottom:12px;\"> \n<img src=\"\/wp-content\/images\/_articles\/sections\/ebus\/KMadan.jpg\" class=\"photoframe\"><br>\nKaran Madan, MD<br>\n<\/div>\n\n\n<div style=\"display:inline-block; width:100%; max-width:220px; margin-bottom:12px;\"> \n<img src=\"\/wp-content\/images\/_articles\/sections\/ebus\/Sjain.jpg\" class=\"photoframe\"><br>\nSushil Jain, MD<br>\n<\/div>\n<\/center>","protected":false},"excerpt":{"rendered":"<p>Visi\u00f3n General La MISI\u00d3N de la secci\u00f3n de Ultrasonido Endosc\u00f3pico de la WABIP es informar y educar a los m\u00e9dicos y a sus pacientes sobre la [&hellip;]<\/p>\n","protected":false},"author":1,"featured_media":0,"parent":1877,"menu_order":0,"comment_status":"closed","ping_status":"closed","template":"","meta":{"site-sidebar-layout":"default","site-content-layout":"","ast-site-content-layout":"default","site-content-style":"default","site-sidebar-style":"default","ast-global-header-display":"","ast-banner-title-visibility":"","ast-main-header-display":"","ast-hfb-above-header-display":"","ast-hfb-below-header-display":"","ast-hfb-mobile-header-display":"","site-post-title":"","ast-breadcrumbs-content":"","ast-featured-img":"","footer-sml-layout":"","ast-disable-related-posts":"","theme-transparent-header-meta":"default","adv-header-id-meta":"","stick-header-meta":"default","header-above-stick-meta":"","header-main-stick-meta":"","header-below-stick-meta":"","astra-migrate-meta-layouts":"set","ast-page-background-enabled":"default","ast-page-background-meta":{"desktop":{"background-color":"var(--ast-global-color-4)","background-image":"","background-repeat":"repeat","background-position":"center center","background-size":"auto","background-attachment":"scroll","background-type":"","background-media":"","overlay-type":"","overlay-color":"","overlay-opacity":"","overlay-gradient":""},"tablet":{"background-color":"","background-image":"","background-repeat":"repeat","background-position":"center center","background-size":"auto","background-attachment":"scroll","background-type":"","background-media":"","overlay-type":"","overlay-color":"","overlay-opacity":"","overlay-gradient":""},"mobile":{"background-color":"","background-image":"","background-repeat":"repeat","background-position":"center center","background-size":"auto","background-attachment":"scroll","background-type":"","background-media":"","overlay-type":"","overlay-color":"","overlay-opacity":"","overlay-gradient":""}},"ast-content-background-meta":{"desktop":{"background-color":"var(--ast-global-color-5)","background-image":"","background-repeat":"repeat","background-position":"center center","background-size":"auto","background-attachment":"scroll","background-type":"","background-media":"","overlay-type":"","overlay-color":"","overlay-opacity":"","overlay-gradient":""},"tablet":{"background-color":"var(--ast-global-color-5)","background-image":"","background-repeat":"repeat","background-position":"center center","background-size":"auto","background-attachment":"scroll","background-type":"","background-media":"","overlay-type":"","overlay-color":"","overlay-opacity":"","overlay-gradient":""},"mobile":{"background-color":"var(--ast-global-color-5)","background-image":"","background-repeat":"repeat","background-position":"center center","background-size":"auto","background-attachment":"scroll","background-type":"","background-media":"","overlay-type":"","overlay-color":"","overlay-opacity":"","overlay-gradient":""}},"footnotes":""},"class_list":["post-1879","page","type-page","status-publish","hentry"],"_links":{"self":[{"href":"https:\/\/www.wabip.com\/es\/wp-json\/wp\/v2\/pages\/1879","targetHints":{"allow":["GET"]}}],"collection":[{"href":"https:\/\/www.wabip.com\/es\/wp-json\/wp\/v2\/pages"}],"about":[{"href":"https:\/\/www.wabip.com\/es\/wp-json\/wp\/v2\/types\/page"}],"author":[{"embeddable":true,"href":"https:\/\/www.wabip.com\/es\/wp-json\/wp\/v2\/users\/1"}],"replies":[{"embeddable":true,"href":"https:\/\/www.wabip.com\/es\/wp-json\/wp\/v2\/comments?post=1879"}],"version-history":[{"count":0,"href":"https:\/\/www.wabip.com\/es\/wp-json\/wp\/v2\/pages\/1879\/revisions"}],"up":[{"embeddable":true,"href":"https:\/\/www.wabip.com\/es\/wp-json\/wp\/v2\/pages\/1877"}],"wp:attachment":[{"href":"https:\/\/www.wabip.com\/es\/wp-json\/wp\/v2\/media?parent=1879"}],"curies":[{"name":"wp","href":"https:\/\/api.w.org\/{rel}","templated":true}]}}