{"id":1864,"date":"2024-12-07T11:35:05","date_gmt":"2024-12-07T02:35:05","guid":{"rendered":"https:\/\/www.bronchologyfoundation.org\/?page_id=1864"},"modified":"2025-01-04T05:48:19","modified_gmt":"2025-01-03T20:48:19","slug":"research","status":"publish","type":"page","link":"https:\/\/www.wabip.com\/es\/education\/research\/","title":{"rendered":"Investigaci\u00f3n"},"content":{"rendered":"<div class=\"articlewithsubmenu\">\n<h5 class=\"h5-bar\">Investigaci\u00f3n<\/h5>\n<p>El WABIP fomenta y ayuda a patrocinar iniciativas de investigaci\u00f3n espec\u00edficas basadas en un sistema competitivo de solicitudes de becas y premios.<\/p>\n<p>Las becas de viaje especiales est\u00e1n dise\u00f1adas para ayudar a individuos seleccionados a adquirir experiencia en el lugar junto a expertos en instituciones seleccionadas. Otras pueden permitir a los participantes interesados tener oportunidades de realizar servicios de salud comunitarios o acciones de ayuda humanitaria.<\/p>\n<p>Ejemplos de iniciativas de investigaci\u00f3n en curso incluyen el dise\u00f1o y desarrollo de seminarios web, el estudio de nuevos usos de las redes sociales para mejorar el proceso educativo, el desarrollo de modalidades de comunicaci\u00f3n global, el desarrollo de gu\u00edas cl\u00ednicas relacionadas con el c\u00e1ncer de pulm\u00f3n y estudios de tecnolog\u00edas innovadoras de imagen ac\u00fastica y \u00f3ptica para enfermedades de las v\u00edas respiratorias y pulmones.<\/p>\n\n<\/div>","protected":false},"excerpt":{"rendered":"<p>Investigaci\u00f3n El WABIP fomenta y ayuda a patrocinar iniciativas de investigaci\u00f3n espec\u00edficas basadas en un sistema competitivo de solicitudes de becas y premios. Las becas de [&hellip;]<\/p>\n","protected":false},"author":1,"featured_media":0,"parent":1858,"menu_order":0,"comment_status":"closed","ping_status":"closed","template":"","meta":{"site-sidebar-layout":"default","site-content-layout":"","ast-site-content-layout":"default","site-content-style":"default","site-sidebar-style":"default","ast-global-header-display":"","ast-banner-title-visibility":"","ast-main-header-display":"","ast-hfb-above-header-display":"","ast-hfb-below-header-display":"","ast-hfb-mobile-header-display":"","site-post-title":"","ast-breadcrumbs-content":"","ast-featured-img":"","footer-sml-layout":"","ast-disable-related-posts":"","theme-transparent-header-meta":"default","adv-header-id-meta":"","stick-header-meta":"default","header-above-stick-meta":"","header-main-stick-meta":"","header-below-stick-meta":"","astra-migrate-meta-layouts":"set","ast-page-background-enabled":"default","ast-page-background-meta":{"desktop":{"background-color":"var(--ast-global-color-4)","background-image":"","background-repeat":"repeat","background-position":"center center","background-size":"auto","background-attachment":"scroll","background-type":"","background-media":"","overlay-type":"","overlay-color":"","overlay-opacity":"","overlay-gradient":""},"tablet":{"background-color":"","background-image":"","background-repeat":"repeat","background-position":"center center","background-size":"auto","background-attachment":"scroll","background-type":"","background-media":"","overlay-type":"","overlay-color":"","overlay-opacity":"","overlay-gradient":""},"mobile":{"background-color":"","background-image":"","background-repeat":"repeat","background-position":"center center","background-size":"auto","background-attachment":"scroll","background-type":"","background-media":"","overlay-type":"","overlay-color":"","overlay-opacity":"","overlay-gradient":""}},"ast-content-background-meta":{"desktop":{"background-color":"var(--ast-global-color-5)","background-image":"","background-repeat":"repeat","background-position":"center center","background-size":"auto","background-attachment":"scroll","background-type":"","background-media":"","overlay-type":"","overlay-color":"","overlay-opacity":"","overlay-gradient":""},"tablet":{"background-color":"var(--ast-global-color-5)","background-image":"","background-repeat":"repeat","background-position":"center center","background-size":"auto","background-attachment":"scroll","background-type":"","background-media":"","overlay-type":"","overlay-color":"","overlay-opacity":"","overlay-gradient":""},"mobile":{"background-color":"var(--ast-global-color-5)","background-image":"","background-repeat":"repeat","background-position":"center center","background-size":"auto","background-attachment":"scroll","background-type":"","background-media":"","overlay-type":"","overlay-color":"","overlay-opacity":"","overlay-gradient":""}},"footnotes":""},"class_list":["post-1864","page","type-page","status-publish","hentry"],"_links":{"self":[{"href":"https:\/\/www.wabip.com\/es\/wp-json\/wp\/v2\/pages\/1864","targetHints":{"allow":["GET"]}}],"collection":[{"href":"https:\/\/www.wabip.com\/es\/wp-json\/wp\/v2\/pages"}],"about":[{"href":"https:\/\/www.wabip.com\/es\/wp-json\/wp\/v2\/types\/page"}],"author":[{"embeddable":true,"href":"https:\/\/www.wabip.com\/es\/wp-json\/wp\/v2\/users\/1"}],"replies":[{"embeddable":true,"href":"https:\/\/www.wabip.com\/es\/wp-json\/wp\/v2\/comments?post=1864"}],"version-history":[{"count":0,"href":"https:\/\/www.wabip.com\/es\/wp-json\/wp\/v2\/pages\/1864\/revisions"}],"up":[{"embeddable":true,"href":"https:\/\/www.wabip.com\/es\/wp-json\/wp\/v2\/pages\/1858"}],"wp:attachment":[{"href":"https:\/\/www.wabip.com\/es\/wp-json\/wp\/v2\/media?parent=1864"}],"curies":[{"name":"wp","href":"https:\/\/api.w.org\/{rel}","templated":true}]}}