{"id":1862,"date":"2024-12-07T11:34:50","date_gmt":"2024-12-07T02:34:50","guid":{"rendered":"https:\/\/www.bronchologyfoundation.org\/?page_id=1862"},"modified":"2025-01-05T08:29:00","modified_gmt":"2025-01-04T23:29:00","slug":"endorsement","status":"publish","type":"page","link":"https:\/\/www.wabip.com\/es\/education\/endorsement\/","title":{"rendered":"Aprobaci\u00f3n del Programa"},"content":{"rendered":"<h5 class=\"h5-bar\">Aprobaci\u00f3n del Programa<\/h5>\n\nEl siguiente formulario en l\u00ednea es para solicitar la aprobaci\u00f3n oficial de WABIP para su programa cient\u00edfico\/educativo, seminario, taller o conferencia.  <br><br>\n\n<strong style=\"font-size:110%;\">Beneficios<\/strong> de la aprobaci\u00f3n incluyen:  <br>\n<ol>\n<li>Anuncio en: el sitio web de WABIP, la Hoja Informativa de WABIP y en nuestras plataformas de redes sociales (Facebook, Twitter, Instagram, etc.)<\/li>\n<li>Entrega de materiales de aprendizaje del Proyecto Educativo de Broncoscop\u00eda Electr\u00f3nica a solicitud<\/li>\n<li>Consulta sobre el contenido del programa cient\u00edfico seg\u00fan sea necesario<\/li>\n<\/ol>\n\nNo hay costo financiero para los organizadores al solicitar o obtener aprobaciones de programas de WABIP. Por favor, tenga en cuenta que WABIP no est\u00e1 bajo ninguna obligaci\u00f3n de proporcionar ning\u00fan apoyo financiero a los organizadores, programas o eventos, como resultado de obtener las aprobaciones de WABIP.<br><br>\n \n<h5 class=\"h5-bar\">Solicitar Aqu\u00ed<\/h5>\n\n<div class=\"simple-form-wrapper\" data-form-id=\"endorsement\"><style>\n            .simple-form input.has-error {\n                border-color: #dc3545;\n                background-color: #fff8f8;\n            }\n            .simple-form input.has-error:focus {\n                box-shadow: 0 0 0 0.2rem rgba(220,53,69,.25);\n                outline: none;\n            }\n            .required-field::after {\n                content: \"*\";\n                color: #dc3545;\n                margin-left: 4px;\n                display: inline-block;\n            }\n        <\/style><form class=\"simple-form\" id=\"simple-form-endorsement\" enctype=\"multipart\/form-data\"><input type=\"hidden\" id=\"form_nonce\" name=\"simple_form_nonce\" value=\"4c0feb58b5\"><input type=\"hidden\" name=\"form_instance_token\" value=\"adcfd5b595\"><input type=\"hidden\" name=\"form_id\" value=\"endorsement\"><input type=\"hidden\" name=\"uploaded_file_data\" value=\"\" class=\"uploaded_file_data\"><h5>APPLICANT<\/h5>\n<div class=\"form-textbox\"><label for=\"fullname\" class=\"label-fullname required-field\">Name<\/label><input type=\"text\" name=\"fullname\" class=\"simple-form-input input-fullname\" data-validation=\"\" required  placeholder=\"required\" maxlength=\"100\"><\/div><div class=\"form-textbox\"><label for=\"email\" class=\"label-email required-field\">Email Address<\/label><input type=\"email\" name=\"email\" class=\"simple-form-input input-email\" data-validation=\"email\" required  placeholder=\"required\" maxlength=\"100\" value=\"\"><\/div><div class=\"form-textbox\"><label for=\"society\" class=\"label-society\">Member Society<\/label><input type=\"text\" name=\"society\" class=\"simple-form-input input-society\" data-validation=\"\"   placeholder=\"optional\" maxlength=\"100\"><\/div> <br \/>\n<h5>PROGRAM<\/h5>\n<div class=\"form-textbox\"><label for=\"programtitle\" class=\"label-programtitle required-field\">Program Title<\/label><input type=\"text\" name=\"programtitle\" class=\"simple-form-input input-programtitle\" data-validation=\"\" required  placeholder=\"required\" maxlength=\"100\"><\/div><div class=\"form-textbox\"><label for=\"programdirector\" class=\"label-programdirector\">Program Director<\/label><input type=\"text\" name=\"programdirector\" class=\"simple-form-input input-programdirector\" data-validation=\"\"   placeholder=\"leave blank if same as applicant\" maxlength=\"100\"><\/div><div class=\"form-textbox\"><label for=\"eventdate\" class=\"label-eventdate required-field\">Event Date<\/label><input type=\"text\" name=\"eventdate\" class=\"simple-form-input input-eventdate\" data-validation=\"\" required  placeholder=\"required\" maxlength=\"100\"><\/div><div class=\"form-textbox\"><label for=\"eventlocation\" class=\"label-eventlocation required-field\">Event Location<\/label><input type=\"text\" name=\"eventlocation\" class=\"simple-form-input input-eventlocation\" data-validation=\"\" required  placeholder=\"required\" maxlength=\"100\"><\/div><div class=\"form-checkbox\"><label for=\"programtype\" class=\"label-programtype required-field\">Program Type (select at least one)<\/label><div class=\"checkbox-group-programtype\"><div class=\"checkbox-item-group\" role=\"group\" aria-required=\"true\"><div class=\"checkbox-item checkbox-programtype\"><input type=\"checkbox\" name=\"programtype[]\" value=\"Educational seminar (postgraduate may include physicians in practice and trainees)\"  minlength=\"1\"><span class=\"radiocheckitem\">Educational seminar (postgraduate may include physicians in practice and trainees)<\/span><\/div><div class=\"checkbox-item checkbox-programtype\"><input type=\"checkbox\" name=\"programtype[]\" value=\"Educational seminar (for trainees only)\"  ><span class=\"radiocheckitem\">Educational seminar (for trainees only)<\/span><\/div><div class=\"checkbox-item checkbox-programtype\"><input type=\"checkbox\" name=\"programtype[]\" value=\"Hands-on workshop\"  ><span class=\"radiocheckitem\">Hands-on workshop<\/span><\/div><div class=\"checkbox-item checkbox-programtype\"><input type=\"checkbox\" name=\"programtype[]\" value=\"Conference (didactic lectures)\"  ><span class=\"radiocheckitem\">Conference (didactic lectures)<\/span><\/div><\/div><\/div><\/div><div class=\"form-textfield\"><label for=\"objectives\" class=\"label-objectives required-field\">Learning Objectives<\/label><textarea name=\"objectives\" class=\"textarea-objectives\" required placeholder=\"required\" maxlength=\"1000\" rows=\"4\"><\/textarea><\/div><div class=\"form-radio\"><label for=\"cme\" class=\"label-cme required-field\">Are CME credits (or equivalent) being offered?<\/label><div class=\"radio-group-cme\"><div class=\"radio-item radio-cme\"><input type=\"radio\" name=\"cme\" value=\"Yes\" required><span class=\"radiocheckitem\">Yes<\/span><\/div><div class=\"radio-item radio-cme\"><input type=\"radio\" name=\"cme\" value=\"No\" required><span class=\"radiocheckitem\">No<\/span><\/div><\/div><\/div><div class=\"form-upload\"><label for=\"programdoc\" class=\"label-programdoc required-field\">Upload the Scientific Program (English)<\/label><div class=\"upload-group-programdoc\"><input type=\"file\" name=\"programdoc\" xkey=\"programdoc\" data-sizelimit=\"3000\" required accept=\".pdf,.docx,.doc\"><div class=\"file-restrictions\"><small class=\"allowed-types\">Allowed types: PDF, DOCX, DOC<\/small><small class=\"size-limit\">Maximum size: 3000KB<\/small><\/div><input type=\"hidden\" name=\"programdoc_directory\" value=\"uploads\"><\/div><style>.file-restrictions {margin-top: 5px;font-size: 13px;color: #666;}.file-restrictions small {display: block;line-height: 1.4;}.allowed-types, .size-limit {color: #666;}<\/style><\/div><div class=\"form-upload\"><label for=\"programflyer\" class=\"label-programflyer\">Upload Marketing Materials (flyer, brochure, etc.)<\/label><div class=\"upload-group-programflyer\"><input type=\"file\" name=\"programflyer\" xkey=\"programflyer\" data-sizelimit=\"2000\"  accept=\".pdf,.jpg,.jpeg,.png\"><div class=\"file-restrictions\"><small class=\"allowed-types\">Allowed types: PDF, JPG, JPEG, PNG<\/small><small class=\"size-limit\">Maximum size: 2000KB<\/small><\/div><input type=\"hidden\" name=\"programflyer_directory\" value=\"endorsements\"><\/div><style>.file-restrictions {margin-top: 5px;font-size: 13px;color: #666;}.file-restrictions small {display: block;line-height: 1.4;}.allowed-types, .size-limit {color: #666;}<\/style><\/div><div class=\"form-textbox\"><label for=\"website\" class=\"label-website\">Event Website URL<\/label><input type=\"text\" name=\"website\" class=\"simple-form-input input-website\" data-validation=\"\"   placeholder=\"optional\" maxlength=\"100\"><\/div> <br \/>\n<h5>AGREEMENT<\/h5>\n<div class=\"form-checkbox\"><label for=\"agreement\" class=\"label-agreement required-field\">As a condition of WABIP endorsement of this program, I hereby agree that<\/label><div class=\"checkbox-group-agreement\"><div class=\"checkbox-item checkbox-agreement\"><input type=\"checkbox\" name=\"agreement[]\" value=\"The WABIP logo will be inserted into marketing and program materials.\" required ><span class=\"radiocheckitem\">The WABIP logo will be inserted into marketing and program materials.<\/span><\/div><div class=\"checkbox-item checkbox-agreement\"><input type=\"checkbox\" name=\"agreement[]\" value=\"The WABIP officially endorses this program but does not provide financial support or sponsorship of any program-related events.\" required ><span class=\"radiocheckitem\">The WABIP officially endorses this program but does not provide financial support or sponsorship of any program-related events.<\/span><\/div><div class=\"checkbox-item checkbox-agreement\"><input type=\"checkbox\" name=\"agreement[]\" value=\"If the event date is less than 30 days from the application date, I understand and agree that the CME review committee may not finalize this application in time for the event.\" required ><span class=\"radiocheckitem\">If the event date is less than 30 days from the application date, I understand and agree that the CME review committee may not finalize this application in time for the event.<\/span><\/div><\/div><\/div><div class=\"form-textbox\"><label for=\"signature\" class=\"label-signature required-field\">Signature<\/label><input type=\"text\" name=\"signature\" class=\"simple-form-input input-signature\" data-validation=\"\" required  placeholder=\"type your signature\" maxlength=\"100\"><\/div><button type=\"submit\" class=\"simple-form-submit\">Submit<\/button><\/form><\/div>","protected":false},"excerpt":{"rendered":"<p>Aprobaci\u00f3n del Programa El siguiente formulario en l\u00ednea es para solicitar la aprobaci\u00f3n oficial de WABIP para su programa cient\u00edfico\/educativo, seminario, taller o conferencia. Beneficios de [&hellip;]<\/p>\n","protected":false},"author":1,"featured_media":0,"parent":1858,"menu_order":0,"comment_status":"closed","ping_status":"closed","template":"","meta":{"site-sidebar-layout":"default","site-content-layout":"","ast-site-content-layout":"default","site-content-style":"default","site-sidebar-style":"default","ast-global-header-display":"","ast-banner-title-visibility":"","ast-main-header-display":"","ast-hfb-above-header-display":"","ast-hfb-below-header-display":"","ast-hfb-mobile-header-display":"","site-post-title":"","ast-breadcrumbs-content":"","ast-featured-img":"","footer-sml-layout":"","ast-disable-related-posts":"","theme-transparent-header-meta":"default","adv-header-id-meta":"","stick-header-meta":"default","header-above-stick-meta":"","header-main-stick-meta":"","header-below-stick-meta":"","astra-migrate-meta-layouts":"set","ast-page-background-enabled":"default","ast-page-background-meta":{"desktop":{"background-color":"var(--ast-global-color-4)","background-image":"","background-repeat":"repeat","background-position":"center center","background-size":"auto","background-attachment":"scroll","background-type":"","background-media":"","overlay-type":"","overlay-color":"","overlay-opacity":"","overlay-gradient":""},"tablet":{"background-color":"","background-image":"","background-repeat":"repeat","background-position":"center center","background-size":"auto","background-attachment":"scroll","background-type":"","background-media":"","overlay-type":"","overlay-color":"","overlay-opacity":"","overlay-gradient":""},"mobile":{"background-color":"","background-image":"","background-repeat":"repeat","background-position":"center center","background-size":"auto","background-attachment":"scroll","background-type":"","background-media":"","overlay-type":"","overlay-color":"","overlay-opacity":"","overlay-gradient":""}},"ast-content-background-meta":{"desktop":{"background-color":"var(--ast-global-color-5)","background-image":"","background-repeat":"repeat","background-position":"center center","background-size":"auto","background-attachment":"scroll","background-type":"","background-media":"","overlay-type":"","overlay-color":"","overlay-opacity":"","overlay-gradient":""},"tablet":{"background-color":"var(--ast-global-color-5)","background-image":"","background-repeat":"repeat","background-position":"center center","background-size":"auto","background-attachment":"scroll","background-type":"","background-media":"","overlay-type":"","overlay-color":"","overlay-opacity":"","overlay-gradient":""},"mobile":{"background-color":"var(--ast-global-color-5)","background-image":"","background-repeat":"repeat","background-position":"center center","background-size":"auto","background-attachment":"scroll","background-type":"","background-media":"","overlay-type":"","overlay-color":"","overlay-opacity":"","overlay-gradient":""}},"footnotes":""},"class_list":["post-1862","page","type-page","status-publish","hentry"],"_links":{"self":[{"href":"https:\/\/www.wabip.com\/es\/wp-json\/wp\/v2\/pages\/1862","targetHints":{"allow":["GET"]}}],"collection":[{"href":"https:\/\/www.wabip.com\/es\/wp-json\/wp\/v2\/pages"}],"about":[{"href":"https:\/\/www.wabip.com\/es\/wp-json\/wp\/v2\/types\/page"}],"author":[{"embeddable":true,"href":"https:\/\/www.wabip.com\/es\/wp-json\/wp\/v2\/users\/1"}],"replies":[{"embeddable":true,"href":"https:\/\/www.wabip.com\/es\/wp-json\/wp\/v2\/comments?post=1862"}],"version-history":[{"count":0,"href":"https:\/\/www.wabip.com\/es\/wp-json\/wp\/v2\/pages\/1862\/revisions"}],"up":[{"embeddable":true,"href":"https:\/\/www.wabip.com\/es\/wp-json\/wp\/v2\/pages\/1858"}],"wp:attachment":[{"href":"https:\/\/www.wabip.com\/es\/wp-json\/wp\/v2\/media?parent=1862"}],"curies":[{"name":"wp","href":"https:\/\/api.w.org\/{rel}","templated":true}]}}