{"id":1860,"date":"2024-12-07T11:34:16","date_gmt":"2024-12-07T02:34:16","guid":{"rendered":"https:\/\/www.bronchologyfoundation.org\/?page_id=1860"},"modified":"2024-12-07T16:54:10","modified_gmt":"2024-12-07T07:54:10","slug":"bronchoscopy","status":"publish","type":"page","link":"https:\/\/www.wabip.com\/es\/education\/bronchoscopy\/","title":{"rendered":"Proyecto de Educaci\u00f3n en Broncoscopia"},"content":{"rendered":"<div class=\"articlewithsubmenu\">\n<h5 class=\"h5-bar\">Proyecto de Educaci\u00f3n en Broncoscopia - Resumen<\/h5>\n\n<div style=\"display:table;\">\n\n<p><img src=\"\/wp-content\/images\/_articles\/education\/bep\/bep-2013-train-the-trainers-march.jpg\" class=\"wrap-left\">La WABIP ha ayudado a patrocinar y a realizar numerosos seminarios educativos y sesiones pr\u00e1cticas alrededor del mundo. En cooperaci\u00f3n y con la asistencia de grupos transnacionales de m\u00e9dicos educadores, instructores certificados e instructores maestros, ya se han realizado programas en m\u00e1s de 30 pa\u00edses, incluidos: Singapur, Malasia, Jap\u00f3n, Indonesia, Argentina, Per\u00fa, Argelia, El Salvador, Ecuador, Bolivia, Espa\u00f1a, Hungr\u00eda, Serbia, Canad\u00e1, y Estados Unidos. <\/p>\n<p>A trav\u00e9s del <strong>Proyecto de Educaci\u00f3n en Broncoscopia<\/strong> (BEP), la WABIP est\u00e1 promoviendo activamente un curr\u00edculo estructurado uniforme y multidimensional para asegurar que los fundamentos de la broncoscopia se aprendan y dominen de manera similar sin importar el lugar de pr\u00e1ctica o entorno m\u00e9dico. <\/p>\n<p><img src=\"\/wp-content\/images\/_articles\/education\/bep\/bep-2013-train-the-trainers-march-2.jpg\" class=\"wrap-right\">Este programa orientado a la competencia se basa en principios probados de educaci\u00f3n y aprendizaje de dominio. El tiempo de participaci\u00f3n activa se maximiza durante los talleres pr\u00e1cticos utilizando bajas proporciones de maestro a alumno. Herramientas de evaluaci\u00f3n validadas, listas de verificaci\u00f3n, modelos, simulaci\u00f3n por computadora, ejercicios basados en casos centrados en el paciente, conferencias did\u00e1cticas y sesiones interactivas ayudan a asegurar que se adquieran conocimientos y habilidades relacionadas con la broncoscopia. <\/p>\n<p>Adem\u00e1s de los programas para todos los intereses del aprendiz, se realizan Programas de Desarrollo de Facultad (Formaci\u00f3n de Formadores) para empoderar a un n\u00famero creciente de educadores en broncoscopia, para que puedan mejorar sus t\u00e9cnicas de ense\u00f1anza y familiarizarse con los recursos de aprendizaje de Fundamentos de la Broncoscopia\u00a9 para implementar estas metodolog\u00edas probadas en sus programas de capacitaci\u00f3n y seminarios regionales o nacionales.<\/p>\n\n<\/div>\n\n<h5 class=\"h5-bar\">Solicitar Ayuda Financiera (Cospatrocinio de la WABIP)<\/h5>\n\n<p>La WABIP ofrece brindar a los organizadores de cursos asistencia financiera parcial y varios recursos educativos para que puedan organizar una serie de seminarios de aprendizaje in situ, talleres pr\u00e1cticos y programas de desarrollo de facultades. <\/p>\n\n<p>Si desea ser organizador de un curso y conocer m\u00e1s sobre el cospatrocinio de la WABIP y los programas relacionados con BEP, por favor descargue y revise el siguiente <strong>Paquete de Informaci\u00f3n<\/strong>. Despu\u00e9s de revisar el paquete y determinar que desea seguir con el cospatrocinio, por favor complete el <strong>Formulario de Solicitud<\/strong>.<\/p>\n\n<center>\n<div style=\"display:inline-block; width:330px;\" > \n<a href=\"\/wp-content\/downloads\/bep\/BEP_Information_Pack.pdf\"><img src=\"\/wp-content\/images\/buttons\/download-infopack.jpg\"><\/a>\n<\/div>\n\n<div style=\"display:inline-block; width:330px;\" > \n<a href=\"\/forms\/cosponsorship\"><img src=\"\/wp-content\/images\/buttons\/apply-cosponsorship.jpg\"><\/a>\n<\/div>\n\n\n<!--\n<div style=\"display:inline-block; width:300px;\" > \n<a href=\"\/wp-content\/downloads\/bep\/BEP_Application_Form.pdf\"><img src=\"\/wp-content\/images\/buttons\/download-application.png\"><\/a>\n<\/div>\n-->\n\n<\/center> \n\n\n<h5 class=\"h5-bar\">Galer\u00eda de Fotos<\/h5>\n\n<table><tr>\n\n<td width=\"19.9%\"><a href=\"\/wp-content\/images\/_articles\/education\/bep\/gallery\/Ecuador-BEP.jpg\" target=\"new1\"><img src=\"\/wp-content\/images\/_articles\/education\/bep\/gallery\/a-Ecuador-BEP.jpg\" style=\"border:1px solid #ccc; padding: 4px; width:90%;\"><\/a><\/td>\n<td width=\"20%\"><a href=\"\/wp-content\/images\/_articles\/education\/bep\/gallery\/Ecuador-BEP-2.jpg\"  target=\"new1\"><img src=\"\/wp-content\/images\/_articles\/education\/bep\/gallery\/a-Ecuador-BEP-2.jpg\" style=\"border:1px solid #ccc; padding: 4px; width:90%;\"\/><\/a><\/td>\n<td width=\"20%\"><a href=\"\/wp-content\/images\/_articles\/education\/bep\/gallery\/Japan-BEP.jpg\"  target=\"new1\"><img src=\"\/wp-content\/images\/_articles\/education\/bep\/gallery\/a-Japan-BEP.jpg\"  style=\"border:1px solid #ccc; padding: 4px;  width:90%;\"\/><\/a><\/td>\n<td width=\"20%\"><a href=\"\/wp-content\/images\/_articles\/education\/bep\/gallery\/USA-BEP.jpg\"  target=\"new1\"><img src=\"\/wp-content\/images\/_articles\/education\/bep\/gallery\/a-USA-BEP.jpg\" style=\"border:1px solid #ccc; padding: 4px; width:90%;\"><\/a><\/td>\n<td width=\"19.9%\"><a href=\"\/wp-content\/images\/_articles\/education\/bep\/gallery\/Singapore-BEP.jpg\"  target=\"new1\"> <img src=\"\/wp-content\/images\/_articles\/education\/bep\/gallery\/a-Singapore-BEP.jpg\" style=\"border:1px solid #ccc; padding: 4px; width:90%;\" \/><\/a><\/td>\n\n<\/tr><\/table>\n\n<h5 class=\"h5-bar\">Ejemplo de Agendas de Cursos<\/h5>\n\n<strong>\u2022 <i>Introducci\u00f3n a la Broncoscopia Flexible<\/i> ejemplo de agenda de curso<\/strong><br><br>\n\n<table border=\"0\" width=\"100%\" cellpadding=\"0\" cellspacing=\"0\">\n\t<tr>\n\n<td style=\"vertical-align:top;\">\n8:15-8:30<br>\n8:30-9:00<br>\n9:00:9:20<br>\n9:20-9:40<br>\n9:40-10:15<br>\n10:15-10:30<br>\n10:30-10:50<br>\n10:50-11:15<br>\n11:15-11:30<br>\n11:30-11:55<br>\n11:55-12:15<br>\n12:15-12:45<br>\n12:45-1:00<br>\n1:00-2:00<br>\n2:00-4:30<br>\n4:30-5:00<br>\n5:00-5:30<\/td>\n\n<td style=\"vertical-align:top;\" >\nBienvenida, introducci\u00f3n, objetivos de aprendizaje<br>\nEvaluaci\u00f3n prebroncosc\u00f3pica<br>\nInspecci\u00f3n broncosc\u00f3pica<br>\nCorrelaciones anat\u00f3micas<br>\nBroncoscopia en poblaciones especiales<br>\nPausa para el caf\u00e9<br>\nEvaluaci\u00f3n de la obstrucci\u00f3n de la v\u00eda a\u00e9rea central<br>\nPrevenci\u00f3n y manejo de complicaciones<br>\nSesi\u00f3n interactiva verdadero\/falso #1<br>\nBiopsia, cepillado y lavado<br>\nBiopsia transbronquial de pulm\u00f3n<br>\nEnfoque pr\u00e1ctico para TBNA<br>\nSesi\u00f3n interactiva verdadero\/falso #2<br>\nAlmuerzo<br>\nSesiones pr\u00e1cticas (paso a paso, bx\/cepillado, intubaci\u00f3n, TBNA, ejercicio de enfoque pr\u00e1ctico)<br>\nExamen post, sesi\u00f3n interactiva, evaluaci\u00f3n del programa<br>\nCierre, certificados de asistencia, foto grupal<br><\/td>\n\n\n<td style=\"vertical-align:top;\" >\nPonente<br>\nPonente<br>\nPonente<br>\nPonente<br>\nPonente<br><br>\nPonente<br>\nPonente<br>\nInstructores<br>\nPonente<br>\nPonente<br>\nPonente<br>\nInstructores<br><br>\nInstructores<br>\nInstructores<br>\nTodo el cuerpo docente<\/td>\n\t<\/tr>\n<\/table>\n\n\n\n<br>\n<p><strong>\u2022 <i>Programa de Desarrollo de Facultad<\/i>  (FDP, tambi\u00e9n conocido como: Formaci\u00f3n de Formadores) ejemplo de agenda de curso<\/strong><\/p>\n \n<p>D\u00eda 1: Cena de trabajo de 5-9 pm. Incluye rompehielos de bienvenida, descripci\u00f3n del Proyecto de Educaci\u00f3n en Broncoscopia, distribuci\u00f3n de libros de trabajo del curso, autoevaluaciones, revisi\u00f3n de objetivos de aprendizaje y filosof\u00edas educativas, identificaci\u00f3n de miembros del equipo, demostraci\u00f3n de ejercicio de enfoque pr\u00e1ctico, y revisi\u00f3n de tareas individuales y de equipo para la noche.<\/p>\n\n<p>D\u00eda 2: Puede dedicarse a un Programa de Introducci\u00f3n a la Broncoscopia Flexible en el que los participantes del FDP contribuyen tanto como asistentes y\/o instructores. El programa FDP siguiente ocurre ya sea el D\u00eda 2 o el D\u00eda 3.<\/p>\n\n\n \n\n<table border=\"0\" width=\"100%\" cellpadding=\"0\" cellspacing=\"0\">\n\t<tr>\n\n<td style=\"vertical-align:top;\">\n7:30-8:00<br>\n8:00-8:30<br>\n8:30:9:30<br>\n9:30-10:00<br>\n10:30-11:30<br>\n11:30-12:00<br>\n12:00-1:00<br>\n1:00-1:30<br>\n1:30:-2:00<br>\n2:30-3:30<br>\n3:30-4:00<br>\n4:00-5:00<br>\n5:00 pm\n\n<td style=\"vertical-align:top;\" >\nCaf\u00e9 y desayuno (bocadillos disponibles durante el d\u00eda)<br>\nPresentaci\u00f3n del equipo sobre el ejercicio de enfoque pr\u00e1ctico<br>\n\"T\u00e9cnicas de ense\u00f1anza\" usando preguntas de opci\u00f3n m\u00faltiple como aquellas de El Broncoscopista Flexible Esencial\u00a9<br>\nSesi\u00f3n de retroalimentaci\u00f3n<br>\nTaller pr\u00e1ctico: Aprendiendo Broncoscopia paso a paso y practicando t\u00e9cnicas de instrucci\u00f3n pr\u00e1cticas para la inspecci\u00f3n de v\u00edas a\u00e9reas<br>\nSesi\u00f3n de retroalimentaci\u00f3n, experiencias compartidas, practicando refuerzo positivo<br>\nAlmuerzo con presentaci\u00f3n: Convertirse en un formador efectivo<br>\nConferencias did\u00e1cticas: tareas individuales<br>\nInteractivas verdadero\/falso: tareas individuales<br>\nTaller pr\u00e1ctico: Aprendiendo a usar herramientas de evaluaci\u00f3n de broncoscopia incluyendo BSAT, BSTAT, BSTAT-TBLB\/TBNA y listas de verificaci\u00f3n<br>\nPanorama del Manual de Capacitaci\u00f3n en Broncoscopia Flexible, dise\u00f1o del programa, y desarrollo del curr\u00edculo<br>\nRetroalimentaci\u00f3n de 360 grados, autoevaluaciones, experiencias compartidas, y evaluaci\u00f3n del programa<br>\nCierre, certificados de asistencia, foto grupal\n<\/td>\n\n\n\n\t<\/tr>\n<\/table>\n\n\n \n<h5 class=\"h5-bar\">Patrocinador<\/h5>\n\nLa financiaci\u00f3n para estos cursos es posible en parte gracias a Olympus Jap\u00f3n.<br><br>\n\n<img src=\"\/wp-content\/images\/_articles\/education\/bep\/olympus_logo.gif\">\n\n<\/div>","protected":false},"excerpt":{"rendered":"<p>Proyecto de Educaci\u00f3n en Broncoscopia &#8211; Resumen La WABIP ha ayudado a patrocinar y a realizar numerosos seminarios educativos y sesiones pr\u00e1cticas alrededor del mundo. En [&hellip;]<\/p>\n","protected":false},"author":1,"featured_media":0,"parent":1858,"menu_order":0,"comment_status":"closed","ping_status":"closed","template":"","meta":{"site-sidebar-layout":"default","site-content-layout":"","ast-site-content-layout":"default","site-content-style":"default","site-sidebar-style":"default","ast-global-header-display":"","ast-banner-title-visibility":"","ast-main-header-display":"","ast-hfb-above-header-display":"","ast-hfb-below-header-display":"","ast-hfb-mobile-header-display":"","site-post-title":"","ast-breadcrumbs-content":"","ast-featured-img":"","footer-sml-layout":"","ast-disable-related-posts":"","theme-transparent-header-meta":"default","adv-header-id-meta":"","stick-header-meta":"default","header-above-stick-meta":"","header-main-stick-meta":"","header-below-stick-meta":"","astra-migrate-meta-layouts":"set","ast-page-background-enabled":"default","ast-page-background-meta":{"desktop":{"background-color":"var(--ast-global-color-4)","background-image":"","background-repeat":"repeat","background-position":"center center","background-size":"auto","background-attachment":"scroll","background-type":"","background-media":"","overlay-type":"","overlay-color":"","overlay-opacity":"","overlay-gradient":""},"tablet":{"background-color":"","background-image":"","background-repeat":"repeat","background-position":"center center","background-size":"auto","background-attachment":"scroll","background-type":"","background-media":"","overlay-type":"","overlay-color":"","overlay-opacity":"","overlay-gradient":""},"mobile":{"background-color":"","background-image":"","background-repeat":"repeat","background-position":"center center","background-size":"auto","background-attachment":"scroll","background-type":"","background-media":"","overlay-type":"","overlay-color":"","overlay-opacity":"","overlay-gradient":""}},"ast-content-background-meta":{"desktop":{"background-color":"var(--ast-global-color-5)","background-image":"","background-repeat":"repeat","background-position":"center center","background-size":"auto","background-attachment":"scroll","background-type":"","background-media":"","overlay-type":"","overlay-color":"","overlay-opacity":"","overlay-gradient":""},"tablet":{"background-color":"var(--ast-global-color-5)","background-image":"","background-repeat":"repeat","background-position":"center center","background-size":"auto","background-attachment":"scroll","background-type":"","background-media":"","overlay-type":"","overlay-color":"","overlay-opacity":"","overlay-gradient":""},"mobile":{"background-color":"var(--ast-global-color-5)","background-image":"","background-repeat":"repeat","background-position":"center center","background-size":"auto","background-attachment":"scroll","background-type":"","background-media":"","overlay-type":"","overlay-color":"","overlay-opacity":"","overlay-gradient":""}},"footnotes":""},"class_list":["post-1860","page","type-page","status-publish","hentry"],"_links":{"self":[{"href":"https:\/\/www.wabip.com\/es\/wp-json\/wp\/v2\/pages\/1860","targetHints":{"allow":["GET"]}}],"collection":[{"href":"https:\/\/www.wabip.com\/es\/wp-json\/wp\/v2\/pages"}],"about":[{"href":"https:\/\/www.wabip.com\/es\/wp-json\/wp\/v2\/types\/page"}],"author":[{"embeddable":true,"href":"https:\/\/www.wabip.com\/es\/wp-json\/wp\/v2\/users\/1"}],"replies":[{"embeddable":true,"href":"https:\/\/www.wabip.com\/es\/wp-json\/wp\/v2\/comments?post=1860"}],"version-history":[{"count":0,"href":"https:\/\/www.wabip.com\/es\/wp-json\/wp\/v2\/pages\/1860\/revisions"}],"up":[{"embeddable":true,"href":"https:\/\/www.wabip.com\/es\/wp-json\/wp\/v2\/pages\/1858"}],"wp:attachment":[{"href":"https:\/\/www.wabip.com\/es\/wp-json\/wp\/v2\/media?parent=1860"}],"curies":[{"name":"wp","href":"https:\/\/api.w.org\/{rel}","templated":true}]}}