{"id":1837,"date":"2024-12-07T11:25:39","date_gmt":"2024-12-07T02:25:39","guid":{"rendered":"https:\/\/www.bronchologyfoundation.org\/?page_id=1837"},"modified":"2026-03-24T09:29:52","modified_gmt":"2026-03-24T00:29:52","slug":"killian-medal","status":"publish","type":"page","link":"https:\/\/www.wabip.com\/es\/awards\/killian-medal\/","title":{"rendered":"La Medalla Centenaria Gustav Killian"},"content":{"rendered":"<div class=\"h5-bar\">La Medalla Centenaria Gustav Killian<\/div>\n\n<div style=\"display:table;\">\n\n<img src=\"\/wp-content\/images\/awards\/g-killian.jpg\" class=\"wrap-left\" style=\"width:100%; max-width:330px;\" \/>La Medalla Centenaria Gustav Killian fue inicialmente dise\u00f1ada en 1997 para celebrar el centenario de la primera broncoscop\u00eda realizada por Gustav Killian, laring\u00f3logo alem\u00e1n y reconocido fundador de la broncolog\u00eda. La Medalla Killian reconoce a bronc\u00f3logos senior cuya trayectoria profesional y pr\u00e1cticas cl\u00ednicas han tenido un impacto significativo en el arte y la ciencia de la broncolog\u00eda. La Medalla Killian se otorga solo si se considera que un candidato nominado es merecedor de ella, en cuyo caso se entrega en el bienal <i>Congreso Mundial de Broncolog\u00eda y Neumolog\u00eda Intervencionista<\/i> (WCBIP).\n<\/div>\n\n<p><strong>Premiados Anteriores de la Medalla Centenaria Killian:<\/strong><\/p>\n<ul>\n<li>Shigeto Ikeda (1997), Jean-Francois Dumon (1998), Udaya BS Prakash (2000), Steven Lam (2002), Ko-Pen Wang (2004), Donald Zavala (2006), Pablo Diaz-Jimenez (2008), Henri Colt (2010), Hiroaki Osada (2012), Atul Mehta (2014), Kazuhiro Yasufuku (2016), Stefano Gasparini (2018), Eric Edell (2020), Martin Phillips (2022), Hideo Saka (2024)<\/li>\n<\/ul>\n\n<p><strong>Fecha L\u00edmite para la Presentaci\u00f3n de Nominaciones:<\/strong><\/p>\n<ul>\n<li><font color=\"red\">1 de julio de 2024<\/font><\/li><\/ul>\n\n<p><strong>Fecha L\u00edmite para la Presentaci\u00f3n de Solicitudes<\/strong> (para personas nominadas):<\/p>\n<ul>\n<li><font color=\"red\">14 de julio de 2024<\/font><\/li><\/ul>\n\n<p><strong>Criterios de Elegibilidad:<\/strong><\/p>\n<ul>\n<li>El candidato debe tener al menos una nominaci\u00f3n de un par o de s\u00ed mismo. El formulario de nominaci\u00f3n se puede encontrar a continuaci\u00f3n. <\/li>\n<li>El candidato debe ser un bronc\u00f3logo destacado con un historial notorio de publicaciones y actividad cl\u00ednica.<\/li>\n<li>El candidato debe tener logros a lo largo de su carrera consistentes con la capacidad de Gustav Killian para ayudar a generaciones de pacientes con trastornos pulmonares, de las v\u00edas respiratorias y del es\u00f3fago.<\/li>\n<li>El candidato debe ser un miembro en buena posici\u00f3n del WABIP.<\/li>\n<li>El candidato debe enviar un formulario de solicitud completo (abajo) adem\u00e1s de los siguientes documentos: un curr\u00edculum vitae reciente y una fotograf\u00eda del candidato. <\/li>\n<\/ul>\n<p><strong>Criterios de Evaluaci\u00f3n:<\/strong><\/p>\n<ul>\n<li>Las solicitudes de los candidatos ser\u00e1n revisadas por el comit\u00e9 de premios del WABIP.<\/li>\n<li>Los candidatos ser\u00e1n evaluados en base a TRES CRITERIOS (1) Importancia de las publicaciones de carrera, conferencias e innovaciones tecnol\u00f3gicas, (2) Impacto conocido en la pr\u00e1ctica cl\u00ednica y ciencia de la broncoscopia y neumolog\u00eda intervencionista, y (3) cartas de apoyo.<\/li>\n<\/ul>\n<p><strong>Descripci\u00f3n del Premio:<\/strong><\/p>\n<ul>\n<li>La Medalla Centenaria Killian es hist\u00f3ricamente el premio m\u00e1s preciado del WABIP.<\/li>\n<li>El galardonado ser\u00e1 reconocido oficialmente en el programa del WCBIP\/WCBE, la ceremonia de apertura y el sitio web del WABIP.<\/li>\n<li> Cada galardonado recibir\u00e1 la medalla centenaria especialmente grabada y un certificado de premio enmarcado.<\/li>\n<\/ul>\n\n<p><strong>Formularios:<\/strong><\/p>\n\n\n<div style=\"display:inline-block; width:300px;\" > \n<a href=\"\/wp-content\/downloads\/awards\/Killian_Medal_Nomination_Form.pdf\"><img src=\"\/wp-content\/images\/buttons\/download-nomination.png\" \/><\/a>\n<\/div>\n\n\n\n<br><br>\n<p><span style=\"font-size: 8pt;\">*Gustav Killian (1860-1921) fue profesor y jefe del departamento de rinolaringolog\u00eda en la Universidad de Friburgo, y m\u00e1s tarde en su carrera, profesor de laringolog\u00eda en la Universidad de Berl\u00edn, Alemania. El reconocido fundador de la broncoscopia, el servicio dedicado de Killian ayud\u00f3 a generaciones de pacientes con trastornos pulmonares, de las v\u00edas respiratorias y del es\u00f3fago. Su trabajo inspir\u00f3 a m\u00e9dicos de todo el mundo y sembr\u00f3 las semillas de la broncolog\u00eda moderna y la neumolog\u00eda intervencionista.<\/span><\/p>","protected":false},"excerpt":{"rendered":"<p>La Medalla Centenaria Gustav Killian La Medalla Centenaria Gustav Killian fue inicialmente dise\u00f1ada en 1997 para celebrar el centenario de la primera broncoscop\u00eda realizada por Gustav [&hellip;]<\/p>\n","protected":false},"author":1,"featured_media":0,"parent":1829,"menu_order":0,"comment_status":"closed","ping_status":"closed","template":"","meta":{"site-sidebar-layout":"default","site-content-layout":"","ast-site-content-layout":"default","site-content-style":"default","site-sidebar-style":"default","ast-global-header-display":"","ast-banner-title-visibility":"","ast-main-header-display":"","ast-hfb-above-header-display":"","ast-hfb-below-header-display":"","ast-hfb-mobile-header-display":"","site-post-title":"","ast-breadcrumbs-content":"","ast-featured-img":"","footer-sml-layout":"","ast-disable-related-posts":"","theme-transparent-header-meta":"default","adv-header-id-meta":"","stick-header-meta":"default","header-above-stick-meta":"","header-main-stick-meta":"","header-below-stick-meta":"","astra-migrate-meta-layouts":"set","ast-page-background-enabled":"default","ast-page-background-meta":{"desktop":{"background-color":"var(--ast-global-color-4)","background-image":"","background-repeat":"repeat","background-position":"center center","background-size":"auto","background-attachment":"scroll","background-type":"","background-media":"","overlay-type":"","overlay-color":"","overlay-opacity":"","overlay-gradient":""},"tablet":{"background-color":"","background-image":"","background-repeat":"repeat","background-position":"center center","background-size":"auto","background-attachment":"scroll","background-type":"","background-media":"","overlay-type":"","overlay-color":"","overlay-opacity":"","overlay-gradient":""},"mobile":{"background-color":"","background-image":"","background-repeat":"repeat","background-position":"center center","background-size":"auto","background-attachment":"scroll","background-type":"","background-media":"","overlay-type":"","overlay-color":"","overlay-opacity":"","overlay-gradient":""}},"ast-content-background-meta":{"desktop":{"background-color":"var(--ast-global-color-5)","background-image":"","background-repeat":"repeat","background-position":"center center","background-size":"auto","background-attachment":"scroll","background-type":"","background-media":"","overlay-type":"","overlay-color":"","overlay-opacity":"","overlay-gradient":""},"tablet":{"background-color":"var(--ast-global-color-5)","background-image":"","background-repeat":"repeat","background-position":"center center","background-size":"auto","background-attachment":"scroll","background-type":"","background-media":"","overlay-type":"","overlay-color":"","overlay-opacity":"","overlay-gradient":""},"mobile":{"background-color":"var(--ast-global-color-5)","background-image":"","background-repeat":"repeat","background-position":"center center","background-size":"auto","background-attachment":"scroll","background-type":"","background-media":"","overlay-type":"","overlay-color":"","overlay-opacity":"","overlay-gradient":""}},"footnotes":""},"class_list":["post-1837","page","type-page","status-publish","hentry"],"_links":{"self":[{"href":"https:\/\/www.wabip.com\/es\/wp-json\/wp\/v2\/pages\/1837","targetHints":{"allow":["GET"]}}],"collection":[{"href":"https:\/\/www.wabip.com\/es\/wp-json\/wp\/v2\/pages"}],"about":[{"href":"https:\/\/www.wabip.com\/es\/wp-json\/wp\/v2\/types\/page"}],"author":[{"embeddable":true,"href":"https:\/\/www.wabip.com\/es\/wp-json\/wp\/v2\/users\/1"}],"replies":[{"embeddable":true,"href":"https:\/\/www.wabip.com\/es\/wp-json\/wp\/v2\/comments?post=1837"}],"version-history":[{"count":0,"href":"https:\/\/www.wabip.com\/es\/wp-json\/wp\/v2\/pages\/1837\/revisions"}],"up":[{"embeddable":true,"href":"https:\/\/www.wabip.com\/es\/wp-json\/wp\/v2\/pages\/1829"}],"wp:attachment":[{"href":"https:\/\/www.wabip.com\/es\/wp-json\/wp\/v2\/media?parent=1837"}],"curies":[{"name":"wp","href":"https:\/\/api.w.org\/{rel}","templated":true}]}}