{"id":1834,"date":"2024-12-07T11:27:44","date_gmt":"2024-12-07T02:27:44","guid":{"rendered":"https:\/\/www.bronchologyfoundation.org\/?page_id=1834"},"modified":"2026-03-24T09:30:41","modified_gmt":"2026-03-24T00:30:41","slug":"regent","status":"publish","type":"page","link":"https:\/\/www.wabip.com\/es\/awards\/regent\/","title":{"rendered":"El Premio Distinguido de Regente de la WABIP"},"content":{"rendered":"<style type=\"text\/css\">\n@media only screen and (min-width: 520px)  { \n.wrap-left {width:240px;}\n       }\n<\/style>\n<div class=\"h5-bar\">El Premio Distinguido de Regente de la WABIP<\/div>\n\n<div style=\"display:table;\">\n\n<img src=\"\/wp-content\/images\/awards\/distinguished-wabip-regent-award.png\" class=\"wrap-left\"\/>\nLa WABIP presenta el Premio Distinguido de Regente de la WABIP a cualquier Regente de la WABIP que haya hecho contribuciones significativas al desarrollo de las actividades de WABIP en su pa\u00eds durante su mandato como Regente. El premio reconoce el papel clave de los Regentes en la estructura de la WABIP. El Premio Distinguido de Regente de la WABIP se otorgar\u00e1 al galardonado en el Congreso Mundial bienal de Broncolog\u00eda y Neumolog\u00eda Intervencionista (WCBIP).\n<\/div>\n<br>\n\n<p><strong>Ganadores anteriores del Premio Distinguido de Regente de la WABIP:<\/strong><\/p>\n<ul>\n  <li>Erik van der Heijden (2020), Spasoje Popevi\u0107 (2022), Lamiya Chrif Morand (2024)<\/li>\n<\/ul>\n\n<strong>Fecha l\u00edmite para la presentaci\u00f3n de nominaciones:<\/strong>\n<ul>\n<li><font color=\"red\">1 de julio de 2024<\/font><\/li><\/ul>\n<p><strong>Criterios de elegibilidad:<\/strong><\/p>\n<ul>\n\n<li>El candidato debe ser nominado por un miembro de la Junta Ejecutiva de la WABIP y enviar su solicitud con los documentos relacionados a la Oficina Administrativa de la WABIP. La nominaci\u00f3n y los documentos se enviar\u00e1n al comit\u00e9 de premios de la WABIP para su revisi\u00f3n final y determinaci\u00f3n.<\/li>\n<li>El candidato debe ser un miembro de la WABIP en regla.<\/li>\n<li>El candidato debe ser un Regente de cualquiera de los pa\u00edses pertenecientes a la WABIP en el momento de la nominaci\u00f3n.<\/li>\n<li>El candidato debe presentar un formulario de solicitud completo (a continuaci\u00f3n) adem\u00e1s de los siguientes documentos: un curr\u00edculum vitae reciente, un historial de su participaci\u00f3n en la WABIP y una fotograf\u00eda del candidato. <\/li>\n\n<\/ul>\n\n<p><strong>Criterios de evaluaci\u00f3n:<\/strong><\/p>\n<ul>\n  <li>Las solicitudes de los candidatos ser\u00e1n revisadas por el comit\u00e9 de premios de la WABIP.<\/li>\n  <li>Los candidatos ser\u00e1n evaluados seg\u00fan TRES CRITERIOS (1) Importancia de su participaci\u00f3n personal en la organizaci\u00f3n de las actividades de la WABIP en su pa\u00eds (2) Importancia de la cantidad de miembros activos de la WABIP en regla en su pa\u00eds, (3) Importancia de su participaci\u00f3n personal en las actividades globales de la WABIP.<\/li>\n\n<\/ul>\n\n<p><strong>El galardonado recibir\u00e1:<\/strong><\/p>\n<ul>\n\n <li>El galardonado ser\u00e1 oficialmente reconocido en el programa del WCBIP\/WCBE, ceremonia de apertura y en el sitio web de la WABIP.<\/li>\n <li>Cada galardonado recibir\u00e1 una placa y un diploma del premio.<\/li>\n<\/ul>","protected":false},"excerpt":{"rendered":"<p>El Premio Distinguido de Regente de la WABIP La WABIP presenta el Premio Distinguido de Regente de la WABIP a cualquier Regente de la WABIP que [&hellip;]<\/p>\n","protected":false},"author":1,"featured_media":0,"parent":1829,"menu_order":0,"comment_status":"closed","ping_status":"closed","template":"","meta":{"site-sidebar-layout":"default","site-content-layout":"","ast-site-content-layout":"default","site-content-style":"default","site-sidebar-style":"default","ast-global-header-display":"","ast-banner-title-visibility":"","ast-main-header-display":"","ast-hfb-above-header-display":"","ast-hfb-below-header-display":"","ast-hfb-mobile-header-display":"","site-post-title":"","ast-breadcrumbs-content":"","ast-featured-img":"","footer-sml-layout":"","ast-disable-related-posts":"","theme-transparent-header-meta":"default","adv-header-id-meta":"","stick-header-meta":"default","header-above-stick-meta":"","header-main-stick-meta":"","header-below-stick-meta":"","astra-migrate-meta-layouts":"set","ast-page-background-enabled":"default","ast-page-background-meta":{"desktop":{"background-color":"var(--ast-global-color-4)","background-image":"","background-repeat":"repeat","background-position":"center center","background-size":"auto","background-attachment":"scroll","background-type":"","background-media":"","overlay-type":"","overlay-color":"","overlay-opacity":"","overlay-gradient":""},"tablet":{"background-color":"","background-image":"","background-repeat":"repeat","background-position":"center center","background-size":"auto","background-attachment":"scroll","background-type":"","background-media":"","overlay-type":"","overlay-color":"","overlay-opacity":"","overlay-gradient":""},"mobile":{"background-color":"","background-image":"","background-repeat":"repeat","background-position":"center center","background-size":"auto","background-attachment":"scroll","background-type":"","background-media":"","overlay-type":"","overlay-color":"","overlay-opacity":"","overlay-gradient":""}},"ast-content-background-meta":{"desktop":{"background-color":"var(--ast-global-color-5)","background-image":"","background-repeat":"repeat","background-position":"center center","background-size":"auto","background-attachment":"scroll","background-type":"","background-media":"","overlay-type":"","overlay-color":"","overlay-opacity":"","overlay-gradient":""},"tablet":{"background-color":"var(--ast-global-color-5)","background-image":"","background-repeat":"repeat","background-position":"center center","background-size":"auto","background-attachment":"scroll","background-type":"","background-media":"","overlay-type":"","overlay-color":"","overlay-opacity":"","overlay-gradient":""},"mobile":{"background-color":"var(--ast-global-color-5)","background-image":"","background-repeat":"repeat","background-position":"center center","background-size":"auto","background-attachment":"scroll","background-type":"","background-media":"","overlay-type":"","overlay-color":"","overlay-opacity":"","overlay-gradient":""}},"footnotes":""},"class_list":["post-1834","page","type-page","status-publish","hentry"],"_links":{"self":[{"href":"https:\/\/www.wabip.com\/es\/wp-json\/wp\/v2\/pages\/1834","targetHints":{"allow":["GET"]}}],"collection":[{"href":"https:\/\/www.wabip.com\/es\/wp-json\/wp\/v2\/pages"}],"about":[{"href":"https:\/\/www.wabip.com\/es\/wp-json\/wp\/v2\/types\/page"}],"author":[{"embeddable":true,"href":"https:\/\/www.wabip.com\/es\/wp-json\/wp\/v2\/users\/1"}],"replies":[{"embeddable":true,"href":"https:\/\/www.wabip.com\/es\/wp-json\/wp\/v2\/comments?post=1834"}],"version-history":[{"count":0,"href":"https:\/\/www.wabip.com\/es\/wp-json\/wp\/v2\/pages\/1834\/revisions"}],"up":[{"embeddable":true,"href":"https:\/\/www.wabip.com\/es\/wp-json\/wp\/v2\/pages\/1829"}],"wp:attachment":[{"href":"https:\/\/www.wabip.com\/es\/wp-json\/wp\/v2\/media?parent=1834"}],"curies":[{"name":"wp","href":"https:\/\/api.w.org\/{rel}","templated":true}]}}