{"id":1833,"date":"2024-12-07T11:27:10","date_gmt":"2024-12-07T02:27:10","guid":{"rendered":"https:\/\/www.bronchologyfoundation.org\/?page_id=1833"},"modified":"2024-12-24T09:31:26","modified_gmt":"2024-12-24T00:31:26","slug":"becker","status":"publish","type":"page","link":"https:\/\/www.wabip.com\/es\/awards\/becker\/","title":{"rendered":"Premios Heinrich Becker para J\u00f3venes Investigadores en Innovaci\u00f3n Cl\u00ednica e Investigaci\u00f3n"},"content":{"rendered":"<div class=\"h5-bar\">Premios Heinrich Becker para J\u00f3venes Investigadores en Innovaci\u00f3n Cl\u00ednica e Investigaci\u00f3n<\/div>\n\n<div style=\"display:table\">\n<img src=\"\/wp-content\/images\/awards\/h-becker.jpg\" class=\"wrap-left\" style=\"width:100%; max-width:330px;\"\/>Los Premios Heinrich Becker para J\u00f3venes Investigadores en Innovaci\u00f3n Cl\u00ednica e Investigaci\u00f3n est\u00e1n dise\u00f1ados para reconocer a j\u00f3venes investigadores y cl\u00ednicos cuyo trabajo contribuye significativamente al cuidado de pacientes, investigaci\u00f3n o innovaciones tecnol\u00f3gicas relacionadas con la broncolog\u00eda. Se otorgan tres premios iguales de $1,000 cada uno en el bienal <i>World Congress for Bronchology and Interventional Pulmonology<\/i> (WCBIP). Estos fondos est\u00e1n destinados a ayudar a compensar los gastos para asistir al WCBIP.\n<\/div>\n\n\n\n<!-- no shanghai applications 2020\n<p><strong>Plazo de solicitud:<\/strong><\/p>\n<ul>\n  <li><font color=\"red\">1 de marzo de 2018 (expirado)<\/font> <\/li><\/ul>\n-->\n\n\n\n<p><strong>Premiados anteriores de los Premios Becker para J\u00f3venes Investigadores:<\/strong><\/p>\n<ul>\n  <li>2014: Adrian Kee, Takahiro Nakajima, Mireia Serra-Fortuny  <\/li>\n  <li>2016: Rosaria Carrinola, Melissa Suter, Bojan Zaric <\/li>\n  <li>2018: Liyan Bo, Alex Chee, Yu Chen<\/li>\n<\/ul>\n\n\n<p><strong>C\u00f3mo aplicar:<\/strong><\/p>\n<ul>\n<li>Marque la casilla de verificaci\u00f3n \"Apply for Becker award\" en el formulario de presentaci\u00f3n de res\u00famenes en el sitio web oficial del WCBIP. Las pautas de presentaci\u00f3n de res\u00famenes est\u00e1n <a href=\"https:\/\/www.wcbip.org\/abstracts\">aqu\u00ed<\/a><\/li>\n<\/ul>\n\n\n<p><strong>Criterios de Elegibilidad:<\/strong><\/p>\n<ul>\n<li>Presentaci\u00f3n de un resumen escrito para el WCBIP.<\/li>\n<li>Los res\u00famenes elegibles incluyen estudios cl\u00ednicos originales prospectivos o retrospectivos, investigaci\u00f3n b\u00e1sica o traslacional, series basadas en casos, descripciones t\u00e9cnicas innovadoras de un procedimiento o informes de casos. Los res\u00famenes pueden tener hasta 400 palabras e incluir una tabla o figura y tres referencias; el t\u00edtulo, afiliaciones de los autores, t\u00edtulos de los autores, tablas\/figuras y referencias no cuentan para el l\u00edmite de 400 palabras.<\/li>\n<li>El investigador\/cl\u00ednico debe ser el autor principal del resumen presentado.<\/li>\n<li>El investigador\/cl\u00ednico debe tener 40 a\u00f1os o menos.<\/li>\n<li>El investigador\/cl\u00ednico debe asistir al WCBIP para recibir el premio.<\/li>\n<\/ul>\n<p><strong>Criterios de Evaluaci\u00f3n:<\/strong><\/p>\n<ul>\n<li>Los res\u00famenes elegibles ser\u00e1n revisados por el comit\u00e9 de premios de WABIP (Los miembros del comit\u00e9 de la instituci\u00f3n de origen del investigador\/cl\u00ednico se abstendr\u00e1n de la discusi\u00f3n y votaci\u00f3n).<\/li>\n<li>Los res\u00famenes ser\u00e1n juzgados seg\u00fan CINCO criterios: (1)&nbsp;Innovaci\u00f3n, (2) Impacto en un procedimiento o resultado del paciente, (3) Presentaci\u00f3n de datos, (4) Complejidad, y (5) Impacto en el entorno de la pr\u00e1ctica m\u00e9dica.<\/li>\n<\/ul>\n<p><strong>Descripci\u00f3n de los Premios:<\/strong><\/p>\n<ul>\n<li>Tres galardonados recibir\u00e1n cada uno $1,000 para ayudar a compensar los costos de asistir al WCBIP.<\/li>\n<li>Cada galardonado recibir\u00e1 un certificado de premio enmarcado especialmente.<\/li>\n<li>Los premiados ser\u00e1n reconocidos en el programa WCBIP\/WCBE, en la ceremonia de apertura y en el sitio web de WABIP.<\/li>\n<\/ul>\n\n<p><span style=\"font-size: 8pt;\">*Heinrich Becker, MD, FCCP (retirado, Thoraxklinik en la Universidad de Heidelberg) comenz\u00f3 su carrera como internista especializado en enfermedades gastrointestinales. Una segunda carrera como neum\u00f3logo ampli\u00f3 a\u00fan m\u00e1s sus intereses en la endoscopia GI y la broncoscopia. Las voluminosa actividades cl\u00ednicas y de investigaci\u00f3n del Dr. Becker contribuyeron significativamente al dise\u00f1o, desarrollo, difusi\u00f3n y evaluaci\u00f3n de muchas tecnolog\u00edas de intervenci\u00f3n utilizadas hoy en d\u00eda.<\/span><\/p>","protected":false},"excerpt":{"rendered":"<p>Premios Heinrich Becker para J\u00f3venes Investigadores en Innovaci\u00f3n Cl\u00ednica e Investigaci\u00f3n Los Premios Heinrich Becker para J\u00f3venes Investigadores en Innovaci\u00f3n Cl\u00ednica e Investigaci\u00f3n est\u00e1n dise\u00f1ados para [&hellip;]<\/p>\n","protected":false},"author":1,"featured_media":0,"parent":1829,"menu_order":0,"comment_status":"closed","ping_status":"closed","template":"","meta":{"site-sidebar-layout":"default","site-content-layout":"","ast-site-content-layout":"default","site-content-style":"default","site-sidebar-style":"default","ast-global-header-display":"","ast-banner-title-visibility":"","ast-main-header-display":"","ast-hfb-above-header-display":"","ast-hfb-below-header-display":"","ast-hfb-mobile-header-display":"","site-post-title":"","ast-breadcrumbs-content":"","ast-featured-img":"","footer-sml-layout":"","ast-disable-related-posts":"","theme-transparent-header-meta":"default","adv-header-id-meta":"","stick-header-meta":"default","header-above-stick-meta":"","header-main-stick-meta":"","header-below-stick-meta":"","astra-migrate-meta-layouts":"set","ast-page-background-enabled":"default","ast-page-background-meta":{"desktop":{"background-color":"var(--ast-global-color-4)","background-image":"","background-repeat":"repeat","background-position":"center center","background-size":"auto","background-attachment":"scroll","background-type":"","background-media":"","overlay-type":"","overlay-color":"","overlay-opacity":"","overlay-gradient":""},"tablet":{"background-color":"","background-image":"","background-repeat":"repeat","background-position":"center center","background-size":"auto","background-attachment":"scroll","background-type":"","background-media":"","overlay-type":"","overlay-color":"","overlay-opacity":"","overlay-gradient":""},"mobile":{"background-color":"","background-image":"","background-repeat":"repeat","background-position":"center center","background-size":"auto","background-attachment":"scroll","background-type":"","background-media":"","overlay-type":"","overlay-color":"","overlay-opacity":"","overlay-gradient":""}},"ast-content-background-meta":{"desktop":{"background-color":"var(--ast-global-color-5)","background-image":"","background-repeat":"repeat","background-position":"center center","background-size":"auto","background-attachment":"scroll","background-type":"","background-media":"","overlay-type":"","overlay-color":"","overlay-opacity":"","overlay-gradient":""},"tablet":{"background-color":"var(--ast-global-color-5)","background-image":"","background-repeat":"repeat","background-position":"center center","background-size":"auto","background-attachment":"scroll","background-type":"","background-media":"","overlay-type":"","overlay-color":"","overlay-opacity":"","overlay-gradient":""},"mobile":{"background-color":"var(--ast-global-color-5)","background-image":"","background-repeat":"repeat","background-position":"center center","background-size":"auto","background-attachment":"scroll","background-type":"","background-media":"","overlay-type":"","overlay-color":"","overlay-opacity":"","overlay-gradient":""}},"footnotes":""},"class_list":["post-1833","page","type-page","status-publish","hentry"],"_links":{"self":[{"href":"https:\/\/www.wabip.com\/es\/wp-json\/wp\/v2\/pages\/1833","targetHints":{"allow":["GET"]}}],"collection":[{"href":"https:\/\/www.wabip.com\/es\/wp-json\/wp\/v2\/pages"}],"about":[{"href":"https:\/\/www.wabip.com\/es\/wp-json\/wp\/v2\/types\/page"}],"author":[{"embeddable":true,"href":"https:\/\/www.wabip.com\/es\/wp-json\/wp\/v2\/users\/1"}],"replies":[{"embeddable":true,"href":"https:\/\/www.wabip.com\/es\/wp-json\/wp\/v2\/comments?post=1833"}],"version-history":[{"count":0,"href":"https:\/\/www.wabip.com\/es\/wp-json\/wp\/v2\/pages\/1833\/revisions"}],"up":[{"embeddable":true,"href":"https:\/\/www.wabip.com\/es\/wp-json\/wp\/v2\/pages\/1829"}],"wp:attachment":[{"href":"https:\/\/www.wabip.com\/es\/wp-json\/wp\/v2\/media?parent=1833"}],"curies":[{"name":"wp","href":"https:\/\/api.w.org\/{rel}","templated":true}]}}