{"id":1832,"date":"2024-12-07T11:26:43","date_gmt":"2024-12-07T02:26:43","guid":{"rendered":"https:\/\/www.bronchologyfoundation.org\/?page_id=1832"},"modified":"2026-03-24T09:30:14","modified_gmt":"2026-03-24T00:30:14","slug":"lifetime-achievement","status":"publish","type":"page","link":"https:\/\/www.wabip.com\/es\/awards\/lifetime-achievement\/","title":{"rendered":"El Premio WABIP a la Trayectoria"},"content":{"rendered":"<style type=\"text\/css\">\n@media only screen and (min-width: 520px)  { \n.wrap-left {width:240px;}\n       }\n<\/style>\n\n<div class=\"h5-bar\">El Premio WABIP a la Trayectoria<\/div>\n\n<div style=\"display:table;\">\n\n<img src=\"\/wp-content\/images\/awards\/lifetime-achievement.jpg\" class=\"wrap-left\"\/>\nLa aceptaci\u00f3n generalizada y el desempe\u00f1o competente de muchos procedimientos m\u00ednimamente invasivos utilizados en el campo de la broncolog\u00eda y la neumolog\u00eda intervencionista son el resultado de a\u00f1os de dedicaci\u00f3n al servicio cl\u00ednico y al desinteresado intercambio de conocimientos a nivel nacional o regional. <i>El Premio WABIP a la Trayectoria<\/i> est\u00e1 dise\u00f1ado para reconocer a aquellos que han hecho contribuciones considerables a la pr\u00e1ctica cl\u00ednica de la broncolog\u00eda y la neumolog\u00eda intervencionista en sus respectivas regiones, pero que se han retirado de la pr\u00e1ctica cl\u00ednica activa y no han sido reconocidos de otra manera por su servicio de liderazgo en nuestra asociaci\u00f3n internacional.\n\n<\/div>\n<br>\n\n<p><strong>Premiados anteriores del Premio WABIP a la Trayectoria:<\/strong><\/p>\n<ul>\n  <li>Sergio Cavaliere (2016), Hugo Botto (2020), Teruomi Miyazawa (2022)  <\/li>\n<\/ul>\n\n<strong>Fecha l\u00edmite para el env\u00edo de nominaciones:<\/strong>\n\n<ul>\n<li><font color=\"red\">1 de julio de 2024<\/font><\/li><\/ul>\n\n<p><strong>Criterios de elegibilidad:<\/strong><\/p>\n<ul>\n\n<li>El destinatario del premio debe estar retirado de la pr\u00e1ctica cl\u00ednica activa.<\/li>\n<li>El destinatario del premio debe haber tenido una pr\u00e1ctica de atenci\u00f3n al paciente nacional o reconocida a nivel regional, incluyendo referencias para servicios de neumolog\u00eda intervencionista.<\/li>\n<li>El destinatario del premio debe haber entrenado a otros m\u00e9dicos o cirujanos en procedimientos intervencionistas y manejo de enfermedades relacionadas. <\/li>\n<li>El destinatario del premio debe ser o haber sido un l\u00edder en su propio pa\u00eds y\/o regi\u00f3n.<\/li>\n<li>El destinatario del premio no debe haber recibido el Premio WABIP-Dumon y\/o la Medalla Killian.<\/li>\n<li>El destinatario del premio debe haber practicado la neumolog\u00eda intervencionista durante al menos 30 a\u00f1os desde su formaci\u00f3n. <\/li>\n<li>El destinatario del premio debe ser un defensor de la neumolog\u00eda intervencionista.<\/li>\n<li>El destinatario del premio debe haber introducido o ayudado a desarrollar t\u00e9cnicas intervencionistas.<\/li>\n<li>El destinatario del premio puede no ser necesariamente un miembro de WABIP.<\/li>\n<li>El comit\u00e9 de premios puede elegir a los destinatarios de los premios fuera del grupo de nominados presentados por la membres\u00eda general de WABIP. <\/li>\n<li>Uno o m\u00e1s Premios WABIP a la Trayectoria pueden presentarse en el Congreso Mundial bienal de Broncolog\u00eda y Neumolog\u00eda Intervencionista (WCBIP).<\/li>\n\n<\/ul>\n\n<p><strong>Formulario:<\/strong><\/p>\n\n(Usuarios de Chrome: haga clic derecho y \"Guardar enlace como\" para descargar los formularios en su disco duro)<\/span>\n\n<br><br>\n<a href=\"\/wp-content\/downloads\/awards\/LifetimeAchievement_Nomination_Form.pdf\"><img src=\"\/wp-content\/images\/buttons\/download-nomination.png\"><\/a>\n","protected":false},"excerpt":{"rendered":"<p>El Premio WABIP a la Trayectoria La aceptaci\u00f3n generalizada y el desempe\u00f1o competente de muchos procedimientos m\u00ednimamente invasivos utilizados en el campo de la broncolog\u00eda y [&hellip;]<\/p>\n","protected":false},"author":1,"featured_media":0,"parent":1829,"menu_order":0,"comment_status":"closed","ping_status":"closed","template":"","meta":{"site-sidebar-layout":"default","site-content-layout":"","ast-site-content-layout":"default","site-content-style":"default","site-sidebar-style":"default","ast-global-header-display":"","ast-banner-title-visibility":"","ast-main-header-display":"","ast-hfb-above-header-display":"","ast-hfb-below-header-display":"","ast-hfb-mobile-header-display":"","site-post-title":"","ast-breadcrumbs-content":"","ast-featured-img":"","footer-sml-layout":"","ast-disable-related-posts":"","theme-transparent-header-meta":"default","adv-header-id-meta":"","stick-header-meta":"default","header-above-stick-meta":"","header-main-stick-meta":"","header-below-stick-meta":"","astra-migrate-meta-layouts":"set","ast-page-background-enabled":"default","ast-page-background-meta":{"desktop":{"background-color":"var(--ast-global-color-4)","background-image":"","background-repeat":"repeat","background-position":"center center","background-size":"auto","background-attachment":"scroll","background-type":"","background-media":"","overlay-type":"","overlay-color":"","overlay-opacity":"","overlay-gradient":""},"tablet":{"background-color":"","background-image":"","background-repeat":"repeat","background-position":"center center","background-size":"auto","background-attachment":"scroll","background-type":"","background-media":"","overlay-type":"","overlay-color":"","overlay-opacity":"","overlay-gradient":""},"mobile":{"background-color":"","background-image":"","background-repeat":"repeat","background-position":"center center","background-size":"auto","background-attachment":"scroll","background-type":"","background-media":"","overlay-type":"","overlay-color":"","overlay-opacity":"","overlay-gradient":""}},"ast-content-background-meta":{"desktop":{"background-color":"var(--ast-global-color-5)","background-image":"","background-repeat":"repeat","background-position":"center center","background-size":"auto","background-attachment":"scroll","background-type":"","background-media":"","overlay-type":"","overlay-color":"","overlay-opacity":"","overlay-gradient":""},"tablet":{"background-color":"var(--ast-global-color-5)","background-image":"","background-repeat":"repeat","background-position":"center center","background-size":"auto","background-attachment":"scroll","background-type":"","background-media":"","overlay-type":"","overlay-color":"","overlay-opacity":"","overlay-gradient":""},"mobile":{"background-color":"var(--ast-global-color-5)","background-image":"","background-repeat":"repeat","background-position":"center center","background-size":"auto","background-attachment":"scroll","background-type":"","background-media":"","overlay-type":"","overlay-color":"","overlay-opacity":"","overlay-gradient":""}},"footnotes":""},"class_list":["post-1832","page","type-page","status-publish","hentry"],"_links":{"self":[{"href":"https:\/\/www.wabip.com\/es\/wp-json\/wp\/v2\/pages\/1832","targetHints":{"allow":["GET"]}}],"collection":[{"href":"https:\/\/www.wabip.com\/es\/wp-json\/wp\/v2\/pages"}],"about":[{"href":"https:\/\/www.wabip.com\/es\/wp-json\/wp\/v2\/types\/page"}],"author":[{"embeddable":true,"href":"https:\/\/www.wabip.com\/es\/wp-json\/wp\/v2\/users\/1"}],"replies":[{"embeddable":true,"href":"https:\/\/www.wabip.com\/es\/wp-json\/wp\/v2\/comments?post=1832"}],"version-history":[{"count":0,"href":"https:\/\/www.wabip.com\/es\/wp-json\/wp\/v2\/pages\/1832\/revisions"}],"up":[{"embeddable":true,"href":"https:\/\/www.wabip.com\/es\/wp-json\/wp\/v2\/pages\/1829"}],"wp:attachment":[{"href":"https:\/\/www.wabip.com\/es\/wp-json\/wp\/v2\/media?parent=1832"}],"curies":[{"name":"wp","href":"https:\/\/api.w.org\/{rel}","templated":true}]}}