{"id":1831,"date":"2024-12-07T11:26:09","date_gmt":"2024-12-07T02:26:09","guid":{"rendered":"https:\/\/www.bronchologyfoundation.org\/?page_id=1831"},"modified":"2026-03-24T09:29:32","modified_gmt":"2026-03-24T00:29:32","slug":"dumon","status":"publish","type":"page","link":"https:\/\/www.wabip.com\/es\/awards\/dumon\/","title":{"rendered":"El Premio WABIP-Dumon"},"content":{"rendered":"<div class=\"h5-bar\">El Premio WABIP-Dumon<\/div>\n\n<div style=\"display:table\">\n<img src=\"\/wp-content\/images\/awards\/jf-dumon.jpg\" class=\"wrap-left\" style=\"width:100%; max-width:330px;\"\/>El Premio WABIP-Dumon comenz\u00f3 como un premio de la Sociedad Japonesa de Neumolog\u00eda Intervencionista. Desde 2007, cuatro personas han recibido el premio. En 2013, fue adoptado por el WABIP y renombrado como el premio WABIP-Dumon para reconocer a aquellas personas que han dedicado generosamente sus carreras a mejorar las habilidades t\u00e9cnicas de otros en broncoscopia r\u00edgida y a mejorar el conocimiento y comprensi\u00f3n de la obstrucci\u00f3n de la v\u00eda a\u00e9rea central. El premio WABIP-Dumon se otorga en el bienal <i>Congreso Mundial de Broncoscopia y Neumolog\u00eda Intervencionista<\/i> (WCBIP).\n<\/div>\n\n<p><strong>Ganadores Anteriores del Premio WABIP-Dumon:<\/strong><\/p>\n<ul>\n<li>John Beamis (2007), Henri Colt (2008), Hermann Tonn (2009), Heinrich Becker (2010), Jean-Michel Vergnon (2014), Masahide Oki (2016), Pablo Diaz (2018), Herve Dutau (2020), Septimiu Murgu (2022), Jamalul Azizi Bin Abdul Rahaman (2024)<\/li>\n<\/ul>\n\n<p><strong>Fecha L\u00edmite para la Presentaci\u00f3n de Nominaciones<\/strong>:<\/p>\n<ul>\n<li><font color=\"red\">1 de julio de 2024<\/font><\/li><\/ul>\n\n<p><strong>Fecha L\u00edmite para la Presentaci\u00f3n de Solicitudes<\/strong> (para las personas nominadas):<\/p>\n<ul>\n<li><font color=\"red\">14 de julio de 2024<\/font><\/li><\/ul>\n\n<p><strong>Criterios de Elegibilidad:<\/strong><\/p>\n<ul>\n<li>El candidato debe tener al menos una nominaci\u00f3n de un colega o de s\u00ed mismo. El formulario de nominaci\u00f3n se puede encontrar a continuaci\u00f3n.<\/li>\n<li>El candidato debe ser un bronc\u00f3logo destacado con un historial reconocido de publicaciones, ense\u00f1anza, talleres y pr\u00e1ctica cl\u00ednica.<\/li>\n<li>El candidato debe tener logros a lo largo de su carrera coherentes con la capacidad de Jean-Francois Dumon para inspirar a otros, difundir t\u00e9cnicas de broncoscopia r\u00edgida y mejorar el conocimiento y comprensi\u00f3n de la obstrucci\u00f3n de la v\u00eda a\u00e9rea central.<\/li>\n<li>El candidato debe ser miembro de la WABIP con buena reputaci\u00f3n.<\/li>\n<li>El candidato debe presentar un formulario de solicitud completo (abajo) adem\u00e1s de los siguientes documentos: un curr\u00edculum vitae reciente y una fotograf\u00eda del candidato.<\/li>\n<\/ul>\n<p><strong>Criterios de Evaluaci\u00f3n:<\/strong><\/p>\n<ul>\n<li>Los candidatos tendr\u00e1n sus solicitudes revisadas por el comit\u00e9 de premios de la WABIP.<\/li>\n<li>Los candidatos ser\u00e1n evaluados basados en TRES CRITERIOS: (1) Capacidad para inspirar a otros, difundir habilidades t\u00e9cnicas en broncoscopia r\u00edgida y mejorar el conocimiento y comprensi\u00f3n de la obstrucci\u00f3n de la v\u00eda a\u00e9rea central, (2) Impacto de las publicaciones, videos de entrenamiento, talleres y conferencias relacionadas con la broncoscopia intervencionista, y (3) cartas de apoyo.<\/li>\n<\/ul>\n<p><strong>Descripci\u00f3n del Premio:<\/strong><\/p>\n<ul>\n<li>El ganador del premio ser\u00e1 oficialmente reconocido en el programa WCBIP\/WCBE, ceremonia de apertura y sitio web de WABIP.<\/li>\n<li>Cada ganador del premio recibir\u00e1 una medalla especialmente dise\u00f1ada y un certificado de premio enmarcado.<\/li>\n<\/ul>\n\n<p><strong>Formularios:<\/strong><\/p>\n\n<div style=\"display:inline-block; width:300px;\" > \n<a href=\"\/wp-content\/downloads\/awards\/Dumon_Award_Nomination_Form.pdf\"><img src=\"\/wp-content\/images\/buttons\/download-nomination.png\" \/><\/a>\n<\/div>\n\n<br><br>\n<p><span style=\"font-size: 8pt;\">*Jean-Francois Dumon es reconocido hoy como el \u201cpadre\u201d de la broncoscopia intervencionista. Desde su Centro L\u00e1ser en Marsella, Francia, generosamente acogi\u00f3 a broncoscopistas de todo el mundo. Al proporcionar experiencias de observaci\u00f3n y pr\u00e1cticas a cientos durante casi treinta a\u00f1os, rejuveneci\u00f3 el arte y la ciencia de la broncoscopia r\u00edgida, resecci\u00f3n l\u00e1ser, im\u00e1genes de la v\u00eda a\u00e9rea asistidas por video e inserci\u00f3n de stents. Aquellos a quienes inspir\u00f3 contin\u00faan difundiendo t\u00e9cnicas innovadoras para manejar la obstrucci\u00f3n de la v\u00eda a\u00e9rea central en beneficio de sus pacientes y la sociedad.<\/span><\/p>","protected":false},"excerpt":{"rendered":"<p>El Premio WABIP-Dumon El Premio WABIP-Dumon comenz\u00f3 como un premio de la Sociedad Japonesa de Neumolog\u00eda Intervencionista. Desde 2007, cuatro personas han recibido el premio. En [&hellip;]<\/p>\n","protected":false},"author":1,"featured_media":0,"parent":1829,"menu_order":0,"comment_status":"closed","ping_status":"closed","template":"","meta":{"site-sidebar-layout":"default","site-content-layout":"","ast-site-content-layout":"default","site-content-style":"default","site-sidebar-style":"default","ast-global-header-display":"","ast-banner-title-visibility":"","ast-main-header-display":"","ast-hfb-above-header-display":"","ast-hfb-below-header-display":"","ast-hfb-mobile-header-display":"","site-post-title":"","ast-breadcrumbs-content":"","ast-featured-img":"","footer-sml-layout":"","ast-disable-related-posts":"","theme-transparent-header-meta":"default","adv-header-id-meta":"","stick-header-meta":"default","header-above-stick-meta":"","header-main-stick-meta":"","header-below-stick-meta":"","astra-migrate-meta-layouts":"set","ast-page-background-enabled":"default","ast-page-background-meta":{"desktop":{"background-color":"var(--ast-global-color-4)","background-image":"","background-repeat":"repeat","background-position":"center center","background-size":"auto","background-attachment":"scroll","background-type":"","background-media":"","overlay-type":"","overlay-color":"","overlay-opacity":"","overlay-gradient":""},"tablet":{"background-color":"","background-image":"","background-repeat":"repeat","background-position":"center center","background-size":"auto","background-attachment":"scroll","background-type":"","background-media":"","overlay-type":"","overlay-color":"","overlay-opacity":"","overlay-gradient":""},"mobile":{"background-color":"","background-image":"","background-repeat":"repeat","background-position":"center center","background-size":"auto","background-attachment":"scroll","background-type":"","background-media":"","overlay-type":"","overlay-color":"","overlay-opacity":"","overlay-gradient":""}},"ast-content-background-meta":{"desktop":{"background-color":"var(--ast-global-color-5)","background-image":"","background-repeat":"repeat","background-position":"center center","background-size":"auto","background-attachment":"scroll","background-type":"","background-media":"","overlay-type":"","overlay-color":"","overlay-opacity":"","overlay-gradient":""},"tablet":{"background-color":"var(--ast-global-color-5)","background-image":"","background-repeat":"repeat","background-position":"center center","background-size":"auto","background-attachment":"scroll","background-type":"","background-media":"","overlay-type":"","overlay-color":"","overlay-opacity":"","overlay-gradient":""},"mobile":{"background-color":"var(--ast-global-color-5)","background-image":"","background-repeat":"repeat","background-position":"center center","background-size":"auto","background-attachment":"scroll","background-type":"","background-media":"","overlay-type":"","overlay-color":"","overlay-opacity":"","overlay-gradient":""}},"footnotes":""},"class_list":["post-1831","page","type-page","status-publish","hentry"],"_links":{"self":[{"href":"https:\/\/www.wabip.com\/es\/wp-json\/wp\/v2\/pages\/1831","targetHints":{"allow":["GET"]}}],"collection":[{"href":"https:\/\/www.wabip.com\/es\/wp-json\/wp\/v2\/pages"}],"about":[{"href":"https:\/\/www.wabip.com\/es\/wp-json\/wp\/v2\/types\/page"}],"author":[{"embeddable":true,"href":"https:\/\/www.wabip.com\/es\/wp-json\/wp\/v2\/users\/1"}],"replies":[{"embeddable":true,"href":"https:\/\/www.wabip.com\/es\/wp-json\/wp\/v2\/comments?post=1831"}],"version-history":[{"count":0,"href":"https:\/\/www.wabip.com\/es\/wp-json\/wp\/v2\/pages\/1831\/revisions"}],"up":[{"embeddable":true,"href":"https:\/\/www.wabip.com\/es\/wp-json\/wp\/v2\/pages\/1829"}],"wp:attachment":[{"href":"https:\/\/www.wabip.com\/es\/wp-json\/wp\/v2\/media?parent=1831"}],"curies":[{"name":"wp","href":"https:\/\/api.w.org\/{rel}","templated":true}]}}