{"id":1829,"date":"2024-12-07T11:24:15","date_gmt":"2024-12-07T02:24:15","guid":{"rendered":"https:\/\/www.bronchologyfoundation.org\/?page_id=1829"},"modified":"2024-12-08T16:36:17","modified_gmt":"2024-12-08T07:36:17","slug":"awards","status":"publish","type":"page","link":"https:\/\/www.wabip.com\/es\/awards\/","title":{"rendered":"Premios WABIP"},"content":{"rendered":"<style>\n.post_title{display:none!important;}\n.awardsblockouter {width:100%; text-align:center; display:table;}\n.awardsblock img {width:100%; max-width:300px; border:1px solid #aaa; margin-bottom:12px;}\n.awardsblock h5 {text-align:center; width:100%; max-width:350px; font-size: 18px; font-weight:bold;}\n.awardsblock {max-width:300px; width:100%; display:inline-block; float:none; vertical-align:top; margin-bottom:16px;  margin-left:11px; margin-right:11px; text-align:left;}\n<\/style>\n\n<div class=\"awardsblockouter\">\n\n\n<div class=\"awardsblock\">\n<a href=\"killian-medal\"><img src=\"\/wp-content\/images\/awards\/g-killian.jpg\"><\/a>\n<h5>La Medalla del Centenario Gustav Killian<\/h5>\nLa Medalla del Centenario Gustav Killian fue dise\u00f1ada originalmente en 1997 para celebrar el 100.\u00ba aniversario de la primera broncoscop\u00eda realizada por Gustav Killian, laring\u00f3logo alem\u00e1n y notable fundador de la broncolog\u00eda. La Medalla Killian reconoce a bronc\u00f3logos s\u00e9nior destacados cuyas trayectorias profesionales y pr\u00e1cticas cl\u00ednicas han tenido un impacto significativo en el arte y la ciencia de la broncolog\u00eda. La Medalla Killian se otorga solo si un candidato nominado es considerado merecedor de la medalla, en cuyo caso se entrega en el bienal <i>Congreso Mundial de Broncolog\u00eda y Neumolog\u00eda Intervencionista<\/i> (WCBIP).\n<br><br><a href=\"killian-medal\" class=\"btn-primary\" style=\"margin-top:6px; margin-bottom:10px;display:table; margin: 0 auto;\">Leer M\u00e1s<\/a>\n<\/div>\n\n\n<div class=\"awardsblock\">\n<a href=\"dumon\"><img src=\"\/wp-content\/images\/awards\/jf-dumon.jpg\" ><\/a>\n<h5>El Premio WABIP-Dumon<\/h5>\nEl Premio WABIP-Dumon comenz\u00f3 como un premio de la Sociedad Japonesa de Neumolog\u00eda Intervencionista. Desde 2007, cuatro personas han recibido el premio. En 2013, fue adoptado por el WABIP y renombrado como premio WABIP-Dumon para reconocer a aquellas personas que han dedicado generosamente sus carreras a mejorar las habilidades t\u00e9cnicas de otros en broncoscop\u00eda r\u00edgida y a mejorar el conocimiento y entendimiento de la obstrucci\u00f3n de las v\u00edas a\u00e9reas centrales. El premio WABIP-Dumon se otorga en el bienal <i>Congreso Mundial de Broncolog\u00eda y Neumolog\u00eda Intervencionista<\/i> (WCBIP).\n<br><br><a href=\"dumon\" class=\"btn-primary\"  style=\"margin-top:6px; margin-bottom:10px;display:table; margin: 0 auto;\">Leer M\u00e1s<\/a>\n<\/div>\n\n\n\n\n<div class=\"awardsblock\">\n<a href=\"becker\"><img src=\"\/wp-content\/images\/awards\/h-becker.jpg\"><\/a>\n<h5>Los Premios Heinrich Becker para J\u00f3venes Investigadores en Investigaci\u00f3n e Innovaci\u00f3n Cl\u00ednica<\/h5>\nLos Premios Heinrich Becker para J\u00f3venes Investigadores en Investigaci\u00f3n e Innovaci\u00f3n Cl\u00ednica est\u00e1n dise\u00f1ados para reconocer a j\u00f3venes investigadores y cl\u00ednicos cuyo trabajo contribuye significativamente al cuidado del paciente relacionado con la broncolog\u00eda, investigaci\u00f3n o innovaciones tecnol\u00f3gicas. Se otorgan tres premios iguales de $1,000 cada uno en el bienal <i>Congreso Mundial de Broncolog\u00eda y Neumolog\u00eda Intervencionista<\/i> (WCBIP). Estos fondos est\u00e1n destinados a ayudar a compensar los costos para asistir al WCBIP.\n<br><br><a href=\"becker\" class=\"btn-primary\"  style=\"margin-top:6px; margin-bottom:10px;display:table; margin: 0 auto;\">Leer M\u00e1s<\/a>\n<\/div>\n\n\n\n\n<div class=\"awardsblock\">\n<a href=\"lifetime-achievement\"><img src=\"\/wp-content\/images\/awards\/lifetime-achievement.jpg\"><\/a>\n<h5>El Premio WABIP a la Trayectoria<\/h5>\nEl Premio WABIP a la Trayectoria est\u00e1 dise\u00f1ado para reconocer a aquellos que han hecho considerables contribuciones a la pr\u00e1ctica cl\u00ednica de la broncolog\u00eda y neumolog\u00eda intervencionista en sus respectivas regiones, pero que se han retirado de la pr\u00e1ctica cl\u00ednica activa y no han sido reconocidos de otra manera por su liderazgo en nuestra asociaci\u00f3n internacional. \n<br><br><a href=\"lifetime-achievement\" class=\"btn-primary\"  style=\"margin-top:6px; margin-bottom:10px;display:table; margin: 0 auto;\">Leer M\u00e1s<\/a>\n<\/div>\n\n\n<div class=\"awardsblock\">\n<a href=\"regent\"><img src=\"\/wp-content\/images\/awards\/distinguished-wabip-regent-award.png\"><\/a>\n<h5>El Premio Distinguido WABIP a los Regentes<\/h5>\n\nEl Premio Distinguido WABIP a los Regentes reconoce a los miembros de nuestra Junta de Regentes que han hecho contribuciones significativas al desarrollo de las actividades del WABIP en su pa\u00eds durante su per\u00edodo como Regente\n<br><br><a href=\"regent\" class=\"btn-primary\"  style=\"margin-top:6px; margin-bottom:10px;display:table; margin: 0 auto;\">Leer M\u00e1s<\/a>\n<\/div>\n\n\n\n\n\n<\/div>  <!----- awardsblockouter----->","protected":false},"excerpt":{"rendered":"<p>La Medalla del Centenario Gustav Killian La Medalla del Centenario Gustav Killian fue dise\u00f1ada originalmente en 1997 para celebrar el 100.\u00ba aniversario de la primera broncoscop\u00eda [&hellip;]<\/p>\n","protected":false},"author":1,"featured_media":0,"parent":0,"menu_order":0,"comment_status":"closed","ping_status":"closed","template":"","meta":{"site-sidebar-layout":"default","site-content-layout":"","ast-site-content-layout":"default","site-content-style":"default","site-sidebar-style":"default","ast-global-header-display":"","ast-banner-title-visibility":"","ast-main-header-display":"","ast-hfb-above-header-display":"","ast-hfb-below-header-display":"","ast-hfb-mobile-header-display":"","site-post-title":"","ast-breadcrumbs-content":"","ast-featured-img":"","footer-sml-layout":"","ast-disable-related-posts":"","theme-transparent-header-meta":"default","adv-header-id-meta":"","stick-header-meta":"default","header-above-stick-meta":"","header-main-stick-meta":"","header-below-stick-meta":"","astra-migrate-meta-layouts":"set","ast-page-background-enabled":"default","ast-page-background-meta":{"desktop":{"background-color":"var(--ast-global-color-4)","background-image":"","background-repeat":"repeat","background-position":"center center","background-size":"auto","background-attachment":"scroll","background-type":"","background-media":"","overlay-type":"","overlay-color":"","overlay-opacity":"","overlay-gradient":""},"tablet":{"background-color":"","background-image":"","background-repeat":"repeat","background-position":"center center","background-size":"auto","background-attachment":"scroll","background-type":"","background-media":"","overlay-type":"","overlay-color":"","overlay-opacity":"","overlay-gradient":""},"mobile":{"background-color":"","background-image":"","background-repeat":"repeat","background-position":"center center","background-size":"auto","background-attachment":"scroll","background-type":"","background-media":"","overlay-type":"","overlay-color":"","overlay-opacity":"","overlay-gradient":""}},"ast-content-background-meta":{"desktop":{"background-color":"var(--ast-global-color-5)","background-image":"","background-repeat":"repeat","background-position":"center center","background-size":"auto","background-attachment":"scroll","background-type":"","background-media":"","overlay-type":"","overlay-color":"","overlay-opacity":"","overlay-gradient":""},"tablet":{"background-color":"var(--ast-global-color-5)","background-image":"","background-repeat":"repeat","background-position":"center center","background-size":"auto","background-attachment":"scroll","background-type":"","background-media":"","overlay-type":"","overlay-color":"","overlay-opacity":"","overlay-gradient":""},"mobile":{"background-color":"var(--ast-global-color-5)","background-image":"","background-repeat":"repeat","background-position":"center center","background-size":"auto","background-attachment":"scroll","background-type":"","background-media":"","overlay-type":"","overlay-color":"","overlay-opacity":"","overlay-gradient":""}},"footnotes":""},"class_list":["post-1829","page","type-page","status-publish","hentry"],"_links":{"self":[{"href":"https:\/\/www.wabip.com\/es\/wp-json\/wp\/v2\/pages\/1829","targetHints":{"allow":["GET"]}}],"collection":[{"href":"https:\/\/www.wabip.com\/es\/wp-json\/wp\/v2\/pages"}],"about":[{"href":"https:\/\/www.wabip.com\/es\/wp-json\/wp\/v2\/types\/page"}],"author":[{"embeddable":true,"href":"https:\/\/www.wabip.com\/es\/wp-json\/wp\/v2\/users\/1"}],"replies":[{"embeddable":true,"href":"https:\/\/www.wabip.com\/es\/wp-json\/wp\/v2\/comments?post=1829"}],"version-history":[{"count":0,"href":"https:\/\/www.wabip.com\/es\/wp-json\/wp\/v2\/pages\/1829\/revisions"}],"wp:attachment":[{"href":"https:\/\/www.wabip.com\/es\/wp-json\/wp\/v2\/media?parent=1829"}],"curies":[{"name":"wp","href":"https:\/\/api.w.org\/{rel}","templated":true}]}}