{"id":1814,"date":"2024-12-07T11:17:23","date_gmt":"2024-12-07T02:17:23","guid":{"rendered":"https:\/\/www.bronchologyfoundation.org\/?page_id=1814"},"modified":"2026-03-20T09:32:29","modified_gmt":"2026-03-20T00:32:29","slug":"member-societies","status":"publish","type":"page","link":"https:\/\/www.wabip.com\/es\/about\/member-societies\/","title":{"rendered":"Sociedades Miembro"},"content":{"rendered":"<style>\r\n.member-societies-page {max-width:280px; width:100%; height:240px; overflow:hidden; margin-bottom:16px; text-align:center; display:inline-block; vertical-align:top;}\r\n.member-societies-page img {max-width:280px; max-height:140px; margin-bottom:15px; box-shadow: none; border: none; }\r\n\r\n<\/style>\r\n\r\n\r\n<div style=\"text-align:center;\">\r\n\r\n<strong>La membres\u00eda general de WABIP consta de m\u00e1s de 12,500 profesionales m\u00e9dicos que representan a m\u00e1s de 65 sociedades regionales y nacionales que incluyen:<\/strong>\r\n\r\n\r\n<br><br><br>\r\n\r\n\r\n<div class=\"member-societies-page\">\r\n<img src=\"\/wp-content\/images\/_articles\/societies\/alabip.png\" \/><br>\r\nAlgerian Association of Bronchology and Interventional Pulmonology<br>\r\n<\/div>\r\n\r\n\r\n\r\n<div class=\"member-societies-page\">\r\n<img src=\"\/wp-content\/images\/_articles\/societies\/aabip.png\" \/><br>\r\nAmerican Association for Bronchology and Interventional Pulmonology<br>\r\n<a href=\"http:\/\/www.aabronchology.org\/\" target=\"new1\">Website<\/a>\r\n<\/div>\r\n\r\n\r\n\r\n<div class=\"member-societies-page\">\r\n<img src=\"\/wp-content\/images\/_articles\/societies\/apab.png\" \/><br>\r\nAsian-Pacific Association for Bronchology and Interventional Pulmonology<br>\r\n<a href=\"http:\/\/apab.jp\/\" target=\"new1\">Website<\/a>\r\n<\/div>\r\n\r\n\r\n\r\n<div class=\"member-societies-page\">\r\n<img src=\"\/wp-content\/images\/_articles\/societies\/apipa.png\" \/><br>\r\nAsian Pediatric Interventional Pulmonology Association<br>\r\n<a href=\"http:\/\/english.apipanet.com\/apipa\/\" target=\"new1\">Website<\/a>\r\n<\/div>\r\n\r\n\r\n\r\n<div class=\"member-societies-page\">\r\n<img src=\"\/wp-content\/images\/_articles\/societies\/aabe.png\" \/><br>\r\nAsociaci\u00f3n Argentina de Broncoesofagolog\u00eda (Argentina)<br>\r\n<a href=\"http:\/\/www.broncoscopia.org.ar\/aabe\/\" target=\"new1\">Website<\/a>\r\n<\/div>\r\n\r\n\r\n\r\n<div class=\"member-societies-page\">\r\n<img src=\"\/wp-content\/images\/_articles\/societies\/acbni.jpg\" \/><br>\r\nAsociaci\u00f3n Colombiana de Broncoscopia y Neumologia Intervencionista (Colombia)<br>\r\n<\/div>\r\n\r\n\r\n\r\n<div class=\"member-societies-page\">\r\n<img src=\"\/wp-content\/images\/_articles\/societies\/aeer.jpg\" \/><br>\r\nAsociaci\u00f3n Espa\u00f1ola de Endoscopia Respiratoria y Neumolog\u00eda Intervencionista (Spain)<br>\r\n<a href=\"http:\/\/www.aeer.org\/\" target=\"new1\">Website<\/a>\r\n<\/div>\r\n\r\n\r\n<div class=\"member-societies-page\">\r\n<img src=\"\/wp-content\/images\/_articles\/societies\/apbni.png\" \/><br>\r\nAsociaci\u00f3n Peruana de Broncolog\u00eda y Neumolog\u00eda Intervencionista (Peru)<br>\r\n<a href=\"http:\/\/www.apbni.com\/\" target=\"new1\">Website<\/a>\r\n<\/div>\r\n\r\n\r\n<div class=\"member-societies-page\">\r\n<img src=\"\/wp-content\/images\/_articles\/societies\/aser.png\" \/><br>\r\nAsociaci\u00f3n Sudamericana de Endoscop\u00eda Respiratoria<br>\r\n<a href=\"https:\/\/sites.google.com\/site\/asendoscopiarespiratoria\/\" target=\"new1\">Website<\/a>\r\n<\/div>\r\n\r\n\r\n\r\n<div class=\"member-societies-page\">\r\n<img src=\"\/wp-content\/images\/_articles\/societies\/ampi.png\"\/><br>\r\nAssociation Marocaine de Pneumologie Interventionelle (Morocco)\r\n<\/div>\r\n\r\n<div class=\"member-societies-page\">\r\n<img src=\"\/wp-content\/images\/_articles\/societies\/aipo-its.jpg\"\/><br>\r\nAssociazione Italiana Pneumologi Ospedalieri - Italian Thoracic Society (Italy)<br>\r\n<a href=\"http:\/\/www.aiponet.it\" target=\"new1\">Website<\/a>\r\n<\/div>\r\n\r\n\r\n\r\n<div class=\"member-societies-page\">\r\n<img src=\"\/wp-content\/images\/_articles\/societies\/babip.png\" \/><br>\r\nBangladesh Association For Bronchology and Interventional Pulmonology<br>\r\n<a href=\"http:\/\/www.babip.net\/\" target=\"new1\">Website<\/a>\r\n<\/div>\r\n\r\n\r\n<div class=\"member-societies-page\">\r\n<img src=\"\/wp-content\/images\/_articles\/societies\/cts.jpg\" \/><br>\r\nCanadian Thoracic Society<br>\r\n<a href=\"https:\/\/cts.lung.ca\/\" target=\"new1\">Website<\/a>\r\n<\/div>\r\n\r\n\r\n<div class=\"member-societies-page\">\r\n<img alt=\"csrd\" src=\"\/wp-content\/images\/_articles\/societies\/chinesethoracicsociety.png\"  \/><br>\r\nChinese Thoracic Society<br>\r\n<a href=\"http:\/\/www.csrd.org.cn\/cn\/\" target=\"new1\">Website<\/a>\r\n<\/div>\r\n\r\n\r\n<div class=\"member-societies-page\">\r\n<img src=\"\/wp-content\/images\/_articles\/societies\/essb.jpg\" \/><br>\r\nEgyptian Scientific Society of Bronchology <br>\r\n<a href=\"http:\/\/www.essbronchology.com\" target=\"new1\">Website<\/a>\r\n<\/div>\r\n\r\n\r\n<div class=\"member-societies-page\">\r\n<img src=\"\/wp-content\/images\/_articles\/societies\/eabip.png\" \/><br>\r\nEuropean Association for Bronchology and Interventional Pulmnology<br>\r\n<a href=\"http:\/\/www.eabip.org\/\" target=\"new1\">Website<\/a>\r\n<\/div>\r\n\r\n\r\n\r\n<div class=\"member-societies-page\">\r\n<img src=\"\/wp-content\/images\/_articles\/societies\/gabi.png\" \/><br>\r\nGrupo Argentino Broncoscopia Intervencionista (Argentina)<br>\r\n<\/div>\r\n\r\n\r\n<div class=\"member-societies-page\">\r\n<img src=\"\/wp-content\/images\/_articles\/societies\/getif.jpg\" \/><br>\r\nGroupe d\u2019Endoscopie Thoracique et Interventionnel Francophone (France)<br>\r\n<a href=\"https:\/\/splf.fr\" target=\"new1\">Website<\/a>\r\n<\/div>\r\n\r\n<div class=\"member-societies-page\">\r\n<img src=\"\/wp-content\/images\/_articles\/societies\/hts.png\" \/><br>\r\nHellenic Thoracic Society (Greece) <br>\r\n<a href=\"http:\/\/www.hts.org.gr\/\" target=\"new1\">Website<\/a>\r\n<\/div>\r\n\r\n\r\n<div class=\"member-societies-page\">\r\n<img src=\"\/wp-content\/images\/_articles\/societies\/iab.png\" \/><br>\r\nIndian Association for Bronchology<br>\r\n<a href=\"http:\/\/www.iabronchology.org\/\" target=\"new1\">Website<\/a>\r\n<\/div>\r\n\r\n\r\n<div class=\"member-societies-page\">\r\n<img src=\"\/wp-content\/images\/_articles\/societies\/isp.jpg\"\/><br>\r\nIsrael Society of Pulmonology<br>\r\n<a href=\"http:\/\/www.ipus.org.il\/\" target=\"new1\">Website<\/a>\r\n<\/div>\r\n\r\n<div class=\"member-societies-page\">\r\n<img src=\"\/wp-content\/images\/_articles\/societies\/its.jpg\"\/><br>\r\nIrish Thoracic Society<br>\r\n<a href=\"https:\/\/irishthoracicsociety.com\/\" target=\"new1\">Website<\/a>\r\n<\/div>\r\n\r\n\r\n<div class=\"member-societies-page\">\r\n<img src=\"\/wp-content\/images\/_articles\/societies\/jsre.png\" \/><br>\r\nJapan Society for Respiratory Endoscopy<br>\r\n<a href=\"http:\/\/www.jsre.org\/\" target=\"new1\">Website<\/a>\r\n<\/div>\r\n\r\n\r\n<div class=\"member-societies-page\">\r\n<img src=\"\/wp-content\/images\/_articles\/societies\/jbip.png\" \/><br>\r\nJordan Bronchology & Interventional Pulmonolgy Society\r\n<\/div>\r\n\r\n\r\n\r\n<div class=\"member-societies-page\">\r\n<img src=\"\/wp-content\/images\/_articles\/societies\/macedonia.jpg\" \/><br>\r\nMacedonian Respiratory Society<br>\r\n<a href=\"http:\/\/makrespir.mk\/\" target=\"new1\">Website<\/a>\r\n<\/div>\r\n\r\n\r\n<div class=\"member-societies-page\">\r\n<img src=\"\/wp-content\/images\/_articles\/societies\/mabip.jpg\" \/><br>\r\nMalaysian Association for Bronchology and Interventional Pulmonology<br>\r\n<a href=\"http:\/\/www.mabip.com\/\" target=\"new1\">Website<\/a>\r\n<\/div>\r\n\r\n\r\n\r\n<div class=\"member-societies-page\">\r\n<img src=\"\/wp-content\/images\/_articles\/societies\/moldova.png\" \/><br>\r\nMoldova Association of Endoscopy, Surgery and Mini-invasive Ultrasound\r\n<\/div>\r\n\r\n\r\n<div class=\"member-societies-page\">\r\n<img src=\"\/wp-content\/images\/_articles\/societies\/nvalt.png\" \/><br>\r\nNederlandse Vereniging van Artsen voor Longziekten en Tuberculose (Netherlands)<br>\r\n<a href=\"http:\/\/www.nvalt.nl\/\" target=\"new1\">Website<\/a>\r\n<\/div>\r\n\r\n\r\n<div class=\"member-societies-page\">\r\n<img src=\"\/wp-content\/images\/_articles\/societies\/pakistan-PCS.jpg\" \/><br>\r\nPakistan Chest Society (Pakistan)\r\n<a href=\"https:\/\/pakistanchestsociety.pk\/\" target=\"new1\">Website<\/a>\r\n<\/div>\r\n\r\n<div class=\"member-societies-page\">\r\n<img src=\"\/wp-content\/images\/_articles\/societies\/perbronki.jpg\" \/><br>\r\nPERBRONKI (Indonesia)\r\n<\/div>\r\n\r\n<div class=\"member-societies-page\">\r\n<img src=\"\/wp-content\/images\/_articles\/societies\/perpari.png\" \/><br>\r\nPerhimpunan Respirologi (Indonesia)\r\n<\/div>\r\n\r\n\r\n\r\n<div class=\"member-societies-page\">\r\n<img src=\"\/wp-content\/images\/_articles\/societies\/pccp.png\" \/><br>\r\nPhilippine College of Chest Physicians<br>\r\n<a href=\"http:\/\/www.philchest.org\/\" target=\"new1\">Website<\/a>\r\n<\/div>\r\n\r\n\r\n<div class=\"member-societies-page\">\r\n<img src=\"\/wp-content\/images\/_articles\/societies\/resok.png\" \/><br>\r\nRespiratory Society of Kenya\r\n<\/div>\r\n\r\n\r\n\r\n<div class=\"member-societies-page\">\r\n<img src=\"\/wp-content\/images\/_articles\/societies\/rss-serbia.png\" \/><br>\r\nRespiratory Society of Serbia \r\n<br>\r\n<a href=\"http:\/\/www.srbrespiratory.org\" target=\"new1\">Website<\/a>\r\n<\/div>\r\n\r\n\r\n\r\n<div class=\"member-societies-page\">\r\n<img src=\"\/wp-content\/images\/_articles\/societies\/sts.jpg\" alt=\"\" \/><br>\r\nSingapore Thoracic Society<br>\r\n<a href=\"http:\/\/www.thoracic.sg\/\" target=\"new1\">Website<\/a>\r\n<\/div>\r\n\r\n\r\n<div class=\"member-societies-page\">\r\n<img src=\"\/wp-content\/images\/_articles\/societies\/srpb.jpg\" alt=\"\" \/><br>\r\nSocietatea Romana de Pneumologie (Bronchology section)<br>\r\n<a href=\"http:\/\/www.srp.ro\/\" target=\"new1\">Website<\/a>\r\n<\/div>\r\n\r\n\r\n\r\n\r\n<div class=\"member-societies-page\">\r\n<img src=\"\/wp-content\/images\/_articles\/societies\/siet.png\" alt=\"\" \/><br>\r\nSociet\u00e0 italiana di Endoscopia Toracica<br>\r\n<a href=\"https:\/\/endoscopiatoracica.it\/\" target=\"new1\">Website<\/a>\r\n<\/div>\r\n\r\n\r\n\r\n<div class=\"member-societies-page\">\r\n<img src=\"\/wp-content\/images\/_articles\/societies\/ser-chile.png\" alt=\"\" \/><br>\r\nSociedad Chilena de Enfermedades Respiratorias\r\n  (Chile)<br>\r\n<a href=\"http:\/\/www.serchile.cl\/home\/\" target=\"new1\">Website<\/a>\r\n<\/div>\r\n\r\n<div class=\"member-societies-page\">\r\n<img src=\"\/wp-content\/images\/_articles\/societies\/paraguay.png\" alt=\"\" \/><br>\r\nSociedad Paraguaya de Neumologia\r\n  (Paraguay)<br>\r\n<a href=\"https:\/\/www.facebook.com\/pg\/Sociedad-Paraguaya-de-Neumolog%C3%ADa-810918108961055\/community\/\" target=\"new1\">Website<\/a>\r\n<\/div>\r\n\r\n\r\n<div class=\"member-societies-page\">\r\n<img src=\"\/wp-content\/images\/_articles\/societies\/sbpt.png\" alt=\"\" \/><br>\r\nSociedade Brasileira de Pneumologia e Tisiologia (Brazil)<br>\r\n<a href=\"http:\/\/www.sbpt.org.br\/\" target=\"new1\">Website<\/a>\r\n<\/div>\r\n\r\n\r\n\r\n<div class=\"member-societies-page\">\r\n<img src=\"\/wp-content\/images\/_articles\/societies\/sab.png\" alt=\"\" \/><br>\r\nSociety for Advanced Bronchoscopy<br>\r\n<a href=\"https:\/\/www.sabronchoscopy.org\/\" target=\"new1\">Website<\/a>\r\n<\/div>\r\n\r\n\r\n<div class=\"member-societies-page\">\r\n<img src=\"\/wp-content\/images\/_articles\/societies\/uruguay.jpg\" alt=\"\" \/><br>\r\nSociedad Uruguaya de Neumologia (Uruguay)<br>\r\n<a href=\"http:\/\/www.uruneumo.org\/\" target=\"new1\">Website<\/a>\r\n<\/div>\r\n\r\n\r\n<div class=\"member-societies-page\">\r\n<img src=\"\/wp-content\/images\/_articles\/societies\/sats.jpg\" alt=\"\" \/><br>\r\nSouth African Thoracic Society<br>\r\n<a href=\"http:\/\/www.pulmonology.co.za\/\" target=\"new1\">Website<\/a>\r\n<\/div>\r\n\r\n\r\n<div class=\"member-societies-page\">\r\n<img src=\"\/wp-content\/images\/_articles\/societies\/srilanka.png\" alt=\"\" \/><br>\r\nSri Lanka College of Pulmonologists<br>\r\n<a href=\"https:\/\/www.copsl.lk\/\" target=\"new1\">Website<\/a>\r\n<\/div>\r\n\r\n\r\n<div class=\"member-societies-page\">\r\n<img src=\"\/wp-content\/images\/_articles\/societies\/scps.png\" alt=\"\" \/><br>\r\nSudanese Chest Physicians Society<br>\r\n<a href=\"http:\/\/lungsuda.net\/en\/\" target=\"new1\">Website<\/a>\r\n<\/div>\r\n\r\n\r\n<div class=\"member-societies-page\">\r\n<img src=\"\/wp-content\/images\/_articles\/societies\/tsanz.png\" \/><br>\r\nThe Thoracic Society of Australia and New Zealand<br>\r\n<a href=\"http:\/\/www.thoracic.org.au\/\" target=\"new1\">Website<\/a>\r\n<\/div>\r\n\r\n\r\n<div class=\"member-societies-page\">\r\n<img src=\"\/wp-content\/images\/_articles\/societies\/trs.jpg\" \/><br>\r\nTurkish Respiratory Society<br>\r\n<a href=\"http:\/\/www.solunum.org.tr\/\" target=\"new1\">Website<\/a>\r\n<\/div>\r\n\r\n\r\n<div class=\"member-societies-page\">\r\n<img src=\"\/wp-content\/images\/_articles\/societies\/tts.jpg\" \/><br>\r\nTurkish Thoracic Society<br>\r\n<a href=\"http:\/\/www.toraks.org.tr\/eng\" target=\"new1\">Website<\/a>\r\n<\/div>\r\n\r\n\r\n<div class=\"member-societies-page\">\r\n<img src=\"\/wp-content\/images\/_articles\/societies\/Wiip.jpg\" \/><br>\r\nWomen in Interventional Pulmonology<br>\r\n<a href=\"https:\/\/www.wiipstrong.org\/home\" target=\"new1\">Website<\/a>\r\n<\/div>\r\n\r\n<\/div>","protected":false},"excerpt":{"rendered":"<p>La membres\u00eda general de WABIP consta de m\u00e1s de 12,500 profesionales m\u00e9dicos que representan a m\u00e1s de 65 sociedades regionales y nacionales que incluyen: Algerian Association [&hellip;]<\/p>\n","protected":false},"author":1,"featured_media":0,"parent":1792,"menu_order":0,"comment_status":"closed","ping_status":"closed","template":"","meta":{"site-sidebar-layout":"default","site-content-layout":"","ast-site-content-layout":"default","site-content-style":"default","site-sidebar-style":"default","ast-global-header-display":"","ast-banner-title-visibility":"","ast-main-header-display":"","ast-hfb-above-header-display":"","ast-hfb-below-header-display":"","ast-hfb-mobile-header-display":"","site-post-title":"","ast-breadcrumbs-content":"","ast-featured-img":"","footer-sml-layout":"","ast-disable-related-posts":"","theme-transparent-header-meta":"default","adv-header-id-meta":"","stick-header-meta":"default","header-above-stick-meta":"","header-main-stick-meta":"","header-below-stick-meta":"","astra-migrate-meta-layouts":"set","ast-page-background-enabled":"default","ast-page-background-meta":{"desktop":{"background-color":"var(--ast-global-color-4)","background-image":"","background-repeat":"repeat","background-position":"center center","background-size":"auto","background-attachment":"scroll","background-type":"","background-media":"","overlay-type":"","overlay-color":"","overlay-opacity":"","overlay-gradient":""},"tablet":{"background-color":"","background-image":"","background-repeat":"repeat","background-position":"center center","background-size":"auto","background-attachment":"scroll","background-type":"","background-media":"","overlay-type":"","overlay-color":"","overlay-opacity":"","overlay-gradient":""},"mobile":{"background-color":"","background-image":"","background-repeat":"repeat","background-position":"center center","background-size":"auto","background-attachment":"scroll","background-type":"","background-media":"","overlay-type":"","overlay-color":"","overlay-opacity":"","overlay-gradient":""}},"ast-content-background-meta":{"desktop":{"background-color":"var(--ast-global-color-5)","background-image":"","background-repeat":"repeat","background-position":"center center","background-size":"auto","background-attachment":"scroll","background-type":"","background-media":"","overlay-type":"","overlay-color":"","overlay-opacity":"","overlay-gradient":""},"tablet":{"background-color":"var(--ast-global-color-5)","background-image":"","background-repeat":"repeat","background-position":"center center","background-size":"auto","background-attachment":"scroll","background-type":"","background-media":"","overlay-type":"","overlay-color":"","overlay-opacity":"","overlay-gradient":""},"mobile":{"background-color":"var(--ast-global-color-5)","background-image":"","background-repeat":"repeat","background-position":"center center","background-size":"auto","background-attachment":"scroll","background-type":"","background-media":"","overlay-type":"","overlay-color":"","overlay-opacity":"","overlay-gradient":""}},"footnotes":""},"class_list":["post-1814","page","type-page","status-publish","hentry"],"_links":{"self":[{"href":"https:\/\/www.wabip.com\/es\/wp-json\/wp\/v2\/pages\/1814","targetHints":{"allow":["GET"]}}],"collection":[{"href":"https:\/\/www.wabip.com\/es\/wp-json\/wp\/v2\/pages"}],"about":[{"href":"https:\/\/www.wabip.com\/es\/wp-json\/wp\/v2\/types\/page"}],"author":[{"embeddable":true,"href":"https:\/\/www.wabip.com\/es\/wp-json\/wp\/v2\/users\/1"}],"replies":[{"embeddable":true,"href":"https:\/\/www.wabip.com\/es\/wp-json\/wp\/v2\/comments?post=1814"}],"version-history":[{"count":0,"href":"https:\/\/www.wabip.com\/es\/wp-json\/wp\/v2\/pages\/1814\/revisions"}],"up":[{"embeddable":true,"href":"https:\/\/www.wabip.com\/es\/wp-json\/wp\/v2\/pages\/1792"}],"wp:attachment":[{"href":"https:\/\/www.wabip.com\/es\/wp-json\/wp\/v2\/media?parent=1814"}],"curies":[{"name":"wp","href":"https:\/\/api.w.org\/{rel}","templated":true}]}}