{"id":1812,"date":"2024-12-07T11:18:41","date_gmt":"2024-12-07T02:18:41","guid":{"rendered":"https:\/\/www.bronchologyfoundation.org\/?page_id=1812"},"modified":"2025-03-14T16:39:42","modified_gmt":"2025-03-14T07:39:42","slug":"committees","status":"publish","type":"page","link":"https:\/\/www.wabip.com\/es\/about\/committees\/","title":{"rendered":"Comit\u00e9s"},"content":{"rendered":"<div class=\"h5-bar\">Comit\u00e9s - Visi\u00f3n General<\/div>\n\n<p>Los comit\u00e9s de WABIP desempe\u00f1an un papel importante en los programas y procesos de nuestra organizaci\u00f3n internacional. Voluntarios competentes y entusiastas contribuyen al funcionamiento del comit\u00e9 para asegurar que las tareas se completen a tiempo y de manera consistente con la misi\u00f3n y visi\u00f3n de WABIP. La membres\u00eda de los comit\u00e9s representa el amplio rango geogr\u00e1fico de nuestra sociedad y est\u00e1 abierta a todos los miembros con buena reputaci\u00f3n de la WABIP.<\/p>\n<p>Las nominaciones y auto-nominaciones para los puestos vacantes de los comit\u00e9s ocurren una vez cada dos a\u00f1os. Los anuncios de vacantes se realizan en el sitio web de la WABIP, notificaciones por correo electr\u00f3nico y publicaciones en redes sociales. Las personas interesadas deben completar el formulario de nominaci\u00f3n de miembro de comit\u00e9 y enviarlo al personal administrativo de WABIP. Tenga en cuenta que no es posible nombrar a todos los individuos que se ofrecen como voluntarios para un comit\u00e9 espec\u00edfico y que la auto-nominaci\u00f3n no garantiza la selecci\u00f3n para ese comit\u00e9 en particular.<\/p>\n<p>Cada comit\u00e9 tiene un Presidente nombrado por el Presidente de la WABIP y hasta siete miembros del comit\u00e9. Los miembros del comit\u00e9 son recomendados por el Presidente de la WABIP bas\u00e1ndose en la experiencia, inter\u00e9s y experiencia del voluntario despu\u00e9s de una revisi\u00f3n cuidadosa de todas las solicitudes. Las selecciones de comit\u00e9 deben ser aprobadas por los ejecutivos de WABIP. La duraci\u00f3n del servicio en un comit\u00e9 de WABIP suele ser por un m\u00ednimo de dos a\u00f1os.<\/p>\n\n<p>Solicitar ser miembro de un comit\u00e9 de WABIP: Puede solicitar en cualquier momento para un comit\u00e9 siempre y cuando haya un puesto disponible. Por favor, encuentre el formulario de solicitud en l\u00ednea y las vacantes del comit\u00e9 <a href=\"\/forms\/committees\">aqu\u00ed<\/a>.<\/p>\n\n<div class=\"h5-bar\">Comit\u00e9s Mandatados por los Estatutos de WABIP<\/div>\n\n<strong>Comit\u00e9 Ejecutivo<\/strong><br>\n\nEste comit\u00e9 lleva a cabo los negocios diarios de WABIP y se comunica regularmente con la Junta de Regentes, todos los comit\u00e9s, grupos de trabajo y otros grupos de WABIP, y la Oficina Administrativa. Los miembros de este comit\u00e9 est\u00e1n compuestos \u00fanicamente por aquellos en el Comit\u00e9 Ejecutivo. Formalmente, el Comit\u00e9 Ejecutivo es un sub-comit\u00e9 de la Junta de Regentes.\n<br><br>\n<ul>\n<li>Vea la <a href=\"\/about\/executive\">p\u00e1gina del Comit\u00e9 Ejecutivo<\/a> para la lista completa<\/li>\n<\/ul>\n<br>\n<strong>Comit\u00e9 de Educaci\u00f3n<\/strong><br>\n\nEste comit\u00e9 est\u00e1 encargado de supervisar varios proyectos educativos de la WABIP, proponer nuevos proyectos y revisar propuestas de proyectos de cualquier fuente. Este comit\u00e9 colabora con otros comit\u00e9s\/secciones\/grupos de WABIP, y est\u00e1 en constante comunicaci\u00f3n con los ejecutivos.\n<br><br>\n<ul>\n<li>Presidente: Ales Rozman (Slovenia)<\/li>\n<li>General: Phan Nguyen (Australia), Fayez Kheir (EE.UU.), Upendra Kaphle (EE.UU.), Jonathan Kurman (EE.UU.), Takahiro Nakajima (Jap\u00f3n), Mohammed Munavvar (Reino Unido)<\/li>\n<\/ul>\n<br>\n<strong>Comit\u00e9 de Membres\u00eda<\/strong><br>\n\nEste comit\u00e9 se conecta con posibles miembros o sociedades miembros, con el fin de extender nuestros servicios a pa\u00edses sin membres\u00eda de WABIP. Este comit\u00e9 tambi\u00e9n proporciona propuestas estrat\u00e9gicas para aumentar la membres\u00eda de WABIP y hace recomendaciones sobre maneras de aumentar los beneficios de la membres\u00eda de WABIP.\n<br><br>\n<ul>\n<li>Presidente: Hind Janah (Marruecos)<\/li>\n<li>General: Noureddine Gharbi (Francia), Sonia Dalal (India), Prof Adaeze C Ayuk (Nigeria), Lamya Chrif Morand (Marruecos), Muhammad Hussain (Pakist\u00e1n), Isnin Anang Marhana (Indonesia), Aditya Kumar Chawla (India)<\/li>\n<\/ul>\n<br>\n<strong>Comit\u00e9 de Finanzas y Recaudaci\u00f3n de Fondos<\/strong><br>\n\nEste comit\u00e9 est\u00e1 encargado de proporcionar an\u00e1lisis financiero, asesoramiento y supervisi\u00f3n de los presupuestos de WABIP. Este comit\u00e9 tambi\u00e9n buscar\u00e1 oportunidades de recaudaci\u00f3n de fondos y proporcionar\u00e1 propuestas para sostener el crecimiento financiero de la WABIP.\n<br><br>\n<ul>\n<li>Presidente: Danai Khemasuwan (EE.UU.)<\/li>\n<li>General: Takashi Niwa (Jap\u00f3n), Ali Sadoughi (EE.UU.), Hideo Saka (Jap\u00f3n)<\/li>\n<\/ul>\n<div class=\"h5-bar\">Otros Comit\u00e9s de WABIP<\/div>\n<strong>Comit\u00e9 de Medios<\/strong><br>\n\nEl objetivo de este comit\u00e9 es promover la neumolog\u00eda intervencionista a trav\u00e9s de cualquier tipo de medio. Este comit\u00e9 tambi\u00e9n proporciona propuestas para aumentar el compromiso en redes sociales con el fin de avanzar en la misi\u00f3n de WABIP de conectar una red creciente de profesionales m\u00e9dicos dedicados al tratamiento de enfermedades de las v\u00edas respiratorias, pleura, pulm\u00f3n y es\u00f3fago.\n<br><br>\n<ul>\n<li>Presidente: Sameer Arbat (India)<\/li>\n<li>General: See Wei Low (EE.UU.), Hari Gonuguntla (India), Sanket Thakore (EE.UU.), Jose Miguel Laca Forero (Per\u00fa), Mounir Fertikh (EE.UU.), Ronald Fajardo (Filipinas), Kho Sze Shyang (Malasia), Philip Emmanouil (Grecia)<\/li>\n<\/ul>\n<br>\n<a name=\"coi\"><\/a>\n<strong>Comit\u00e9 de Supervisi\u00f3n de Conflictos de Inter\u00e9s<\/strong><br>\n\nEste comit\u00e9 revisa todas las divulgaciones de COI presentadas por miembros potenciales o existentes de los ejecutivos, Junta de Regentes, Comit\u00e9s y otros grupos de WABIP.\n<br><br>\n<ul>\n<li>Presidente: Arvindran Alaga (Malasia)<\/li>\n<li>General: Eric Tenda (Indonesia), Labib Gilles Debiane (EE.UU.), Fayez Kheir (EE.UU.), Kaid Darwiche (Alemania), Eduardo Solis Garcia (Espa\u00f1a)<\/li>\n<\/ul>\n<br>\n<a name=\"awards\"><\/a>\n<strong>Comit\u00e9 de Premios<\/strong><br>\n\nEste comit\u00e9 revisa nominaciones y solicitudes para la Medalla Centenaria de Killian, el Premio WABIP-Dumon y el Premio por Logro de Vida. El comit\u00e9 tambi\u00e9n selecciona a los galardonados tras una cuidadosa revisi\u00f3n de todos los res\u00famenes elegibles para los Premios Heinrich Becker para la Investigaci\u00f3n e Innovaci\u00f3n Cl\u00ednica.\n<br><br>\n<ul>\n<li>Presidente: Atul Mehta (EE.UU.)<\/li>\n<li>General: Alex Chee (Canad\u00e1), Hugo Alberto Botto (Argentina), Dr Sangit Kasaju (Nepal), Roberto Ruggiero (Italia), Thitiwat Sripasat (Tailandia), Fayez Kheir (Estados Unidos)<\/li>\n<\/ul>\n<br>\n<a name=\"image\"><\/a>\n<strong>Editores de la Biblioteca de Im\u00e1genes<\/strong><br>\n\nEl equipo de la Biblioteca de Im\u00e1genes de WABIP es responsable de supervisar la presentaci\u00f3n, revisi\u00f3n y curadur\u00eda de im\u00e1genes de broncoscop\u00eda y neumolog\u00eda intervencionista para la Biblioteca de Im\u00e1genes de WABIP. Esto incluye evaluar contribuciones para iniciativas como el Concurso a la Mejor Imagen de WABIP y otras campa\u00f1as basadas en im\u00e1genes.\n<br><br>\n<ul>\n<li>General: Byron Leonel Saraguro Ramirez (Ecuador), James Oma\u00f1a (Filipinas), Profesor Talha Mahmud (Pakist\u00e1n), Zaka U Khan (EE.UU.)<\/li>\n<\/ul>","protected":false},"excerpt":{"rendered":"<p>Comit\u00e9s &#8211; Visi\u00f3n General Los comit\u00e9s de WABIP desempe\u00f1an un papel importante en los programas y procesos de nuestra organizaci\u00f3n internacional. Voluntarios competentes y entusiastas contribuyen [&hellip;]<\/p>\n","protected":false},"author":1,"featured_media":0,"parent":1792,"menu_order":0,"comment_status":"closed","ping_status":"closed","template":"","meta":{"site-sidebar-layout":"default","site-content-layout":"","ast-site-content-layout":"default","site-content-style":"default","site-sidebar-style":"default","ast-global-header-display":"","ast-banner-title-visibility":"","ast-main-header-display":"","ast-hfb-above-header-display":"","ast-hfb-below-header-display":"","ast-hfb-mobile-header-display":"","site-post-title":"","ast-breadcrumbs-content":"","ast-featured-img":"","footer-sml-layout":"","ast-disable-related-posts":"","theme-transparent-header-meta":"default","adv-header-id-meta":"","stick-header-meta":"default","header-above-stick-meta":"","header-main-stick-meta":"","header-below-stick-meta":"","astra-migrate-meta-layouts":"set","ast-page-background-enabled":"default","ast-page-background-meta":{"desktop":{"background-color":"var(--ast-global-color-4)","background-image":"","background-repeat":"repeat","background-position":"center center","background-size":"auto","background-attachment":"scroll","background-type":"","background-media":"","overlay-type":"","overlay-color":"","overlay-opacity":"","overlay-gradient":""},"tablet":{"background-color":"","background-image":"","background-repeat":"repeat","background-position":"center center","background-size":"auto","background-attachment":"scroll","background-type":"","background-media":"","overlay-type":"","overlay-color":"","overlay-opacity":"","overlay-gradient":""},"mobile":{"background-color":"","background-image":"","background-repeat":"repeat","background-position":"center center","background-size":"auto","background-attachment":"scroll","background-type":"","background-media":"","overlay-type":"","overlay-color":"","overlay-opacity":"","overlay-gradient":""}},"ast-content-background-meta":{"desktop":{"background-color":"var(--ast-global-color-5)","background-image":"","background-repeat":"repeat","background-position":"center center","background-size":"auto","background-attachment":"scroll","background-type":"","background-media":"","overlay-type":"","overlay-color":"","overlay-opacity":"","overlay-gradient":""},"tablet":{"background-color":"var(--ast-global-color-5)","background-image":"","background-repeat":"repeat","background-position":"center center","background-size":"auto","background-attachment":"scroll","background-type":"","background-media":"","overlay-type":"","overlay-color":"","overlay-opacity":"","overlay-gradient":""},"mobile":{"background-color":"var(--ast-global-color-5)","background-image":"","background-repeat":"repeat","background-position":"center center","background-size":"auto","background-attachment":"scroll","background-type":"","background-media":"","overlay-type":"","overlay-color":"","overlay-opacity":"","overlay-gradient":""}},"footnotes":""},"class_list":["post-1812","page","type-page","status-publish","hentry"],"_links":{"self":[{"href":"https:\/\/www.wabip.com\/es\/wp-json\/wp\/v2\/pages\/1812","targetHints":{"allow":["GET"]}}],"collection":[{"href":"https:\/\/www.wabip.com\/es\/wp-json\/wp\/v2\/pages"}],"about":[{"href":"https:\/\/www.wabip.com\/es\/wp-json\/wp\/v2\/types\/page"}],"author":[{"embeddable":true,"href":"https:\/\/www.wabip.com\/es\/wp-json\/wp\/v2\/users\/1"}],"replies":[{"embeddable":true,"href":"https:\/\/www.wabip.com\/es\/wp-json\/wp\/v2\/comments?post=1812"}],"version-history":[{"count":0,"href":"https:\/\/www.wabip.com\/es\/wp-json\/wp\/v2\/pages\/1812\/revisions"}],"up":[{"embeddable":true,"href":"https:\/\/www.wabip.com\/es\/wp-json\/wp\/v2\/pages\/1792"}],"wp:attachment":[{"href":"https:\/\/www.wabip.com\/es\/wp-json\/wp\/v2\/media?parent=1812"}],"curies":[{"name":"wp","href":"https:\/\/api.w.org\/{rel}","templated":true}]}}