{"id":1807,"date":"2024-12-07T11:16:19","date_gmt":"2024-12-07T02:16:19","guid":{"rendered":"https:\/\/www.bronchologyfoundation.org\/?page_id=1807"},"modified":"2025-08-04T09:23:55","modified_gmt":"2025-08-04T00:23:55","slug":"policies","status":"publish","type":"page","link":"https:\/\/www.wabip.com\/es\/about\/policies\/","title":{"rendered":"Pol\u00edticas"},"content":{"rendered":"<div class=\"h5-bar\">Pol\u00edticas<\/div>\n\n<p>Como una organizaci\u00f3n internacional prominente, la WABIP tiene un papel y una responsabilidad crecientes en el desarrollo de pol\u00edticas relacionadas con el funcionamiento \u00e9tico de una organizaci\u00f3n profesional m\u00e9dica sin fines de lucro, as\u00ed como en el desarrollo y\/o apoyo de pol\u00edticas espec\u00edficas relacionadas con el cuidado de salud que afectan a pacientes con trastornos de las v\u00edas respiratorias, pulmonares, pleurales y esof\u00e1gicos. La WABIP se esfuerza por colaborar con otras organizaciones internacionales y nacionales para ayudar a aumentar la conciencia sobre ciertos procesos de enfermedad, tecnolog\u00edas y t\u00e9cnicas de procedimiento en beneficio de los m\u00e9dicos y de una sociedad global.<\/p>\n\n<div class=\"h5-bar\">Estatutos<\/div>\n\n<center><a href=\"\/wp-content\/downloads\/policies\/WABIP Bylaws (Oct 23, 2024).pdf\" target=\"new\"><img src=\"\/wp-content\/uploads\/643899274b82e-download-pdf.png\" style=\"max-width:100px;\"><\/a><br>Versi\u00f3n de Estatutos: 23 de octubre, 2024<\/center>\n\n<br><br>\n<center><a href=\"\/wp-content\/downloads\/policies\/WABIP Rules of Procedures (Apr 18, 2023).pdf\" target=\"new\"><img src=\"\/wp-content\/uploads\/643899274b82e-download-pdf.png\" style=\"max-width:100px;\"><\/a><br>Versi\u00f3n de Reglas de Procedimientos: 18 de abril, 2023<\/center>\n\n\n<div class=\"h5-bar\">Conflicto de Inter\u00e9s<\/div>\n\nNuestra Pol\u00edtica y Reglas de Conflicto de Inter\u00e9s fueron dise\u00f1adas para garantizar la transparencia mientras protegiendo la integridad de los individuos que participan en los Ejecutivos de WABIP, Junta de Regentes (\"BOR\"), comit\u00e9s, grupos de trabajo, paneles de directrices, o individuos que participan de otras maneras en el desarrollo e implementaci\u00f3n de productos o servicios de WABIP. \n<br><br>\nPor favor, encuentre el documento completo de la <a href=\"\/about\/policies\/coi\">Pol\u00edtica y Reglas de COI aqu\u00ed<\/a>. Este documento se aplica a todos los formularios de solicitud para posiciones de liderazgo de WABIP como:\n\n<br>\n<br>\n<ul>\n<li><a href=\"\/forms\/regent\">Solicitud para Membres\u00eda en la Junta de Regentes de WABIP<\/a><\/li>\n<li><a href=\"\/forms\/committees\">Solicitud para Membres\u00eda en los Comit\u00e9s de WABIP<\/a><\/li>\n<\/ul>","protected":false},"excerpt":{"rendered":"<p>Pol\u00edticas Como una organizaci\u00f3n internacional prominente, la WABIP tiene un papel y una responsabilidad crecientes en el desarrollo de pol\u00edticas relacionadas con el funcionamiento \u00e9tico de [&hellip;]<\/p>\n","protected":false},"author":1,"featured_media":0,"parent":1792,"menu_order":0,"comment_status":"closed","ping_status":"closed","template":"","meta":{"site-sidebar-layout":"default","site-content-layout":"","ast-site-content-layout":"default","site-content-style":"default","site-sidebar-style":"default","ast-global-header-display":"","ast-banner-title-visibility":"","ast-main-header-display":"","ast-hfb-above-header-display":"","ast-hfb-below-header-display":"","ast-hfb-mobile-header-display":"","site-post-title":"","ast-breadcrumbs-content":"","ast-featured-img":"","footer-sml-layout":"","ast-disable-related-posts":"","theme-transparent-header-meta":"default","adv-header-id-meta":"","stick-header-meta":"default","header-above-stick-meta":"","header-main-stick-meta":"","header-below-stick-meta":"","astra-migrate-meta-layouts":"set","ast-page-background-enabled":"default","ast-page-background-meta":{"desktop":{"background-color":"var(--ast-global-color-4)","background-image":"","background-repeat":"repeat","background-position":"center center","background-size":"auto","background-attachment":"scroll","background-type":"","background-media":"","overlay-type":"","overlay-color":"","overlay-opacity":"","overlay-gradient":""},"tablet":{"background-color":"","background-image":"","background-repeat":"repeat","background-position":"center center","background-size":"auto","background-attachment":"scroll","background-type":"","background-media":"","overlay-type":"","overlay-color":"","overlay-opacity":"","overlay-gradient":""},"mobile":{"background-color":"","background-image":"","background-repeat":"repeat","background-position":"center center","background-size":"auto","background-attachment":"scroll","background-type":"","background-media":"","overlay-type":"","overlay-color":"","overlay-opacity":"","overlay-gradient":""}},"ast-content-background-meta":{"desktop":{"background-color":"var(--ast-global-color-5)","background-image":"","background-repeat":"repeat","background-position":"center center","background-size":"auto","background-attachment":"scroll","background-type":"","background-media":"","overlay-type":"","overlay-color":"","overlay-opacity":"","overlay-gradient":""},"tablet":{"background-color":"var(--ast-global-color-5)","background-image":"","background-repeat":"repeat","background-position":"center center","background-size":"auto","background-attachment":"scroll","background-type":"","background-media":"","overlay-type":"","overlay-color":"","overlay-opacity":"","overlay-gradient":""},"mobile":{"background-color":"var(--ast-global-color-5)","background-image":"","background-repeat":"repeat","background-position":"center center","background-size":"auto","background-attachment":"scroll","background-type":"","background-media":"","overlay-type":"","overlay-color":"","overlay-opacity":"","overlay-gradient":""}},"footnotes":""},"class_list":["post-1807","page","type-page","status-publish","hentry"],"_links":{"self":[{"href":"https:\/\/www.wabip.com\/es\/wp-json\/wp\/v2\/pages\/1807","targetHints":{"allow":["GET"]}}],"collection":[{"href":"https:\/\/www.wabip.com\/es\/wp-json\/wp\/v2\/pages"}],"about":[{"href":"https:\/\/www.wabip.com\/es\/wp-json\/wp\/v2\/types\/page"}],"author":[{"embeddable":true,"href":"https:\/\/www.wabip.com\/es\/wp-json\/wp\/v2\/users\/1"}],"replies":[{"embeddable":true,"href":"https:\/\/www.wabip.com\/es\/wp-json\/wp\/v2\/comments?post=1807"}],"version-history":[{"count":0,"href":"https:\/\/www.wabip.com\/es\/wp-json\/wp\/v2\/pages\/1807\/revisions"}],"up":[{"embeddable":true,"href":"https:\/\/www.wabip.com\/es\/wp-json\/wp\/v2\/pages\/1792"}],"wp:attachment":[{"href":"https:\/\/www.wabip.com\/es\/wp-json\/wp\/v2\/media?parent=1807"}],"curies":[{"name":"wp","href":"https:\/\/api.w.org\/{rel}","templated":true}]}}