{"id":1794,"date":"2024-12-07T11:14:17","date_gmt":"2024-12-07T02:14:17","guid":{"rendered":"https:\/\/www.bronchologyfoundation.org\/?page_id=1794"},"modified":"2024-12-30T11:00:32","modified_gmt":"2024-12-30T02:00:32","slug":"history","status":"publish","type":"page","link":"https:\/\/www.wabip.com\/es\/about\/history\/","title":{"rendered":"Historia"},"content":{"rendered":"<div class=\"h5-bar\">Historia<\/div>\n\n<p><img src=\"\/wp-content\/images\/_articles\/ikeda-sensei.jpg\" class=\"wrap-left\" style=\"width:35%;max-width:250px\" \/>Originalmente conocida como la <i>World Association for Bronchology<\/i>, esta organizaci\u00f3n fue fundada en Jap\u00f3n en 1978 por el Dr. Shigeto Ikeda, un cirujano tor\u00e1cico y bronc\u00f3logo japon\u00e9s responsable del desarrollo del broncoscopio flexible de fibra \u00f3ptica a finales de los a\u00f1os 60. Tras el fallecimiento del Dr. Ikeda en 2001, la presidencia de la WABIP fue consecutivamente ocupada por los Doctores Hirokuni Yoshimura (Jap\u00f3n), Udaya BS Prakash (Estados Unidos) y Pablo D\u00edaz (Espa\u00f1a). Durante todo este per\u00edodo, el Secretario General de la organizaci\u00f3n fue el Profesor J. Patrick Barron, un acad\u00e9mico y educador de reconocimiento internacional que trabajaba en la Universidad M\u00e9dica de Tokio.<\/p>\n<p>Considerando la expansi\u00f3n de los procedimientos m\u00ednimamente invasivos y la mayor concienciaci\u00f3n sobre los procesos de enfermedades y t\u00e9cnicas disponibles para los miembros individuales, en gran medida debido a los numerosos congresos y talleres pr\u00e1cticos bien atendidos, pero tambi\u00e9n como resultado del crecimiento natural del campo, se design\u00f3 un grupo de trabajo para discutir el futuro de la sociedad. El grupo propuso que la organizaci\u00f3n abarque m\u00e1s parte del mundo, mientras incorpora m\u00e1s colegas a costos m\u00e1s bajos en un intento de ser cada vez m\u00e1s inclusiva, transparente y de honrar la nueva misi\u00f3n y objetivos de esta sociedad verdaderamente internacional.<\/p>\n<p>El nombre de la sociedad se cambi\u00f3 a <i>The World Association for Bronchology and Interventional Pulmonology<\/i> (WABIP) para abarcar a miembros de la salud y la industria con intereses en procedimientos, tecnolog\u00edas y procesos de enfermedades de las v\u00edas respiratorias, pulm\u00f3n, pleura y es\u00f3fago. Con el fin de reforzar los lazos globales no solo de los miembros individuales, sino tambi\u00e9n de las sociedades nacionales y regionales, la membres\u00eda ser\u00eda en su mayor\u00eda en bloque. Estos cambios fueron anunciados y aprobados en la reuni\u00f3n anual de la Junta de Regentes celebrada durante la conferencia de 2010 en Budapest, Hungr\u00eda.<\/p>\n\nPara una lista completa de los presidentes anteriores de WABIP, vea \u2192 <a href=\"..\/council-past-chairs\">Consejo de Presidentes Anteriores<\/a>","protected":false},"excerpt":{"rendered":"<p>Historia Originalmente conocida como la World Association for Bronchology, esta organizaci\u00f3n fue fundada en Jap\u00f3n en 1978 por el Dr. Shigeto Ikeda, un cirujano tor\u00e1cico y [&hellip;]<\/p>\n","protected":false},"author":1,"featured_media":0,"parent":1792,"menu_order":0,"comment_status":"closed","ping_status":"closed","template":"","meta":{"site-sidebar-layout":"default","site-content-layout":"","ast-site-content-layout":"default","site-content-style":"default","site-sidebar-style":"default","ast-global-header-display":"","ast-banner-title-visibility":"","ast-main-header-display":"","ast-hfb-above-header-display":"","ast-hfb-below-header-display":"","ast-hfb-mobile-header-display":"","site-post-title":"","ast-breadcrumbs-content":"","ast-featured-img":"","footer-sml-layout":"","ast-disable-related-posts":"","theme-transparent-header-meta":"default","adv-header-id-meta":"","stick-header-meta":"default","header-above-stick-meta":"","header-main-stick-meta":"","header-below-stick-meta":"","astra-migrate-meta-layouts":"set","ast-page-background-enabled":"default","ast-page-background-meta":{"desktop":{"background-color":"var(--ast-global-color-4)","background-image":"","background-repeat":"repeat","background-position":"center center","background-size":"auto","background-attachment":"scroll","background-type":"","background-media":"","overlay-type":"","overlay-color":"","overlay-opacity":"","overlay-gradient":""},"tablet":{"background-color":"","background-image":"","background-repeat":"repeat","background-position":"center center","background-size":"auto","background-attachment":"scroll","background-type":"","background-media":"","overlay-type":"","overlay-color":"","overlay-opacity":"","overlay-gradient":""},"mobile":{"background-color":"","background-image":"","background-repeat":"repeat","background-position":"center center","background-size":"auto","background-attachment":"scroll","background-type":"","background-media":"","overlay-type":"","overlay-color":"","overlay-opacity":"","overlay-gradient":""}},"ast-content-background-meta":{"desktop":{"background-color":"var(--ast-global-color-5)","background-image":"","background-repeat":"repeat","background-position":"center center","background-size":"auto","background-attachment":"scroll","background-type":"","background-media":"","overlay-type":"","overlay-color":"","overlay-opacity":"","overlay-gradient":""},"tablet":{"background-color":"var(--ast-global-color-5)","background-image":"","background-repeat":"repeat","background-position":"center center","background-size":"auto","background-attachment":"scroll","background-type":"","background-media":"","overlay-type":"","overlay-color":"","overlay-opacity":"","overlay-gradient":""},"mobile":{"background-color":"var(--ast-global-color-5)","background-image":"","background-repeat":"repeat","background-position":"center center","background-size":"auto","background-attachment":"scroll","background-type":"","background-media":"","overlay-type":"","overlay-color":"","overlay-opacity":"","overlay-gradient":""}},"footnotes":""},"class_list":["post-1794","page","type-page","status-publish","hentry"],"_links":{"self":[{"href":"https:\/\/www.wabip.com\/es\/wp-json\/wp\/v2\/pages\/1794","targetHints":{"allow":["GET"]}}],"collection":[{"href":"https:\/\/www.wabip.com\/es\/wp-json\/wp\/v2\/pages"}],"about":[{"href":"https:\/\/www.wabip.com\/es\/wp-json\/wp\/v2\/types\/page"}],"author":[{"embeddable":true,"href":"https:\/\/www.wabip.com\/es\/wp-json\/wp\/v2\/users\/1"}],"replies":[{"embeddable":true,"href":"https:\/\/www.wabip.com\/es\/wp-json\/wp\/v2\/comments?post=1794"}],"version-history":[{"count":0,"href":"https:\/\/www.wabip.com\/es\/wp-json\/wp\/v2\/pages\/1794\/revisions"}],"up":[{"embeddable":true,"href":"https:\/\/www.wabip.com\/es\/wp-json\/wp\/v2\/pages\/1792"}],"wp:attachment":[{"href":"https:\/\/www.wabip.com\/es\/wp-json\/wp\/v2\/media?parent=1794"}],"curies":[{"name":"wp","href":"https:\/\/api.w.org\/{rel}","templated":true}]}}