{"id":1792,"date":"2024-12-07T11:12:23","date_gmt":"2024-12-07T02:12:23","guid":{"rendered":"https:\/\/www.bronchologyfoundation.org\/?page_id=1792"},"modified":"2025-08-21T08:35:37","modified_gmt":"2025-08-20T23:35:37","slug":"about","status":"publish","type":"page","link":"https:\/\/www.wabip.com\/es\/about\/","title":{"rendered":"Acerca de la WABIP"},"content":{"rendered":"<div class=\"h5-bar\">Descripci\u00f3n General<\/div>\n\n<p>La <strong>World Association for Bronchology and Interventional Pulmonology<\/strong> (WABIP) es una organizaci\u00f3n sin fines de lucro registrada oficialmente en Tokio, Jap\u00f3n, y est\u00e1 compuesta por m\u00e1s de 12,500 profesionales de la medicina en representaci\u00f3n de m\u00e1s de 65 sociedades regionales y nacionales.<\/p>\n\n<p>La misi\u00f3n de esta organizaci\u00f3n internacional es conectar una red creciente de m\u00e9dicos especialistas, profesionales de la salud y expertos de la industria\/tecnolog\u00eda dedicados al arte y la ciencia de las enfermedades de las v\u00edas respiratorias, los pulmones y el es\u00f3fago. <\/p>\n\n<p>Estamos comprometidos con el uso de nuevas tecnolog\u00edas para mejorar el desempe\u00f1o y la comunicaci\u00f3n de los m\u00e9dicos, para que los pacientes puedan beneficiarse m\u00e1s r\u00e1pidamente del creciente n\u00famero de procedimientos m\u00e9dicos y quir\u00fargicos disponibles para el diagn\u00f3stico y tratamiento de enfermedades de las v\u00edas respiratorias, los pulmones, el es\u00f3fago y la pleura.<\/p>\n\n<p>La WABIP da la bienvenida a individuos y grupos a experimentar los beneficios de la membres\u00eda y la colegialidad que se encuentra al trabajar con un prop\u00f3sito com\u00fan para diagnosticar, tratar, prevenir y, en \u00faltima instancia, erradicar las enfermedades de las v\u00edas respiratorias, los pulmones, la pleura y el es\u00f3fago.<\/p>","protected":false},"excerpt":{"rendered":"<p>Descripci\u00f3n General La World Association for Bronchology and Interventional Pulmonology (WABIP) es una organizaci\u00f3n sin fines de lucro registrada oficialmente en Tokio, Jap\u00f3n, y est\u00e1 compuesta [&hellip;]<\/p>\n","protected":false},"author":1,"featured_media":0,"parent":0,"menu_order":0,"comment_status":"closed","ping_status":"closed","template":"","meta":{"site-sidebar-layout":"default","site-content-layout":"","ast-site-content-layout":"default","site-content-style":"default","site-sidebar-style":"default","ast-global-header-display":"","ast-banner-title-visibility":"","ast-main-header-display":"","ast-hfb-above-header-display":"","ast-hfb-below-header-display":"","ast-hfb-mobile-header-display":"","site-post-title":"","ast-breadcrumbs-content":"","ast-featured-img":"","footer-sml-layout":"","ast-disable-related-posts":"","theme-transparent-header-meta":"default","adv-header-id-meta":"","stick-header-meta":"default","header-above-stick-meta":"","header-main-stick-meta":"","header-below-stick-meta":"","astra-migrate-meta-layouts":"set","ast-page-background-enabled":"default","ast-page-background-meta":{"desktop":{"background-color":"var(--ast-global-color-4)","background-image":"","background-repeat":"repeat","background-position":"center center","background-size":"auto","background-attachment":"scroll","background-type":"","background-media":"","overlay-type":"","overlay-color":"","overlay-opacity":"","overlay-gradient":""},"tablet":{"background-color":"","background-image":"","background-repeat":"repeat","background-position":"center center","background-size":"auto","background-attachment":"scroll","background-type":"","background-media":"","overlay-type":"","overlay-color":"","overlay-opacity":"","overlay-gradient":""},"mobile":{"background-color":"","background-image":"","background-repeat":"repeat","background-position":"center center","background-size":"auto","background-attachment":"scroll","background-type":"","background-media":"","overlay-type":"","overlay-color":"","overlay-opacity":"","overlay-gradient":""}},"ast-content-background-meta":{"desktop":{"background-color":"var(--ast-global-color-5)","background-image":"","background-repeat":"repeat","background-position":"center center","background-size":"auto","background-attachment":"scroll","background-type":"","background-media":"","overlay-type":"","overlay-color":"","overlay-opacity":"","overlay-gradient":""},"tablet":{"background-color":"var(--ast-global-color-5)","background-image":"","background-repeat":"repeat","background-position":"center center","background-size":"auto","background-attachment":"scroll","background-type":"","background-media":"","overlay-type":"","overlay-color":"","overlay-opacity":"","overlay-gradient":""},"mobile":{"background-color":"var(--ast-global-color-5)","background-image":"","background-repeat":"repeat","background-position":"center center","background-size":"auto","background-attachment":"scroll","background-type":"","background-media":"","overlay-type":"","overlay-color":"","overlay-opacity":"","overlay-gradient":""}},"footnotes":""},"class_list":["post-1792","page","type-page","status-publish","hentry"],"_links":{"self":[{"href":"https:\/\/www.wabip.com\/es\/wp-json\/wp\/v2\/pages\/1792","targetHints":{"allow":["GET"]}}],"collection":[{"href":"https:\/\/www.wabip.com\/es\/wp-json\/wp\/v2\/pages"}],"about":[{"href":"https:\/\/www.wabip.com\/es\/wp-json\/wp\/v2\/types\/page"}],"author":[{"embeddable":true,"href":"https:\/\/www.wabip.com\/es\/wp-json\/wp\/v2\/users\/1"}],"replies":[{"embeddable":true,"href":"https:\/\/www.wabip.com\/es\/wp-json\/wp\/v2\/comments?post=1792"}],"version-history":[{"count":0,"href":"https:\/\/www.wabip.com\/es\/wp-json\/wp\/v2\/pages\/1792\/revisions"}],"wp:attachment":[{"href":"https:\/\/www.wabip.com\/es\/wp-json\/wp\/v2\/media?parent=1792"}],"curies":[{"name":"wp","href":"https:\/\/api.w.org\/{rel}","templated":true}]}}