{"id":1503,"date":"2024-12-06T16:57:27","date_gmt":"2024-12-06T07:57:27","guid":{"rendered":"https:\/\/www.bronchologyfoundation.org\/?page_id=1503"},"modified":"2026-01-29T14:34:19","modified_gmt":"2026-01-29T05:34:19","slug":"newsletter","status":"publish","type":"page","link":"https:\/\/www.wabip.com\/es\/newsletter\/","title":{"rendered":"Hoja Informativa"},"content":{"rendered":"La Hoja Informativa de WABIP es un servicio tri-anual que proporciona las \u00faltimas noticias, ideas, aviso anticipado de tendencias, casos de estudio y consejos pragm\u00e1ticos sobre los desarrollos que promueven el arte y la ciencia de la broncolog\u00eda y la neumolog\u00eda intervencionista.<br \/> <br \/> Las nuevas ediciones son entregadas electr\u00f3nicamente a los miembros de WABIP y a aquellos que se unan a nuestra lista de correo. Si desea suscribirse o ver ediciones archivadas, por favor vea abajo.<br \/>\n\n<br \/>\u2022 Editor en Jefe: Dr. Kazuhiro Yasufuku\n<br \/>\u2022 Editor Asociado: Dr. Ali Musani\n<br \/>\u2022 Editor Asociado: Dr. Septimiu Murgu\n<br \/>\u2022 Administradora: Judy McConnell, CCRP <br \/><br \/>\n\nPara oportunidades de <strong>publicidad<\/strong> en la Hoja Informativa, por favor vea nuestro <a href=\"\/wp-content\/downloads\/newsletter\/WABIP_Newsletter_Advertising_RATECARD.pdf\">Tarifario<\/a>.\n<br><br>\n\n<h5 class=\"h5-bar\">Suscribirse<\/h5>\n\nReciba nuevas ediciones en su correo electr\u00f3nico:\n<div class=\"simple-form-wrapper\" data-form-id=\"subscribe\"><style>\n            .simple-form input.has-error {\n                border-color: #dc3545;\n                background-color: #fff8f8;\n            }\n            .simple-form input.has-error:focus {\n                box-shadow: 0 0 0 0.2rem rgba(220,53,69,.25);\n                outline: none;\n            }\n            .required-field::after {\n                content: \"*\";\n                color: #dc3545;\n                margin-left: 4px;\n                display: inline-block;\n            }\n        <\/style><form class=\"simple-form\" id=\"simple-form-subscribe\"><input type=\"hidden\" id=\"form_nonce\" name=\"simple_form_nonce\" value=\"617892e93f\"><input type=\"hidden\" name=\"form_instance_token\" value=\"016a5b612d\"><input type=\"hidden\" name=\"form_id\" value=\"subscribe\"><input type=\"hidden\" name=\"uploaded_file_data\" value=\"\" class=\"uploaded_file_data\">Subscribe to our mailing list!\n<div class=\"form-textbox\"><label for=\"fullname\" class=\"label-fullname required-field\">Your Name<\/label><input type=\"text\" name=\"fullname\" class=\"simple-form-input input-fullname\" data-validation=\"none\" required  placeholder=\"required\" maxlength=\"100\"><\/div><div class=\"form-textbox\"><label for=\"email\" class=\"label-email required-field\">Your Email<\/label><input type=\"email\" name=\"email\" class=\"simple-form-input input-email\" data-validation=\"email\" required  placeholder=\"required\" maxlength=\"100\" value=\"\"><\/div><button type=\"submit\" class=\"simple-form-submit\">Submit<\/button><\/form><\/div>\n\n<br><br>\n<a name=\"archived\"><\/a>\n\n\n<h5 class=\"h5-bar\">Ediciones Archivadas<\/h5>\n<ul>  \n\n<li><a href=\"\/news\/656-newsletter-2024-3\">Volumen 12, Edici\u00f3n 3 (Septiembre, 2024)<\/a><\/li>\n<li><a href=\"\/news\/649-newsletter-2024-2\">Volumen 12, Edici\u00f3n 2 (Junio, 2024)<\/a><\/li>\n<li><a href=\"\/news\/626-newsletter-2024-1\">Volumen 12, Edici\u00f3n 1 (Enero, 2024)<\/a><\/li>\n<li><a href=\"\/news\/597-newsletter-2023-2\">Volumen 11, Edici\u00f3n 2 (Mayo, 2023)<\/a><\/li>\n<li><a href=\"\/news\/580-newsletter-2023-1\">Volumen 11, Edici\u00f3n 1 (Enero, 2023)<\/a><\/li>\n\n<li><a href=\"\/news\/563-newsletter-2022-3\">Volumen 10, Edici\u00f3n 3 (Septiembre, 2022)<\/a><\/li>\n<li><a href=\"\/news\/556-newsletter-2022-2\">Volumen 10, Edici\u00f3n 2 (Mayo, 2022)<\/a><\/li>\n<li><a href=\"\/news\/543-newsletter10-1\">Volumen 10, Edici\u00f3n 1 (Enero, 2022)<\/a><\/li>\n\n<li><a href=\"\/news\/537-newsletter9-3\">Volumen 9, Edici\u00f3n 3 (Octubre, 2021)<\/a><\/li>\n<li><a href=\"\/news\/528-newsletter-2021-issue2\">Volumen 9, Edici\u00f3n 2 (Mayo, 2021)<\/a><\/li>\n<li><a href=\"\/news\/519-newsletter-2021-issue1\">Volumen 9, Edici\u00f3n 1 (Enero, 2021)<\/a><\/li>\n\n<li><a href=\"\/news\/508-newsletter-2020-issue3\">Volumen 8, Edici\u00f3n 3 (Septiembre, 2020)<\/a><\/li>\n<li><a href=\"\/news\/499-newslettervol8-issue2\">Volumen 8, Edici\u00f3n 2 (Mayo, 2020)<\/a><\/li>\n<li><a href=\"\/news\/486-newsletter-vol8issue1\">Volumen 8, Edici\u00f3n 1 (Enero, 2020)<\/a><\/li>\n\n<li><a href=\"\/news\/465-newsletter-vol7issue3\">Volumen 7, Edici\u00f3n 3 (Septiembre, 2019)<\/a><\/li>\n<li><a href=\"\/news\/441-newsletter-vol7issue2\">Volumen 7, Edici\u00f3n 2 (Mayo, 2019)<\/a><\/li>\n<li><a href=\"\/news\/404-newsletter2019-1\">Volumen 7, Edici\u00f3n 1 (Enero, 2019)<\/a><\/li>\n\n<li><a href=\"\/news\/389-newsletter-2018-issue3\">Volumen 6, Edici\u00f3n 3 (Septiembre, 2018)<\/a><\/li>\n<li><a href=\"\/news\/372-newsletter-2018-issue2\">Volumen 6, Edici\u00f3n 2 (Mayo, 2018)<\/a><\/li>\n<li><a href=\"\/news\/333-newsletter2018\">Volumen 6, Edici\u00f3n 1 (Enero, 2018)<\/a><\/li>\n\n<li><a href=\"\/news\/317-newsletter-v5-issue3\">Volumen 5, Edici\u00f3n 3 (Septiembre, 2017)<\/a><\/li>\n<li><a href=\"\/news\/301-newsletter2017-issue2\">Volumen 5, Edici\u00f3n 2 (Mayo, 2017)<\/a><\/li>\n<li><a href=\"\/wp-content\/downloads\/newsletter\/WABIP_Newsletter_2017_Issue1.pdf\">Volumen 5, Edici\u00f3n 1 (Enero, 2017)<\/a><\/li>\n\n<li><a href=\"\/wp-content\/downloads\/newsletter\/WABIP_Newsletter_2016_Issue3.pdf\">Volumen 4, Edici\u00f3n 3 (Septiembre, 2016)<\/a><\/li>\n<li><a href=\"\/wp-content\/downloads\/newsletter\/WABIP_Newsletter_2016_Issue2.pdf\">Volumen 4, Edici\u00f3n 2 (Junio, 2016)<\/a><\/li>\n<li><a href=\"\/wp-content\/downloads\/newsletter\/WABIP_Newsletter_2016_Issue1.pdf\">Volumen 4, Edici\u00f3n 1 (Enero, 2016)<\/a><\/li>\n\n<li><a href=\"\/wp-content\/downloads\/newsletter\/WABIP_Newsletter_2015_Issue3.pdf\">Volumen 3, Edici\u00f3n 3 (Octubre, 2015)<\/a><\/li>\n<li><a href=\"\/wp-content\/downloads\/newsletter\/WABIP_Newsletter_2015_Issue2.pdf\">Volumen 3, Edici\u00f3n 2 (Junio, 2015)<\/a><\/li>\n<li><a href=\"\/wp-content\/downloads\/newsletter\/WABIP_Newsletter_2015_Issue1.pdf\">Volumen 3, Edici\u00f3n 1 (Enero, 2015)<\/a><\/li>\n\n<li><a href=\"\/wp-content\/downloads\/newsletter\/WABIP_Newsletter_2014_Issue3.pdf\">Volumen 2, Edici\u00f3n 3 (Septiembre, 2014)<\/a><\/li>\n<li><a href=\"\/wp-content\/downloads\/newsletter\/WABIP_Newsletter_2014_Issue2.pdf\">Volumen 2, Edici\u00f3n 2 (Mayo, 2014)<\/a><\/li>\n<li><a href=\"\/wp-content\/downloads\/newsletter\/WABIP_Newsletter_2014_Issue1.pdf\">Volumen 2, Edici\u00f3n 1 (Enero, 2014)<\/a><\/li> \n\n<li><a href=\"\/wp-content\/downloads\/newsletter\/WABIP_Newsletter_2013_Issue3.pdf\">Volumen 1, Edici\u00f3n 3 (Septiembre, 2013)<\/a><\/li> \n<li><a href=\"\/wp-content\/downloads\/newsletter\/WABIP_Newsletter_2013_Issue2.pdf\">Volumen 1, Edici\u00f3n 2 (Mayo, 2013)<\/a><\/li>\n<li><a href=\"\/wp-content\/downloads\/newsletter\/WABIP_Newsletter_2013_Issue1.pdf\">Volumen 1, Edici\u00f3n 1 (Enero, 2013)<\/a><\/li>\n <\/ul>","protected":false},"excerpt":{"rendered":"<p>La Hoja Informativa de WABIP es un servicio tri-anual que proporciona las \u00faltimas noticias, ideas, aviso anticipado de tendencias, casos de estudio y consejos pragm\u00e1ticos sobre [&hellip;]<\/p>\n","protected":false},"author":1,"featured_media":0,"parent":0,"menu_order":0,"comment_status":"closed","ping_status":"closed","template":"","meta":{"site-sidebar-layout":"default","site-content-layout":"","ast-site-content-layout":"default","site-content-style":"default","site-sidebar-style":"default","ast-global-header-display":"","ast-banner-title-visibility":"","ast-main-header-display":"","ast-hfb-above-header-display":"","ast-hfb-below-header-display":"","ast-hfb-mobile-header-display":"","site-post-title":"","ast-breadcrumbs-content":"","ast-featured-img":"","footer-sml-layout":"","ast-disable-related-posts":"","theme-transparent-header-meta":"default","adv-header-id-meta":"","stick-header-meta":"default","header-above-stick-meta":"","header-main-stick-meta":"","header-below-stick-meta":"","astra-migrate-meta-layouts":"set","ast-page-background-enabled":"default","ast-page-background-meta":{"desktop":{"background-color":"var(--ast-global-color-4)","background-image":"","background-repeat":"repeat","background-position":"center center","background-size":"auto","background-attachment":"scroll","background-type":"","background-media":"","overlay-type":"","overlay-color":"","overlay-opacity":"","overlay-gradient":""},"tablet":{"background-color":"","background-image":"","background-repeat":"repeat","background-position":"center center","background-size":"auto","background-attachment":"scroll","background-type":"","background-media":"","overlay-type":"","overlay-color":"","overlay-opacity":"","overlay-gradient":""},"mobile":{"background-color":"","background-image":"","background-repeat":"repeat","background-position":"center center","background-size":"auto","background-attachment":"scroll","background-type":"","background-media":"","overlay-type":"","overlay-color":"","overlay-opacity":"","overlay-gradient":""}},"ast-content-background-meta":{"desktop":{"background-color":"var(--ast-global-color-5)","background-image":"","background-repeat":"repeat","background-position":"center center","background-size":"auto","background-attachment":"scroll","background-type":"","background-media":"","overlay-type":"","overlay-color":"","overlay-opacity":"","overlay-gradient":""},"tablet":{"background-color":"var(--ast-global-color-5)","background-image":"","background-repeat":"repeat","background-position":"center center","background-size":"auto","background-attachment":"scroll","background-type":"","background-media":"","overlay-type":"","overlay-color":"","overlay-opacity":"","overlay-gradient":""},"mobile":{"background-color":"var(--ast-global-color-5)","background-image":"","background-repeat":"repeat","background-position":"center center","background-size":"auto","background-attachment":"scroll","background-type":"","background-media":"","overlay-type":"","overlay-color":"","overlay-opacity":"","overlay-gradient":""}},"footnotes":""},"class_list":["post-1503","page","type-page","status-publish","hentry"],"_links":{"self":[{"href":"https:\/\/www.wabip.com\/es\/wp-json\/wp\/v2\/pages\/1503","targetHints":{"allow":["GET"]}}],"collection":[{"href":"https:\/\/www.wabip.com\/es\/wp-json\/wp\/v2\/pages"}],"about":[{"href":"https:\/\/www.wabip.com\/es\/wp-json\/wp\/v2\/types\/page"}],"author":[{"embeddable":true,"href":"https:\/\/www.wabip.com\/es\/wp-json\/wp\/v2\/users\/1"}],"replies":[{"embeddable":true,"href":"https:\/\/www.wabip.com\/es\/wp-json\/wp\/v2\/comments?post=1503"}],"version-history":[{"count":0,"href":"https:\/\/www.wabip.com\/es\/wp-json\/wp\/v2\/pages\/1503\/revisions"}],"wp:attachment":[{"href":"https:\/\/www.wabip.com\/es\/wp-json\/wp\/v2\/media?parent=1503"}],"curies":[{"name":"wp","href":"https:\/\/api.w.org\/{rel}","templated":true}]}}