{"id":1501,"date":"2024-12-06T16:56:33","date_gmt":"2024-12-06T07:56:33","guid":{"rendered":"https:\/\/www.bronchologyfoundation.org\/?page_id=1501"},"modified":"2024-12-11T08:13:24","modified_gmt":"2024-12-10T23:13:24","slug":"journals","status":"publish","type":"page","link":"https:\/\/www.wabip.com\/es\/journals\/","title":{"rendered":"Revistas de la WABIP"},"content":{"rendered":"<style type=\"text\/css\">\n.journalblock {display:table; margin-bottom:18px;}\n.journalblock img {margin-right:20px; margin-bottom:7px; float:left;}\n.journalblock h4 {margin:0; padding:0; font-size:18px;}\n<\/style>\n\n<h5 class=\"h5-bar\" style=\"margin-top:0;\">Revistas Oficiales<\/h5>\n\n<div class=\"journalblock\">\n<a target=\"_blank\" href=\"http:\/\/www.karger.com\/Journal\/Home\/224278\"><img src=\"\/wp-content\/images\/_articles\/respiration.jpg\" style=\"border: 1px solid #eee;\"\/><\/a>\n \n<a target=\"_blank\" href=\"http:\/\/www.karger.com\/Journal\/Home\/224278\"><h4>Respiration<\/h4><\/a>\n<br>\n\n<strong>\u20ac110 EUR \/ $135 USD<\/strong> por una suscripci\u00f3n anual (solo para miembros)<br><br>\n\nLos miembros de la WABIP pueden encontrar el formulario de suscripci\u00f3n electr\u00f3nica en el \u00e1rea exclusiva para miembros de nuestro sitio web <a href=\"\/subscribe-respiration\">aqu\u00ed<\/a> (se requiere inicio de sesi\u00f3n).\n\n<br><br>\nRespiration re\u00fane los resultados de investigaciones cl\u00ednicas y experimentales sobre todos los aspectos del sistema respiratorio en salud y enfermedad. Se cubren las mejoras cl\u00ednicas en el diagn\u00f3stico y tratamiento de enfermedades del pecho y los pulmones, as\u00ed como los \u00faltimos hallazgos en fisiolog\u00eda, bioqu\u00edmica, patolog\u00eda, inmunolog\u00eda y farmacolog\u00eda.\n<\/div>\n\n<hr>\n\n<div class=\"journalblock\">\n<a target=\"_blank\" href=\"http:\/\/journals.lww.com\/bronchology\/pages\/default.aspx\"><img src=\"\/wp-content\/images\/_articles\/jobip-cover.jpg\" style=\"border: 1px solid #aaa;\" \/><\/a>\n \n<a target=\"_blank\" href=\"http:\/\/journals.lww.com\/bronchology\/pages\/default.aspx\"><h4>Journal of Bronchology and Interventional Pulmonology<\/h4><\/a>\n<br>\n\n<strong>$35 USD<\/strong> por una suscripci\u00f3n anual (solo para miembros)<br><br>\n\nEsta suscripci\u00f3n es un plan solo en l\u00ednea y los miembros de la WABIP pueden encontrar el formulario de pedido de suscripci\u00f3n en el \u00e1rea exclusiva para miembros de nuestro sitio web <a href=\"login\">aqu\u00ed<\/a> (se requiere inicio de sesi\u00f3n).<br><br> \n\nJournal of Bronchology & Interventional Pulmonology es la primera revista dedicada exclusivamente a la broncoscopia y temas estrechamente relacionados. Proporciona informaci\u00f3n oportuna necesaria sobre el arte y la ciencia de uno de los procedimientos diagn\u00f3sticos y terap\u00e9uticos m\u00e1s importantes en medicina pulmonar. La revista presenta art\u00edculos originales y de revisi\u00f3n, reportes de casos, informes t\u00e9cnicos, consejos \"C\u00f3mo lo hago\" de expertos practicantes y \"Controversias en Broncoscopia.\"\n <\/div>\n<h5 class=\"h5-bar\">Revistas Afiliadas<\/h5>\n \n<div class=\"journalblock\">\n<a target=\"_blank\" href=\"https:\/\/www.jsre.org\/modules\/en\/index.php?content_id=7\"><img src=\"\/wp-content\/images\/_articles\/jsr-cover.jpg\" style=\"border: 1px solid #aaa;\"  \/><\/a>\n \n<a target=\"_blank\" href=\"https:\/\/www.jsre.org\/modules\/en\/index.php?content_id=7\"><h4>The Journal of the Japan Society for Respiratory Endoscopy<\/h4><\/a>\n<br>\n\nThe Journal of the Japan Society for Respiratory Endoscopy (JSRE) proporciona informaci\u00f3n de referencia integral y actualizada revisada por pares sobre endoscopia respiratoria, incluida la broncoscopia, la toracoscopia y temas estrechamente relacionados. Presenta art\u00edculos originales y de revisi\u00f3n, informes de casos e informes t\u00e9cnicos relacionados con la endoscopia respiratoria.\n<\/div>\n\n<hr>\n<div class=\"journalblock\">\n<a target=\"_blank\" href=\"http:\/\/onlinelibrary.wiley.com\/journal\/10.1111\/%28ISSN%291440-1843\"><img src=\"\/wp-content\/images\/_articles\/respirology2.jpg\" style=\"border:1px solid #ccc;\"   \/><\/a> \n<a target=\"_blank\" href=\"http:\/\/onlinelibrary.wiley.com\/journal\/10.1111\/%28ISSN%291440-1843\"><h4>Respirology<\/h4><\/a>\n<br>\nRespirology es una revista de prestigio internacional, que publica art\u00edculos revisados por pares de excelencia cient\u00edfica en biolog\u00eda respiratoria cl\u00ednica y experimental y su investigaci\u00f3n de campos relacionados, incluida la cirug\u00eda tor\u00e1cica, la neumolog\u00eda intervencionista, la inmunolog\u00eda, el cuidado intensivo y cr\u00edtico, la epidemiolog\u00eda, la biolog\u00eda celular y molecular, la patolog\u00eda, la farmacolog\u00eda, la fisiolog\u00eda y la medicina respiratoria pedi\u00e1trica.\n<\/div>\n\n\n<hr>\n\n<div class=\"journalblock\">\n<a target=\"_blank\" href=\"http:\/\/www.ramr.org.ar\/\"><img src=\"\/wp-content\/images\/_articles\/ramr.jpg\"  style=\"border: 1px solid #aaa;\" \/><\/a>\n \n<a target=\"_blank\" href=\"http:\/\/www.ramr.org.ar\/\"><h4>Revista Americana de Medicina Respiratoria<\/h4><\/a>\n<br>\n\nRevista Americana de Medicina Respiratoria (RAMR) es la publicaci\u00f3n oficial de la Asociaci\u00f3n Argentina de Medicina Respiratoria (AAMR), la Sociedad de Tisolog\u00eda y Enfermedades de T\u00f3rax del Uruguay, la Sociedad Paraguaya de Neumonolog\u00eda, la Sociedad Venezolana de Neumonolog\u00eda y Cirug\u00eda Tor\u00e1cica, la Sociedad Boliviana de Neumonolog\u00eda y la Sociedad Ecuatoriana de Neumolog\u00eda. Fundada en 2001, su objetivo es divulgar investigaciones m\u00e9dicas relacionadas con la medicina respiratoria, de cuidados cr\u00edticos y del sue\u00f1o, dedicadas a la medicina cl\u00ednica o experimental. Los contenidos incluyen investigaci\u00f3n original, art\u00edculos especiales, rondas cl\u00ednicas, presentaci\u00f3n de casos cl\u00ednicos, comentarios sobre art\u00edculos seleccionados publicados en la literatura m\u00e9dica actual, cartas al editor y otros.<br><br>\nDirigida a la comunidad de m\u00e9dicos y terapeutas respiratorios de Am\u00e9rica Latina, la revista se ha convertido en la publicaci\u00f3n m\u00e1s importante en Medicina Respiratoria en Argentina. Su enfoque es ser un instrumento adecuado para la comunidad cient\u00edfica. Sus objetivos son aumentar el n\u00famero y la calidad de las publicaciones y alcanzar un espectro m\u00e1s amplio de lectores y autores. Visite el <a href=\"http:\/\/www.ramr.org.ar\/\">sitio web oficial<\/a>.<br><br>\nFrecuencia: trimestral (4 n\u00fameros\/a\u00f1o). Revista Americana de Medicina Respiratoria est\u00e1 indexada por: LATINDEX, LILACS, CAICYT, SciELO\n\n<\/div>","protected":false},"excerpt":{"rendered":"<p>Revistas Oficiales Respiration \u20ac110 EUR \/ $135 USD por una suscripci\u00f3n anual (solo para miembros) Los miembros de la WABIP pueden encontrar el formulario de suscripci\u00f3n [&hellip;]<\/p>\n","protected":false},"author":1,"featured_media":0,"parent":0,"menu_order":0,"comment_status":"closed","ping_status":"closed","template":"","meta":{"site-sidebar-layout":"default","site-content-layout":"","ast-site-content-layout":"default","site-content-style":"default","site-sidebar-style":"default","ast-global-header-display":"","ast-banner-title-visibility":"","ast-main-header-display":"","ast-hfb-above-header-display":"","ast-hfb-below-header-display":"","ast-hfb-mobile-header-display":"","site-post-title":"","ast-breadcrumbs-content":"","ast-featured-img":"","footer-sml-layout":"","ast-disable-related-posts":"","theme-transparent-header-meta":"default","adv-header-id-meta":"","stick-header-meta":"default","header-above-stick-meta":"","header-main-stick-meta":"","header-below-stick-meta":"","astra-migrate-meta-layouts":"set","ast-page-background-enabled":"default","ast-page-background-meta":{"desktop":{"background-color":"var(--ast-global-color-4)","background-image":"","background-repeat":"repeat","background-position":"center center","background-size":"auto","background-attachment":"scroll","background-type":"","background-media":"","overlay-type":"","overlay-color":"","overlay-opacity":"","overlay-gradient":""},"tablet":{"background-color":"","background-image":"","background-repeat":"repeat","background-position":"center center","background-size":"auto","background-attachment":"scroll","background-type":"","background-media":"","overlay-type":"","overlay-color":"","overlay-opacity":"","overlay-gradient":""},"mobile":{"background-color":"","background-image":"","background-repeat":"repeat","background-position":"center center","background-size":"auto","background-attachment":"scroll","background-type":"","background-media":"","overlay-type":"","overlay-color":"","overlay-opacity":"","overlay-gradient":""}},"ast-content-background-meta":{"desktop":{"background-color":"var(--ast-global-color-5)","background-image":"","background-repeat":"repeat","background-position":"center center","background-size":"auto","background-attachment":"scroll","background-type":"","background-media":"","overlay-type":"","overlay-color":"","overlay-opacity":"","overlay-gradient":""},"tablet":{"background-color":"var(--ast-global-color-5)","background-image":"","background-repeat":"repeat","background-position":"center center","background-size":"auto","background-attachment":"scroll","background-type":"","background-media":"","overlay-type":"","overlay-color":"","overlay-opacity":"","overlay-gradient":""},"mobile":{"background-color":"var(--ast-global-color-5)","background-image":"","background-repeat":"repeat","background-position":"center center","background-size":"auto","background-attachment":"scroll","background-type":"","background-media":"","overlay-type":"","overlay-color":"","overlay-opacity":"","overlay-gradient":""}},"footnotes":""},"class_list":["post-1501","page","type-page","status-publish","hentry"],"_links":{"self":[{"href":"https:\/\/www.wabip.com\/es\/wp-json\/wp\/v2\/pages\/1501","targetHints":{"allow":["GET"]}}],"collection":[{"href":"https:\/\/www.wabip.com\/es\/wp-json\/wp\/v2\/pages"}],"about":[{"href":"https:\/\/www.wabip.com\/es\/wp-json\/wp\/v2\/types\/page"}],"author":[{"embeddable":true,"href":"https:\/\/www.wabip.com\/es\/wp-json\/wp\/v2\/users\/1"}],"replies":[{"embeddable":true,"href":"https:\/\/www.wabip.com\/es\/wp-json\/wp\/v2\/comments?post=1501"}],"version-history":[{"count":0,"href":"https:\/\/www.wabip.com\/es\/wp-json\/wp\/v2\/pages\/1501\/revisions"}],"wp:attachment":[{"href":"https:\/\/www.wabip.com\/es\/wp-json\/wp\/v2\/media?parent=1501"}],"curies":[{"name":"wp","href":"https:\/\/api.w.org\/{rel}","templated":true}]}}